{"id":35,"date":"2021-02-04T17:10:55","date_gmt":"2021-02-04T16:10:55","guid":{"rendered":"https:\/\/dev.wp.ejdern.org\/?page_id=35"},"modified":"2022-06-25T17:33:34","modified_gmt":"2022-06-25T16:33:34","slug":"turlista","status":"publish","type":"page","link":"https:\/\/dev.wp.ejdern.org\/fr_fr\/turlista\/","title":{"rendered":"Calendrier"},"content":{"rendered":"<div data-elementor-type=\"wp-page\" data-elementor-id=\"35\" class=\"elementor elementor-35\" data-elementor-post-type=\"page\">\n\t\t\t\t\t\t<section class=\"elementor-section elementor-top-section elementor-element elementor-element-ef26d08 elementor-section-boxed elementor-section-height-default elementor-section-height-default\" data-id=\"ef26d08\" data-element_type=\"section\" data-settings=\"{&quot;background_background&quot;:&quot;slideshow&quot;,&quot;background_slideshow_gallery&quot;:[],&quot;background_slideshow_loop&quot;:&quot;yes&quot;,&quot;background_slideshow_slide_duration&quot;:5000,&quot;background_slideshow_slide_transition&quot;:&quot;fade&quot;,&quot;background_slideshow_transition_duration&quot;:500}\">\n\t\t\t\t\t\t<div class=\"elementor-container elementor-column-gap-default\">\n\t\t\t\t\t<div class=\"elementor-column elementor-col-50 elementor-top-column elementor-element elementor-element-b3d7e49\" data-id=\"b3d7e49\" data-element_type=\"column\" data-settings=\"{&quot;background_background&quot;:&quot;classic&quot;}\">\n\t\t\t<div class=\"elementor-widget-wrap elementor-element-populated\">\n\t\t\t\t\t\t<div class=\"elementor-element elementor-element-b7dc07e elementor-widget elementor-widget-heading\" data-id=\"b7dc07e\" data-element_type=\"widget\" data-widget_type=\"heading.default\">\n\t\t\t\t<div class=\"elementor-widget-container\">\n\t\t\t<h2 class=\"elementor-heading-title elementor-size-default\">Calendrier<\/h2>\t\t<\/div>\n\t\t\t\t<\/div>\n\t\t\t\t<div class=\"elementor-element elementor-element-a97a183 elementor-widget elementor-widget-text-editor\" data-id=\"a97a183\" data-element_type=\"widget\" data-widget_type=\"text-editor.default\">\n\t\t\t\t<div class=\"elementor-widget-container\">\n\t\t\t\t\t\t\t<p>La liste des visites est susceptible d'\u00eatre modifi\u00e9e au cours de la saison.<br \/>Sous l'onglet Destinations, vous trouverez les horaires et les descriptions de chaque destination.<\/p>\t\t\t\t\t\t<\/div>\n\t\t\t\t<\/div>\n\t\t\t\t<div class=\"elementor-element elementor-element-8ead492 elementor-widget elementor-widget-heading\" data-id=\"8ead492\" data-element_type=\"widget\" data-widget_type=\"heading.default\">\n\t\t\t\t<div class=\"elementor-widget-container\">\n\t\t\t<h2 class=\"elementor-heading-title elementor-size-default\">Peut<\/h2>\t\t<\/div>\n\t\t\t\t<\/div>\n\t\t\t\t<div class=\"elementor-element elementor-element-17ab0a5 elementor-widget elementor-widget-shortcode\" data-id=\"17ab0a5\" data-element_type=\"widget\" data-widget_type=\"shortcode.default\">\n\t\t\t\t<div class=\"elementor-widget-container\">\n\t\t\t\t\t<div class=\"elementor-shortcode\">\t<\/div>\n\t\t\t\t<\/div>\n\t\t\t\t<\/div>\n\t\t\t\t<div class=\"elementor-element elementor-element-59107ac elementor-widget elementor-widget-heading\" data-id=\"59107ac\" data-element_type=\"widget\" data-widget_type=\"heading.default\">\n\t\t\t\t<div class=\"elementor-widget-container\">\n\t\t\t<h2 class=\"elementor-heading-title elementor-size-default\">Juin<\/h2>\t\t<\/div>\n\t\t\t\t<\/div>\n\t\t\t\t<div class=\"elementor-element elementor-element-b06c1fd elementor-widget elementor-widget-shortcode\" data-id=\"b06c1fd\" data-element_type=\"widget\" data-widget_type=\"shortcode.default\">\n\t\t\t\t<div class=\"elementor-widget-container\">\n\t\t\t\t\t<div class=\"elementor-shortcode\">\t<\/div>\n\t\t\t\t<\/div>\n\t\t\t\t<\/div>\n\t\t\t\t<div class=\"elementor-element elementor-element-d25ed44 elementor-widget elementor-widget-heading\" data-id=\"d25ed44\" data-element_type=\"widget\" data-widget_type=\"heading.default\">\n\t\t\t\t<div class=\"elementor-widget-container\">\n\t\t\t<h2 class=\"elementor-heading-title elementor-size-default\">Juillet<\/h2>\t\t<\/div>\n\t\t\t\t<\/div>\n\t\t\t\t<div class=\"elementor-element elementor-element-f93b771 elementor-widget elementor-widget-shortcode\" data-id=\"f93b771\" data-element_type=\"widget\" data-widget_type=\"shortcode.default\">\n\t\t\t\t<div class=\"elementor-widget-container\">\n\t\t\t\t\t<div class=\"elementor-shortcode\">\t<\/div>\n\t\t\t\t<\/div>\n\t\t\t\t<\/div>\n\t\t\t\t<div class=\"elementor-element elementor-element-2777e8f elementor-widget elementor-widget-heading\" data-id=\"2777e8f\" data-element_type=\"widget\" data-widget_type=\"heading.default\">\n\t\t\t\t<div class=\"elementor-widget-container\">\n\t\t\t<h2 class=\"elementor-heading-title elementor-size-default\">Ao\u00fbt<\/h2>\t\t<\/div>\n\t\t\t\t<\/div>\n\t\t\t\t<div class=\"elementor-element elementor-element-26ef84e elementor-widget elementor-widget-shortcode\" data-id=\"26ef84e\" data-element_type=\"widget\" data-widget_type=\"shortcode.default\">\n\t\t\t\t<div class=\"elementor-widget-container\">\n\t\t\t\t\t<div class=\"elementor-shortcode\">\t<\/div>\n\t\t\t\t<\/div>\n\t\t\t\t<\/div>\n\t\t\t\t<div class=\"elementor-element elementor-element-f28227e elementor-widget elementor-widget-heading\" data-id=\"f28227e\" data-element_type=\"widget\" data-widget_type=\"heading.default\">\n\t\t\t\t<div class=\"elementor-widget-container\">\n\t\t\t<h2 class=\"elementor-heading-title elementor-size-default\">Septembre<\/h2>\t\t<\/div>\n\t\t\t\t<\/div>\n\t\t\t\t<div class=\"elementor-element elementor-element-0733b85 elementor-widget elementor-widget-shortcode\" data-id=\"0733b85\" data-element_type=\"widget\" data-widget_type=\"shortcode.default\">\n\t\t\t\t<div class=\"elementor-widget-container\">\n\t\t\t\t\t<div class=\"elementor-shortcode\">\t<\/div>\n\t\t\t\t<\/div>\n\t\t\t\t<\/div>\n\t\t\t\t\t<\/div>\n\t\t<\/div>\n\t\t\t\t<div class=\"elementor-column elementor-col-50 elementor-top-column elementor-element elementor-element-e966e22\" data-id=\"e966e22\" data-element_type=\"column\" data-settings=\"{&quot;background_background&quot;:&quot;classic&quot;}\">\n\t\t\t<div class=\"elementor-widget-wrap elementor-element-populated\">\n\t\t\t\t\t\t<div class=\"elementor-element elementor-element-a40467d elementor-widget elementor-widget-heading\" data-id=\"a40467d\" data-element_type=\"widget\" data-widget_type=\"heading.default\">\n\t\t\t\t<div class=\"elementor-widget-container\">\n\t\t\t<h2 class=\"elementor-heading-title elementor-size-default\">Nos destinations 2022<\/h2>\t\t<\/div>\n\t\t\t\t<\/div>\n\t\t\t\t<div class=\"elementor-element elementor-element-8e61345 elementor-widget elementor-widget-text-editor\" data-id=\"8e61345\" data-element_type=\"widget\" data-widget_type=\"text-editor.default\">\n\t\t\t\t<div class=\"elementor-widget-container\">\n\t\t\t\t\t\t\t<p>Cet \u00e9t\u00e9, nous visiterons Birka, Adels\u00f6, Mariefred, Stallarholmen, Str\u00e4ngn\u00e4s, le ch\u00e2teau de Taxinge, le ch\u00e2teau de M\u00e4ls\u00e5kers, Oaxen, Drottningholm, Vaxholm et Stockholm.<\/p>\t\t\t\t\t\t<\/div>\n\t\t\t\t<\/div>\n\t\t\t\t<div class=\"elementor-element elementor-element-98d7e85 elementor-widget elementor-widget-text-editor\" data-id=\"98d7e85\" data-element_type=\"widget\" data-widget_type=\"text-editor.default\">\n\t\t\t\t<div class=\"elementor-widget-container\">\n\t\t\t\t\t\t\t<p>Cliquez sur \"billets\" \u00e0 c\u00f4t\u00e9 de chaque visite pour les acheter \u00e0 l'adresse suivante <a href=\"https:\/\/tickster.com\/p\/s-s-ejdern\/\">Tickster<\/a>.<\/p><p>Les billets achet\u00e9s ne sont pas remboursables.<\/p>\t\t\t\t\t\t<\/div>\n\t\t\t\t<\/div>\n\t\t\t\t<div class=\"elementor-element elementor-element-e62fd97 elementor-widget elementor-widget-heading\" data-id=\"e62fd97\" data-element_type=\"widget\" data-widget_type=\"heading.default\">\n\t\t\t\t<div class=\"elementor-widget-container\">\n\t\t\t<h2 class=\"elementor-heading-title elementor-size-default\">\u00c5k kommunalt tillbaka<\/h2>\t\t<\/div>\n\t\t\t\t<\/div>\n\t\t\t\t<div class=\"elementor-element elementor-element-59a6ff6 elementor-widget elementor-widget-text-editor\" data-id=\"59a6ff6\" data-element_type=\"widget\" data-widget_type=\"text-editor.default\">\n\t\t\t\t<div class=\"elementor-widget-container\">\n\t\t\t\t\t\t\t<p>Du kan \u00e5ka kommunalt tillbaka till S\u00f6dert\u00e4lje fr\u00e5n Stallarholmen. Anv\u00e4nd Resrobot nedan.<\/p>\t\t\t\t\t\t<\/div>\n\t\t\t\t<\/div>\n\t\t\t\t<div class=\"elementor-element elementor-element-11a1868 elementor-widget elementor-widget-html\" data-id=\"11a1868\" data-element_type=\"widget\" data-widget_type=\"html.default\">\n\t\t\t\t<div class=\"elementor-widget-container\">\n\t\t\t<script src=\"https:\/\/reseplanerare.resrobot.se\/js\/external\/hafas_external_inputgen.js\"><\/script>\r\n<div id=\"HFS_Inputgen\" data-label=\"%7B%22title%22%3A%7B%22label%22%3A%22Reseplanerare%22%2C%22slogan%22%3A%22Hitta%20den%20smartaste%20resan%22%7D%2C%22from%22%3A%7B%22label%22%3A%22Fr%C3%A5n%22%7D%2C%22to%22%3A%7B%22label%22%3A%22Till%22%7D%2C%22submit%22%3A%7B%22label%22%3A%22S%C3%B6k%20resa%22%7D%7D\" data-version=\"1.21\" data-lang=\"s\" data-mgate=\"https:\/\/reseplanerare.resrobot.se\/\/bin\/mgate.exe\" data-hci=\"AID@h5o3n7f4t2m8l9x1\" data-snippet-type=\"formMini\" data-img=\"https:\/\/reseplanerare.resrobot.se\/img\/customer\/inputgen_header_img_L.svg\" data-css=\"true\" data-origin=\"https:\/\/reseplanerare.resrobot.se\/#!P|TP\" data-s=\"Stallarholmen busstation (Str\u00e4ngn\u00e4s kn)\" data-z=\"S\u00f6dert\u00e4lje centrum station\" \"><\/div>\t\t<\/div>\n\t\t\t\t<\/div>\n\t\t\t\t<div class=\"elementor-element elementor-element-256502c elementor-widget elementor-widget-image\" data-id=\"256502c\" data-element_type=\"widget\" data-widget_type=\"image.default\">\n\t\t\t\t<div class=\"elementor-widget-container\">\n\t\t\t\t\t\t\t\t\t\t\t\t\t<img fetchpriority=\"high\" decoding=\"async\" width=\"800\" height=\"450\" src=\"https:\/\/dev.wp.ejdern.org\/wp-content\/uploads\/2021\/02\/Lightroom-3339-scaled-e1612688112174-1024x576.jpg\" class=\"attachment-large size-large wp-image-141\" alt=\"\" srcset=\"https:\/\/dev.wp.ejdern.org\/wp-content\/uploads\/2021\/02\/Lightroom-3339-scaled-e1612688112174-1024x576.jpg 1024w, https:\/\/dev.wp.ejdern.org\/wp-content\/uploads\/2021\/02\/Lightroom-3339-scaled-e1612688112174-300x169.jpg 300w, https:\/\/dev.wp.ejdern.org\/wp-content\/uploads\/2021\/02\/Lightroom-3339-scaled-e1612688112174-768x432.jpg 768w, https:\/\/dev.wp.ejdern.org\/wp-content\/uploads\/2021\/02\/Lightroom-3339-scaled-e1612688112174-1536x864.jpg 1536w, https:\/\/dev.wp.ejdern.org\/wp-content\/uploads\/2021\/02\/Lightroom-3339-scaled-e1612688112174-2048x1152.jpg 2048w\" sizes=\"(max-width: 800px) 100vw, 800px\" \/>\t\t\t\t\t\t\t\t\t\t\t\t\t<\/div>\n\t\t\t\t<\/div>\n\t\t\t\t\t<\/div>\n\t\t<\/div>\n\t\t\t\t\t<\/div>\n\t\t<\/section>\n\t\t\t\t<\/div>","protected":false},"excerpt":{"rendered":"<p>Turlista Turlistan kan \u00e4ndras under s\u00e4songen.Under fliken Resm\u00e5l finns tidtabeller och beskrivningar f\u00f6r respektive resm\u00e5l. Maj Juni Juli Augusti September V\u00e5ra resm\u00e5l 2022 I sommar kommer vi bes\u00f6ka Birka, Adels\u00f6, Mariefred, Stallarholmen, Str\u00e4ngn\u00e4s, Taxinge slott, M\u00e4ls\u00e5kers slott, Oaxen, Drottningholm, Vaxholm och Stockholm. Klicka p\u00e5 &#8221;biljetter&#8221; vid respektive tur f\u00f6r att k\u00f6pa dem p\u00e5 Tickster. K\u00f6pta [&hellip;]<\/p>","protected":false},"author":1,"featured_media":0,"parent":0,"menu_order":0,"comment_status":"closed","ping_status":"closed","template":"elementor_header_footer","meta":{"footnotes":""},"class_list":["post-35","page","type-page","status-publish","hentry"],"_links":{"self":[{"href":"https:\/\/dev.wp.ejdern.org\/fr_fr\/wp-json\/wp\/v2\/pages\/35","targetHints":{"allow":["GET"]}}],"collection":[{"href":"https:\/\/dev.wp.ejdern.org\/fr_fr\/wp-json\/wp\/v2\/pages"}],"about":[{"href":"https:\/\/dev.wp.ejdern.org\/fr_fr\/wp-json\/wp\/v2\/types\/page"}],"author":[{"embeddable":true,"href":"https:\/\/dev.wp.ejdern.org\/fr_fr\/wp-json\/wp\/v2\/users\/1"}],"replies":[{"embeddable":true,"href":"https:\/\/dev.wp.ejdern.org\/fr_fr\/wp-json\/wp\/v2\/comments?post=35"}],"version-history":[{"count":306,"href":"https:\/\/dev.wp.ejdern.org\/fr_fr\/wp-json\/wp\/v2\/pages\/35\/revisions"}],"predecessor-version":[{"id":2963,"href":"https:\/\/dev.wp.ejdern.org\/fr_fr\/wp-json\/wp\/v2\/pages\/35\/revisions\/2963"}],"wp:attachment":[{"href":"https:\/\/dev.wp.ejdern.org\/fr_fr\/wp-json\/wp\/v2\/media?parent=35"}],"curies":[{"name":"wp","href":"https:\/\/api.w.org\/{rel}","templated":true}]}}