{"id":1728,"date":"2021-05-23T06:37:13","date_gmt":"2021-05-23T05:37:13","guid":{"rendered":"https:\/\/dev.wp.ejdern.org\/?page_id=1728"},"modified":"2022-05-22T18:31:35","modified_gmt":"2022-05-22T17:31:35","slug":"malsaker","status":"publish","type":"page","link":"https:\/\/dev.wp.ejdern.org\/fr_fr\/malsaker\/","title":{"rendered":"M\u00e4ls\u00e5ker"},"content":{"rendered":"<div data-elementor-type=\"wp-page\" data-elementor-id=\"1728\" class=\"elementor elementor-1728\" data-elementor-post-type=\"page\">\n\t\t\t\t\t\t<section class=\"elementor-section elementor-top-section elementor-element elementor-element-6ac16440 elementor-section-boxed elementor-section-height-default elementor-section-height-default\" data-id=\"6ac16440\" data-element_type=\"section\">\n\t\t\t\t\t\t<div class=\"elementor-container elementor-column-gap-default\">\n\t\t\t\t\t<div class=\"elementor-column elementor-col-50 elementor-top-column elementor-element elementor-element-72512221\" data-id=\"72512221\" data-element_type=\"column\">\n\t\t\t<div class=\"elementor-widget-wrap elementor-element-populated\">\n\t\t\t\t\t\t<div class=\"elementor-element elementor-element-29416c4d elementor-widget elementor-widget-heading\" data-id=\"29416c4d\" data-element_type=\"widget\" data-widget_type=\"heading.default\">\n\t\t\t\t<div class=\"elementor-widget-container\">\n\t\t\t<h2 class=\"elementor-heading-title elementor-size-default\">Ch\u00e2teau de M\u00e4ls\u00e5ker<\/h2>\t\t<\/div>\n\t\t\t\t<\/div>\n\t\t\t\t<div class=\"elementor-element elementor-element-258428ab elementor-widget elementor-widget-text-editor\" data-id=\"258428ab\" data-element_type=\"widget\" data-widget_type=\"text-editor.default\">\n\t\t\t\t<div class=\"elementor-widget-container\">\n\t\t\t\t\t\t\t<p>Le ch\u00e2teau de M\u00e4ls\u00e5ker est l'un des plus beaux ch\u00e2teaux baroques de Su\u00e8de, situ\u00e9 sur Sela\u00f6n, la plus grande \u00eele du lac M\u00e4laren. Lire la suite <a href=\"https:\/\/malsaker.nu\/\">ici<\/a>.<\/p>\t\t\t\t\t\t<\/div>\n\t\t\t\t<\/div>\n\t\t\t\t<div class=\"elementor-element elementor-element-3935b54 elementor-widget elementor-widget-heading\" data-id=\"3935b54\" data-element_type=\"widget\" data-widget_type=\"heading.default\">\n\t\t\t\t<div class=\"elementor-widget-container\">\n\t\t\t<h2 class=\"elementor-heading-title elementor-size-default\">Installations<\/h2>\t\t<\/div>\n\t\t\t\t<\/div>\n\t\t\t\t<div class=\"elementor-element elementor-element-b63d31f elementor-hidden-desktop elementor-hidden-tablet elementor-hidden-mobile elementor-widget elementor-widget-text-editor\" data-id=\"b63d31f\" data-element_type=\"widget\" data-widget_type=\"text-editor.default\">\n\t\t\t\t<div class=\"elementor-widget-container\">\n\t\t\t\t\t\t\t<p>Vous pouvez commander un pique-nique avec une salade savoureuse et des friandises. L'association M\u00e4ls\u00e5kers Framtid composera et pr\u00e9parera de savoureuses salades et vous pourrez choisir entre du saumon fum\u00e9 chaud, du poulet ou du halloumi accompagn\u00e9s de boulgour et de l\u00e9gumes, de beurre et de pain frais, de fromage, de fraises, de caf\u00e9 et de g\u00e2teau. Les enfants, jusqu'\u00e0 12 ans, pourront d\u00e9guster une salade de p\u00e2tes avec des boulettes de viande, du beurre et du pain, des fraises et des boissons.<\/p><p>Vous pouvez \u00e9galement r\u00e9server une visite guid\u00e9e du ch\u00e2teau.<\/p><p><strong><span style=\"color: #ff0000;\">OBS !<\/span>\u00a0<\/strong>Commandez votre pique-nique au moins une semaine \u00e0 l'avance.<\/p><p>Il y a un caf\u00e9 d'\u00e9t\u00e9 qui sert :\u00a0<\/p><p>Gaufres belges avec :<br \/>1. fraises fra\u00eeches, cr\u00e8me et confiture <br \/>2. Confiture de citron et cr\u00e8me de cerf <br \/>3. rhum, oignon rouge, cr\u00e8me aigre, ciboulette <br \/>4. Gaufre du jour <br \/>En plus des gaufres, on trouve des glaces, des p\u00e2tisseries maison comme des biscuits de diff\u00e9rentes vari\u00e9t\u00e9s, des cookies maison et des brioches maison.<br \/>Il y aura \u00e9galement des petites salades, des salades de fruits en fonction du temps.<\/p>\t\t\t\t\t\t<\/div>\n\t\t\t\t<\/div>\n\t\t\t\t<div class=\"elementor-element elementor-element-89797d4 elementor-widget elementor-widget-text-editor\" data-id=\"89797d4\" data-element_type=\"widget\" data-widget_type=\"text-editor.default\">\n\t\t\t\t<div class=\"elementor-widget-container\">\n\t\t\t\t\t\t\t<p>Il y a un caf\u00e9 d'\u00e9t\u00e9 qui sert :\u00a0<\/p><p>Gaufres belges avec :<br \/>1. fraises fra\u00eeches, cr\u00e8me et confiture <br \/>2. Confiture de citron et cr\u00e8me de cerf <br \/>3. rhum, oignon rouge, cr\u00e8me aigre, ciboulette <br \/>4. Gaufre du jour <br \/>En plus des gaufres, on trouve des glaces, des p\u00e2tisseries maison comme des biscuits de diff\u00e9rentes vari\u00e9t\u00e9s, des cookies maison et des brioches maison.<br \/>Il y aura \u00e9galement des petites salades, des salades de fruits en fonction du temps.<\/p>\t\t\t\t\t\t<\/div>\n\t\t\t\t<\/div>\n\t\t\t\t<div class=\"elementor-element elementor-element-2a08582 elementor-widget elementor-widget-heading\" data-id=\"2a08582\" data-element_type=\"widget\" data-widget_type=\"heading.default\">\n\t\t\t\t<div class=\"elementor-widget-container\">\n\t\t\t<h2 class=\"elementor-heading-title elementor-size-default\">Horaire au d\u00e9part de Stallarholmen<\/h2>\t\t<\/div>\n\t\t\t\t<\/div>\n\t\t\t\t<section class=\"elementor-section elementor-inner-section elementor-element elementor-element-360def0 elementor-section-boxed elementor-section-height-default elementor-section-height-default\" data-id=\"360def0\" data-element_type=\"section\">\n\t\t\t\t\t\t<div class=\"elementor-container elementor-column-gap-default\">\n\t\t\t\t\t<div class=\"elementor-column elementor-col-50 elementor-inner-column elementor-element elementor-element-dc5e169\" data-id=\"dc5e169\" data-element_type=\"column\">\n\t\t\t<div class=\"elementor-widget-wrap elementor-element-populated\">\n\t\t\t\t\t\t<div class=\"elementor-element elementor-element-d130467 elementor-widget elementor-widget-text-editor\" data-id=\"d130467\" data-element_type=\"widget\" data-widget_type=\"text-editor.default\">\n\t\t\t\t<div class=\"elementor-widget-container\">\n\t\t\t\t\t\t\t<p>Stallarholmen<br \/>Ch\u00e2teau de M\u00e4ls\u00e5ker<br \/><span style=\"color: #00b0fb;\"><strong>Temps au ch\u00e2teau<br \/><\/strong><\/span>Ch\u00e2teau de M\u00e4ls\u00e5ker<br \/>Stallarholmen<\/p>\t\t\t\t\t\t<\/div>\n\t\t\t\t<\/div>\n\t\t\t\t\t<\/div>\n\t\t<\/div>\n\t\t\t\t<div class=\"elementor-column elementor-col-50 elementor-inner-column elementor-element elementor-element-eef4a5c\" data-id=\"eef4a5c\" data-element_type=\"column\">\n\t\t\t<div class=\"elementor-widget-wrap elementor-element-populated\">\n\t\t\t\t\t\t<div class=\"elementor-element elementor-element-fe9a8b8 elementor-widget elementor-widget-text-editor\" data-id=\"fe9a8b8\" data-element_type=\"widget\" data-widget_type=\"text-editor.default\">\n\t\t\t\t<div class=\"elementor-widget-container\">\n\t\t\t\t\t\t\t<p>12:15<br \/>13:00<br \/><span style=\"color: #00b0fb;\"><strong>2 heures 30 min<br \/><\/strong><\/span>15:30<br \/>16:15<\/p>\t\t\t\t\t\t<\/div>\n\t\t\t\t<\/div>\n\t\t\t\t\t<\/div>\n\t\t<\/div>\n\t\t\t\t\t<\/div>\n\t\t<\/section>\n\t\t\t\t<div class=\"elementor-element elementor-element-538fb3ba elementor-widget elementor-widget-heading\" data-id=\"538fb3ba\" data-element_type=\"widget\" data-widget_type=\"heading.default\">\n\t\t\t\t<div class=\"elementor-widget-container\">\n\t\t\t<h2 class=\"elementor-heading-title elementor-size-default\"><br>Horaire de S\u00f6dert\u00e4lje (12\/7)<\/h2>\t\t<\/div>\n\t\t\t\t<\/div>\n\t\t\t\t<section class=\"elementor-section elementor-inner-section elementor-element elementor-element-284fe86 elementor-section-boxed elementor-section-height-default elementor-section-height-default\" data-id=\"284fe86\" data-element_type=\"section\">\n\t\t\t\t\t\t<div class=\"elementor-container elementor-column-gap-default\">\n\t\t\t\t\t<div class=\"elementor-column elementor-col-50 elementor-inner-column elementor-element elementor-element-bf8bcdb\" data-id=\"bf8bcdb\" data-element_type=\"column\">\n\t\t\t<div class=\"elementor-widget-wrap elementor-element-populated\">\n\t\t\t\t\t\t<div class=\"elementor-element elementor-element-70a4a3c elementor-widget elementor-widget-text-editor\" data-id=\"70a4a3c\" data-element_type=\"widget\" data-widget_type=\"text-editor.default\">\n\t\t\t\t<div class=\"elementor-widget-container\">\n\t\t\t\t\t\t\t<p>Borgm\u00e4starudden<br \/>M\u00e4larhamnen<br \/>Sandviken<br \/>Ekensberg<br \/>Ch\u00e2teau de M\u00e4ls\u00e5ker<br \/><span style=\"color: #00b0fb;\"><strong>Temps au ch\u00e2teau<br \/>D\u00e9part du bus pour S\u00f6dert\u00e4lje<br \/><\/strong><\/span>Borgm\u00e4starudden<\/p>\t\t\t\t\t\t<\/div>\n\t\t\t\t<\/div>\n\t\t\t\t\t<\/div>\n\t\t<\/div>\n\t\t\t\t<div class=\"elementor-column elementor-col-50 elementor-inner-column elementor-element elementor-element-75442d7\" data-id=\"75442d7\" data-element_type=\"column\">\n\t\t\t<div class=\"elementor-widget-wrap elementor-element-populated\">\n\t\t\t\t\t\t<div class=\"elementor-element elementor-element-b583f56 elementor-widget elementor-widget-text-editor\" data-id=\"b583f56\" data-element_type=\"widget\" data-widget_type=\"text-editor.default\">\n\t\t\t\t<div class=\"elementor-widget-container\">\n\t\t\t\t\t\t\t<p>08:45<br \/>09:05<br \/>09:50<br \/>10:20<br \/>11:30<br \/><span style=\"color: #00b0fb;\"><strong>2 heures 30 min<\/strong><\/span><br \/>14:00<br \/>15:00<\/p>\t\t\t\t\t\t<\/div>\n\t\t\t\t<\/div>\n\t\t\t\t\t<\/div>\n\t\t<\/div>\n\t\t\t\t\t<\/div>\n\t\t<\/section>\n\t\t\t\t\t<\/div>\n\t\t<\/div>\n\t\t\t\t<div class=\"elementor-column elementor-col-50 elementor-top-column elementor-element elementor-element-20d86626\" data-id=\"20d86626\" data-element_type=\"column\">\n\t\t\t<div class=\"elementor-widget-wrap elementor-element-populated\">\n\t\t\t\t\t\t<div class=\"elementor-element elementor-element-ad5ea17 elementor-widget elementor-widget-image\" data-id=\"ad5ea17\" data-element_type=\"widget\" data-widget_type=\"image.default\">\n\t\t\t\t<div class=\"elementor-widget-container\">\n\t\t\t\t\t\t\t\t\t\t\t\t\t<img fetchpriority=\"high\" decoding=\"async\" width=\"700\" height=\"395\" src=\"https:\/\/dev.wp.ejdern.org\/wp-content\/uploads\/2021\/05\/Flygfoto_Malsakersslott5_Selaon_Stallarholmen_20190614.jpg\" class=\"attachment-large size-large wp-image-1734\" alt=\"\" srcset=\"https:\/\/dev.wp.ejdern.org\/wp-content\/uploads\/2021\/05\/Flygfoto_Malsakersslott5_Selaon_Stallarholmen_20190614.jpg 700w, https:\/\/dev.wp.ejdern.org\/wp-content\/uploads\/2021\/05\/Flygfoto_Malsakersslott5_Selaon_Stallarholmen_20190614-300x169.jpg 300w, https:\/\/dev.wp.ejdern.org\/wp-content\/uploads\/2021\/05\/Flygfoto_Malsakersslott5_Selaon_Stallarholmen_20190614-16x9.jpg 16w\" sizes=\"(max-width: 700px) 100vw, 700px\" \/>\t\t\t\t\t\t\t\t\t\t\t\t\t<\/div>\n\t\t\t\t<\/div>\n\t\t\t\t\t<\/div>\n\t\t<\/div>\n\t\t\t\t\t<\/div>\n\t\t<\/section>\n\t\t\t\t<\/div>","protected":false},"excerpt":{"rendered":"<p>Ch\u00e2teau de M\u00e4ls\u00e5ker Le ch\u00e2teau de M\u00e4ls\u00e5ker est l'un des plus beaux ch\u00e2teaux baroques de Su\u00e8de, situ\u00e9 sur Sela\u00f6n, la plus grande \u00eele du lac M\u00e4laren. Plus d'informations ici. Installations Vous pouvez commander un pique-nique avec une salade savoureuse et des friandises. L'association M\u00e4ls\u00e5kers Framtid compose et pr\u00e9pare de savoureuses salades et vous pouvez choisir entre du saumon fum\u00e9 chaud, du poulet ou du halloumi accompagn\u00e9 de boulgour et de l\u00e9gumes, du beurre [...].<\/p>","protected":false},"author":2,"featured_media":0,"parent":0,"menu_order":0,"comment_status":"closed","ping_status":"closed","template":"","meta":{"footnotes":""},"class_list":["post-1728","page","type-page","status-publish","hentry"],"_links":{"self":[{"href":"https:\/\/dev.wp.ejdern.org\/fr_fr\/wp-json\/wp\/v2\/pages\/1728","targetHints":{"allow":["GET"]}}],"collection":[{"href":"https:\/\/dev.wp.ejdern.org\/fr_fr\/wp-json\/wp\/v2\/pages"}],"about":[{"href":"https:\/\/dev.wp.ejdern.org\/fr_fr\/wp-json\/wp\/v2\/types\/page"}],"author":[{"embeddable":true,"href":"https:\/\/dev.wp.ejdern.org\/fr_fr\/wp-json\/wp\/v2\/users\/2"}],"replies":[{"embeddable":true,"href":"https:\/\/dev.wp.ejdern.org\/fr_fr\/wp-json\/wp\/v2\/comments?post=1728"}],"version-history":[{"count":76,"href":"https:\/\/dev.wp.ejdern.org\/fr_fr\/wp-json\/wp\/v2\/pages\/1728\/revisions"}],"predecessor-version":[{"id":2877,"href":"https:\/\/dev.wp.ejdern.org\/fr_fr\/wp-json\/wp\/v2\/pages\/1728\/revisions\/2877"}],"wp:attachment":[{"href":"https:\/\/dev.wp.ejdern.org\/fr_fr\/wp-json\/wp\/v2\/media?parent=1728"}],"curies":[{"name":"wp","href":"https:\/\/api.w.org\/{rel}","templated":true}]}}