{"id":1147,"date":"2021-04-20T08:02:23","date_gmt":"2021-04-20T07:02:23","guid":{"rendered":"https:\/\/dev.wp.ejdern.org\/?page_id=1147"},"modified":"2022-06-25T17:22:54","modified_gmt":"2022-06-25T16:22:54","slug":"stallarholmen","status":"publish","type":"page","link":"https:\/\/dev.wp.ejdern.org\/fr_fr\/stallarholmen\/","title":{"rendered":"Stallarholmen"},"content":{"rendered":"<div data-elementor-type=\"wp-page\" data-elementor-id=\"1147\" class=\"elementor elementor-1147\" data-elementor-post-type=\"page\">\n\t\t\t\t\t\t<section class=\"elementor-section elementor-top-section elementor-element elementor-element-1ff971e2 elementor-section-boxed elementor-section-height-default elementor-section-height-default\" data-id=\"1ff971e2\" data-element_type=\"section\">\n\t\t\t\t\t\t<div class=\"elementor-container elementor-column-gap-default\">\n\t\t\t\t\t<div class=\"elementor-column elementor-col-50 elementor-top-column elementor-element elementor-element-c6a1971\" data-id=\"c6a1971\" data-element_type=\"column\">\n\t\t\t<div class=\"elementor-widget-wrap elementor-element-populated\">\n\t\t\t\t\t\t<div class=\"elementor-element elementor-element-1d497284 elementor-widget elementor-widget-heading\" data-id=\"1d497284\" data-element_type=\"widget\" data-widget_type=\"heading.default\">\n\t\t\t\t<div class=\"elementor-widget-container\">\n\t\t\t<h2 class=\"elementor-heading-title elementor-size-default\">Stallarholmen<\/h2>\t\t<\/div>\n\t\t\t\t<\/div>\n\t\t\t\t<div class=\"elementor-element elementor-element-1d281979 elementor-widget elementor-widget-text-editor\" data-id=\"1d281979\" data-element_type=\"widget\" data-widget_type=\"text-editor.default\">\n\t\t\t\t<div class=\"elementor-widget-container\">\n\t\t\t\t\t\t\t<p>En collaboration avec St<span style=\"color: #0000ff;\"><strong>tous<\/strong><\/span>rholmens N\u00e4tverk nous organisons un certain nombre d'excursions vers et dans les eaux autour de Stallarholmen, Str\u00e4ngn\u00e4s et le ch\u00e2teau de M\u00e4ls\u00e5kers.<\/p><p>Ce qui se passe \u00e0 Stallarholmen vous pouvez <a href=\"https:\/\/www.stallarholmen.info\/\" target=\"_blank\" rel=\"noopener\">\u00e0 lire ici<\/a>.<\/p>\t\t\t\t\t\t<\/div>\n\t\t\t\t<\/div>\n\t\t\t\t<div class=\"elementor-element elementor-element-a127a76 elementor-widget elementor-widget-heading\" data-id=\"a127a76\" data-element_type=\"widget\" data-widget_type=\"heading.default\">\n\t\t\t\t<div class=\"elementor-widget-container\">\n\t\t\t<h2 class=\"elementor-heading-title elementor-size-default\">Installations<\/h2>\t\t<\/div>\n\t\t\t\t<\/div>\n\t\t\t\t<div class=\"elementor-element elementor-element-b7b3388 elementor-widget elementor-widget-text-editor\" data-id=\"b7b3388\" data-element_type=\"widget\" data-widget_type=\"text-editor.default\">\n\t\t\t\t<div class=\"elementor-widget-container\">\n\t\t\t\t\t\t\t<p>\u00c0 Stallarholmen, vous trouverez ce dont vous avez besoin. Tout y est, des toilettes aux boutiques en passant par les caf\u00e9s et les restaurants.<\/p>\t\t\t\t\t\t<\/div>\n\t\t\t\t<\/div>\n\t\t\t\t<div class=\"elementor-element elementor-element-5bbc2549 elementor-widget elementor-widget-heading\" data-id=\"5bbc2549\" data-element_type=\"widget\" data-widget_type=\"heading.default\">\n\t\t\t\t<div class=\"elementor-widget-container\">\n\t\t\t<h2 class=\"elementor-heading-title elementor-size-default\">Horaire<\/h2>\t\t<\/div>\n\t\t\t\t<\/div>\n\t\t\t\t<section class=\"elementor-section elementor-inner-section elementor-element elementor-element-ce267e4 elementor-section-boxed elementor-section-height-default elementor-section-height-default\" data-id=\"ce267e4\" data-element_type=\"section\">\n\t\t\t\t\t\t<div class=\"elementor-container elementor-column-gap-default\">\n\t\t\t\t\t<div class=\"elementor-column elementor-col-50 elementor-inner-column elementor-element elementor-element-22a0419\" data-id=\"22a0419\" data-element_type=\"column\">\n\t\t\t<div class=\"elementor-widget-wrap elementor-element-populated\">\n\t\t\t\t\t\t<div class=\"elementor-element elementor-element-6faf1d0 elementor-widget elementor-widget-text-editor\" data-id=\"6faf1d0\" data-element_type=\"widget\" data-widget_type=\"text-editor.default\">\n\t\t\t\t<div class=\"elementor-widget-container\">\n\t\t\t\t\t\t\t<p>Borgm\u00e4starudden<br \/>M\u00e4larhamnen<br \/>Sandviken<br \/>Ekensberg<br \/>Stallarholmen<span style=\"color: #00b0fb;\"><strong><br \/><\/strong><\/span><\/p>\t\t\t\t\t\t<\/div>\n\t\t\t\t<\/div>\n\t\t\t\t\t<\/div>\n\t\t<\/div>\n\t\t\t\t<div class=\"elementor-column elementor-col-50 elementor-inner-column elementor-element elementor-element-352d0ef\" data-id=\"352d0ef\" data-element_type=\"column\">\n\t\t\t<div class=\"elementor-widget-wrap elementor-element-populated\">\n\t\t\t\t\t\t<div class=\"elementor-element elementor-element-922dd19 elementor-widget elementor-widget-text-editor\" data-id=\"922dd19\" data-element_type=\"widget\" data-widget_type=\"text-editor.default\">\n\t\t\t\t<div class=\"elementor-widget-container\">\n\t\t\t\t\t\t\t<p>08:45<br \/>09:05<br \/>09:50<br \/>10:20<br \/>11:30<\/p>\t\t\t\t\t\t<\/div>\n\t\t\t\t<\/div>\n\t\t\t\t\t<\/div>\n\t\t<\/div>\n\t\t\t\t\t<\/div>\n\t\t<\/section>\n\t\t\t\t\t<\/div>\n\t\t<\/div>\n\t\t\t\t<div class=\"elementor-column elementor-col-50 elementor-top-column elementor-element elementor-element-402a7c7\" data-id=\"402a7c7\" data-element_type=\"column\">\n\t\t\t<div class=\"elementor-widget-wrap elementor-element-populated\">\n\t\t\t\t\t\t<div class=\"elementor-element elementor-element-5c0a9c3 elementor-widget elementor-widget-image\" data-id=\"5c0a9c3\" data-element_type=\"widget\" data-widget_type=\"image.default\">\n\t\t\t\t<div class=\"elementor-widget-container\">\n\t\t\t\t\t\t\t\t\t\t\t\t\t<img fetchpriority=\"high\" decoding=\"async\" width=\"800\" height=\"640\" src=\"https:\/\/dev.wp.ejdern.org\/wp-content\/uploads\/2021\/05\/20200919_105307-scaled-e1620207250945-1024x819.jpg\" class=\"attachment-large size-large wp-image-1397\" alt=\"\" srcset=\"https:\/\/dev.wp.ejdern.org\/wp-content\/uploads\/2021\/05\/20200919_105307-scaled-e1620207250945-1024x819.jpg 1024w, https:\/\/dev.wp.ejdern.org\/wp-content\/uploads\/2021\/05\/20200919_105307-scaled-e1620207250945-300x240.jpg 300w, https:\/\/dev.wp.ejdern.org\/wp-content\/uploads\/2021\/05\/20200919_105307-scaled-e1620207250945-768x614.jpg 768w, https:\/\/dev.wp.ejdern.org\/wp-content\/uploads\/2021\/05\/20200919_105307-scaled-e1620207250945-1536x1229.jpg 1536w, https:\/\/dev.wp.ejdern.org\/wp-content\/uploads\/2021\/05\/20200919_105307-scaled-e1620207250945-2048x1638.jpg 2048w, https:\/\/dev.wp.ejdern.org\/wp-content\/uploads\/2021\/05\/20200919_105307-scaled-e1620207250945-16x12.jpg 16w\" sizes=\"(max-width: 800px) 100vw, 800px\" \/>\t\t\t\t\t\t\t\t\t\t\t\t\t<\/div>\n\t\t\t\t<\/div>\n\t\t\t\t\t<\/div>\n\t\t<\/div>\n\t\t\t\t\t<\/div>\n\t\t<\/section>\n\t\t\t\t<section class=\"elementor-section elementor-top-section elementor-element elementor-element-1bf60e1 elementor-section-boxed elementor-section-height-default elementor-section-height-default\" data-id=\"1bf60e1\" data-element_type=\"section\">\n\t\t\t\t\t\t<div class=\"elementor-container elementor-column-gap-default\">\n\t\t\t\t\t<div class=\"elementor-column elementor-col-100 elementor-top-column elementor-element elementor-element-e1fc529\" data-id=\"e1fc529\" data-element_type=\"column\">\n\t\t\t<div class=\"elementor-widget-wrap elementor-element-populated\">\n\t\t\t\t\t\t<section class=\"elementor-section elementor-inner-section elementor-element elementor-element-ce186c6 elementor-section-boxed elementor-section-height-default elementor-section-height-default\" data-id=\"ce186c6\" data-element_type=\"section\">\n\t\t\t\t\t\t<div class=\"elementor-container elementor-column-gap-default\">\n\t\t\t\t\t<div class=\"elementor-column elementor-col-100 elementor-inner-column elementor-element elementor-element-d42c97f\" data-id=\"d42c97f\" data-element_type=\"column\">\n\t\t\t<div class=\"elementor-widget-wrap elementor-element-populated\">\n\t\t\t\t\t\t<div class=\"elementor-element elementor-element-46c7f57 elementor-skin-carousel elementor-arrows-yes elementor-pagination-type-bullets elementor-pagination-position-outside elementor-widget elementor-widget-media-carousel\" data-id=\"46c7f57\" data-element_type=\"widget\" data-settings=\"{&quot;skin&quot;:&quot;carousel&quot;,&quot;effect&quot;:&quot;slide&quot;,&quot;show_arrows&quot;:&quot;yes&quot;,&quot;pagination&quot;:&quot;bullets&quot;,&quot;speed&quot;:500,&quot;autoplay&quot;:&quot;yes&quot;,&quot;autoplay_speed&quot;:5000,&quot;loop&quot;:&quot;yes&quot;,&quot;pause_on_hover&quot;:&quot;yes&quot;,&quot;pause_on_interaction&quot;:&quot;yes&quot;,&quot;space_between&quot;:{&quot;unit&quot;:&quot;px&quot;,&quot;size&quot;:10,&quot;sizes&quot;:[]},&quot;space_between_tablet&quot;:{&quot;unit&quot;:&quot;px&quot;,&quot;size&quot;:10,&quot;sizes&quot;:[]},&quot;space_between_mobile&quot;:{&quot;unit&quot;:&quot;px&quot;,&quot;size&quot;:10,&quot;sizes&quot;:[]}}\" data-widget_type=\"media-carousel.default\">\n\t\t\t\t<div class=\"elementor-widget-container\">\n\t\t\t\t\t<div class=\"elementor-swiper\">\n\t\t\t<div class=\"elementor-main-swiper swiper\">\n\t\t\t\t<div class=\"swiper-wrapper\">\n\t\t\t\t\t\t\t\t\t\t\t<div class=\"swiper-slide\">\n\t\t\t\t\t\t\t\t\t<div class=\"elementor-carousel-image\" role=\"img\" aria-label=\"20200919_111449\" style=\"background-image: url(&#039;https:\/\/dev.wp.ejdern.org\/wp-content\/uploads\/2021\/05\/20200919_111449-scaled.jpg&#039;)\">\n\n\t\t\t\n\t\t\t\t\t<\/div>\n\t\t\t\t\t\t\t\t<\/div>\n\t\t\t\t\t\t\t\t\t\t\t<div class=\"swiper-slide\">\n\t\t\t\t\t\t\t\t\t<div class=\"elementor-carousel-image\" role=\"img\" aria-label=\"20200919_105423\" style=\"background-image: url(&#039;https:\/\/dev.wp.ejdern.org\/wp-content\/uploads\/2021\/05\/20200919_105423-scaled.jpg&#039;)\">\n\n\t\t\t\n\t\t\t\t\t<\/div>\n\t\t\t\t\t\t\t\t<\/div>\n\t\t\t\t\t\t\t\t\t\t\t<div class=\"swiper-slide\">\n\t\t\t\t\t\t\t\t\t<div class=\"elementor-carousel-image\" role=\"img\" aria-label=\"Bj\u00f6rkan\" style=\"background-image: url(&#039;https:\/\/dev.wp.ejdern.org\/wp-content\/uploads\/2021\/05\/Bjorkan.jpg&#039;)\">\n\n\t\t\t\n\t\t\t\t\t<\/div>\n\t\t\t\t\t\t\t\t<\/div>\n\t\t\t\t\t\t\t\t\t\t\t<div class=\"swiper-slide\">\n\t\t\t\t\t\t\t\t\t<div class=\"elementor-carousel-image\" role=\"img\" aria-label=\"parc du ch\u00e2teau\" style=\"background-image: url(&#039;https:\/\/dev.wp.ejdern.org\/wp-content\/uploads\/2021\/05\/slottspark.jpg&#039;)\">\n\n\t\t\t\n\t\t\t\t\t<\/div>\n\t\t\t\t\t\t\t\t<\/div>\n\t\t\t\t\t\t\t\t\t\t\t<div class=\"swiper-slide\">\n\t\t\t\t\t\t\t\t\t<div class=\"elementor-carousel-image\" role=\"img\" aria-label=\"Strangnas\" style=\"background-image: url(&#039;https:\/\/dev.wp.ejdern.org\/wp-content\/uploads\/2021\/05\/Strangnas-scaled.jpg&#039;)\">\n\n\t\t\t\n\t\t\t\t\t<\/div>\n\t\t\t\t\t\t\t\t<\/div>\n\t\t\t\t\t\t\t\t\t\t\t<div class=\"swiper-slide\">\n\t\t\t\t\t\t\t\t\t<div class=\"elementor-carousel-image\" role=\"img\" aria-label=\"Strangnas2\" style=\"background-image: url(&#039;https:\/\/dev.wp.ejdern.org\/wp-content\/uploads\/2021\/05\/Strangnas2.jpg&#039;)\">\n\n\t\t\t\n\t\t\t\t\t<\/div>\n\t\t\t\t\t\t\t\t<\/div>\n\t\t\t\t\t\t\t\t\t<\/div>\n\t\t\t\t\t\t\t\t\t\t\t\t\t\t\t<div class=\"swiper-pagination\"><\/div>\n\t\t\t\t\t\t\t\t\t\t\t\t\t\t\t\t<div class=\"elementor-swiper-button elementor-swiper-button-prev\" role=\"button\" tabindex=\"0\">\n\t\t\t\t\t\t\t<i aria-hidden=\"true\" class=\"eicon-chevron-left\"><\/i>\t\t\t\t\t\t\t<span class=\"elementor-screen-only\">Pr\u00e9c\u00e9dent<\/span>\n\t\t\t\t\t\t<\/div>\n\t\t\t\t\t\t<div class=\"elementor-swiper-button elementor-swiper-button-next\" role=\"button\" tabindex=\"0\">\n\t\t\t\t\t\t\t<i aria-hidden=\"true\" class=\"eicon-chevron-right\"><\/i>\t\t\t\t\t\t\t<span class=\"elementor-screen-only\">Suivant<\/span>\n\t\t\t\t\t\t<\/div>\n\t\t\t\t\t\t\t\t\t\t\t\t<\/div>\n\t\t<\/div>\n\t\t\t\t<\/div>\n\t\t\t\t<\/div>\n\t\t\t\t\t<\/div>\n\t\t<\/div>\n\t\t\t\t\t<\/div>\n\t\t<\/section>\n\t\t\t\t\t<\/div>\n\t\t<\/div>\n\t\t\t\t\t<\/div>\n\t\t<\/section>\n\t\t\t\t<\/div>","protected":false},"excerpt":{"rendered":"<p>Stallarholmen Tillsammans med Stallarholmens N\u00e4tverk arrangerar vi ett antal resor till och i farvattnen kring Stallarholmen, Str\u00e4ngn\u00e4s och M\u00e4ls\u00e5kers slott. Vad som h\u00e4nder i Stallarholmen kan du l\u00e4sa om h\u00e4r. Faciliteter I Stallarholmen hittar du det du beh\u00f6ver. Allt fr\u00e5n toaletter, butiker till trevliga caf\u00e9er och restauranger. Tidtabell Borgm\u00e4staruddenM\u00e4larhamnenSandvikenEkensbergStallarholmen 08:4509:0509:5010:2011:30 F\u00f6reg\u00e5ende N\u00e4sta<\/p>","protected":false},"author":1,"featured_media":0,"parent":0,"menu_order":0,"comment_status":"closed","ping_status":"closed","template":"elementor_header_footer","meta":{"footnotes":""},"class_list":["post-1147","page","type-page","status-publish","hentry"],"_links":{"self":[{"href":"https:\/\/dev.wp.ejdern.org\/fr_fr\/wp-json\/wp\/v2\/pages\/1147","targetHints":{"allow":["GET"]}}],"collection":[{"href":"https:\/\/dev.wp.ejdern.org\/fr_fr\/wp-json\/wp\/v2\/pages"}],"about":[{"href":"https:\/\/dev.wp.ejdern.org\/fr_fr\/wp-json\/wp\/v2\/types\/page"}],"author":[{"embeddable":true,"href":"https:\/\/dev.wp.ejdern.org\/fr_fr\/wp-json\/wp\/v2\/users\/1"}],"replies":[{"embeddable":true,"href":"https:\/\/dev.wp.ejdern.org\/fr_fr\/wp-json\/wp\/v2\/comments?post=1147"}],"version-history":[{"count":85,"href":"https:\/\/dev.wp.ejdern.org\/fr_fr\/wp-json\/wp\/v2\/pages\/1147\/revisions"}],"predecessor-version":[{"id":2957,"href":"https:\/\/dev.wp.ejdern.org\/fr_fr\/wp-json\/wp\/v2\/pages\/1147\/revisions\/2957"}],"wp:attachment":[{"href":"https:\/\/dev.wp.ejdern.org\/fr_fr\/wp-json\/wp\/v2\/media?parent=1147"}],"curies":[{"name":"wp","href":"https:\/\/api.w.org\/{rel}","templated":true}]}}