{"id":1099,"date":"2021-04-20T06:04:23","date_gmt":"2021-04-20T05:04:23","guid":{"rendered":"https:\/\/dev.wp.ejdern.org\/?page_id=1099"},"modified":"2022-04-06T12:06:09","modified_gmt":"2022-04-06T11:06:09","slug":"mariefred","status":"publish","type":"page","link":"https:\/\/dev.wp.ejdern.org\/fr_fr\/mariefred\/","title":{"rendered":"Mariefred"},"content":{"rendered":"<div data-elementor-type=\"wp-page\" data-elementor-id=\"1099\" class=\"elementor elementor-1099\" data-elementor-post-type=\"page\">\n\t\t\t\t\t\t<section class=\"elementor-section elementor-top-section elementor-element elementor-element-79a169cd elementor-section-boxed elementor-section-height-default elementor-section-height-default\" data-id=\"79a169cd\" data-element_type=\"section\">\n\t\t\t\t\t\t<div class=\"elementor-container elementor-column-gap-default\">\n\t\t\t\t\t<div class=\"elementor-column elementor-col-50 elementor-top-column elementor-element elementor-element-7dd8df2e\" data-id=\"7dd8df2e\" data-element_type=\"column\">\n\t\t\t<div class=\"elementor-widget-wrap elementor-element-populated\">\n\t\t\t\t\t\t<div class=\"elementor-element elementor-element-2bcfa7ec elementor-widget elementor-widget-heading\" data-id=\"2bcfa7ec\" data-element_type=\"widget\" data-widget_type=\"heading.default\">\n\t\t\t\t<div class=\"elementor-widget-container\">\n\t\t\t<h2 class=\"elementor-heading-title elementor-size-default\">Journ\u00e9e de la vapeur \u00e0 Mariefred<\/h2>\t\t<\/div>\n\t\t\t\t<\/div>\n\t\t\t\t<div class=\"elementor-element elementor-element-34a64f4b elementor-widget elementor-widget-text-editor\" data-id=\"34a64f4b\" data-element_type=\"widget\" data-widget_type=\"text-editor.default\">\n\t\t\t\t<div class=\"elementor-widget-container\">\n\t\t\t\t\t\t\t<p>Le S\/S Ejdern fait des voyages \u00e0 <a href=\"https:\/\/www.imariefred.nu\/\" target=\"_blank\" rel=\"noopener\">Mariefred<\/a> avec des ajouts \u00e0 certains embarcad\u00e8res de bateaux \u00e0 vapeur dans la tradition des anciens bateaux \u00e0 vapeur. \u00c0 Mariefred, vous pouvez faire un tour sur l'excellente centrale \u00e0 charbon. <a href=\"https:\/\/www.oslj.nu\/\" target=\"_blank\" rel=\"noopener\">trains-mus\u00e9es<\/a>. Ne manquez pas une visite \u00e0 <a href=\"https:\/\/www.kungligaslotten.se\/english\/royal-palaces-and-sites\/gripsholm-castle.html\" target=\"_blank\" rel=\"noopener\">Ch\u00e2teau de Gripsholm<\/a>. Le ch\u00e2teau, vieux de plus de 450 ans, abrite, entre autres, la collection de portraits de l'\u00c9tat.<\/p>\t\t\t\t\t\t<\/div>\n\t\t\t\t<\/div>\n\t\t\t\t<div class=\"elementor-element elementor-element-abdedd8 elementor-widget elementor-widget-heading\" data-id=\"abdedd8\" data-element_type=\"widget\" data-widget_type=\"heading.default\">\n\t\t\t\t<div class=\"elementor-widget-container\">\n\t\t\t<h2 class=\"elementor-heading-title elementor-size-default\">Installations<\/h2>\t\t<\/div>\n\t\t\t\t<\/div>\n\t\t\t\t<div class=\"elementor-element elementor-element-aa81d30 elementor-widget elementor-widget-text-editor\" data-id=\"aa81d30\" data-element_type=\"widget\" data-widget_type=\"text-editor.default\">\n\t\t\t\t<div class=\"elementor-widget-container\">\n\t\t\t\t\t\t\t<p>\u00c0 Mariefred, la perle du lac de Malines, vous trouverez tout ce dont vous avez besoin, des toilettes aux ch\u00e2teaux.<\/p>\t\t\t\t\t\t<\/div>\n\t\t\t\t<\/div>\n\t\t\t\t<div class=\"elementor-element elementor-element-17e6c37 elementor-widget elementor-widget-heading\" data-id=\"17e6c37\" data-element_type=\"widget\" data-widget_type=\"heading.default\">\n\t\t\t\t<div class=\"elementor-widget-container\">\n\t\t\t<h2 class=\"elementor-heading-title elementor-size-default\">Horaire<\/h2>\t\t<\/div>\n\t\t\t\t<\/div>\n\t\t\t\t<section class=\"elementor-section elementor-inner-section elementor-element elementor-element-a627072 elementor-section-boxed elementor-section-height-default elementor-section-height-default\" data-id=\"a627072\" data-element_type=\"section\">\n\t\t\t\t\t\t<div class=\"elementor-container elementor-column-gap-default\">\n\t\t\t\t\t<div class=\"elementor-column elementor-col-50 elementor-inner-column elementor-element elementor-element-9a41fb1\" data-id=\"9a41fb1\" data-element_type=\"column\">\n\t\t\t<div class=\"elementor-widget-wrap elementor-element-populated\">\n\t\t\t\t\t\t<div class=\"elementor-element elementor-element-9f38334 elementor-widget elementor-widget-text-editor\" data-id=\"9f38334\" data-element_type=\"widget\" data-widget_type=\"text-editor.default\">\n\t\t\t\t<div class=\"elementor-widget-container\">\n\t\t\t\t\t\t\t<p>Borgm\u00e4starudden<br \/>M\u00e4larhamnen<br \/>Sandviken<br \/>Ekensberg<br \/>Mariefred<br \/><span style=\"color: #00b0fb;\"><strong>Temps \u00e0 Mariefred<br \/><\/strong><\/span>Mariefred<span style=\"color: #00b0fb;\"><strong><br \/><\/strong><\/span>Ekensberg<br \/>Sandviken<br \/>M\u00e4larhamnen<br \/>Borgm\u00e4starudden<span style=\"color: #00b0fb;\"><strong><br \/><\/strong><\/span><\/p>\t\t\t\t\t\t<\/div>\n\t\t\t\t<\/div>\n\t\t\t\t\t<\/div>\n\t\t<\/div>\n\t\t\t\t<div class=\"elementor-column elementor-col-50 elementor-inner-column elementor-element elementor-element-c0b3db8\" data-id=\"c0b3db8\" data-element_type=\"column\">\n\t\t\t<div class=\"elementor-widget-wrap elementor-element-populated\">\n\t\t\t\t\t\t<div class=\"elementor-element elementor-element-70fdb25 elementor-widget elementor-widget-text-editor\" data-id=\"70fdb25\" data-element_type=\"widget\" data-widget_type=\"text-editor.default\">\n\t\t\t\t<div class=\"elementor-widget-container\">\n\t\t\t\t\t\t\t<p>08:45<br \/>09:05<br \/>09:50<br \/>10:20<br \/>11:40<br \/><span style=\"color: #00b0fb;\"><strong>4 heures 50 min<br \/><\/strong><\/span>16:30<br \/>17:50<br \/>18:20<br \/>19:05<br \/>19:25<\/p>\t\t\t\t\t\t<\/div>\n\t\t\t\t<\/div>\n\t\t\t\t\t<\/div>\n\t\t<\/div>\n\t\t\t\t\t<\/div>\n\t\t<\/section>\n\t\t\t\t\t<\/div>\n\t\t<\/div>\n\t\t\t\t<div class=\"elementor-column elementor-col-50 elementor-top-column elementor-element elementor-element-5c7cd003\" data-id=\"5c7cd003\" data-element_type=\"column\">\n\t\t\t<div class=\"elementor-widget-wrap elementor-element-populated\">\n\t\t\t\t\t\t<div class=\"elementor-element elementor-element-fbb948c elementor-widget elementor-widget-image\" data-id=\"fbb948c\" data-element_type=\"widget\" data-widget_type=\"image.default\">\n\t\t\t\t<div class=\"elementor-widget-container\">\n\t\t\t\t\t\t\t\t\t\t\t\t\t<img fetchpriority=\"high\" decoding=\"async\" width=\"800\" height=\"600\" src=\"https:\/\/dev.wp.ejdern.org\/wp-content\/uploads\/2021\/05\/2018-06-02-12.27.33-1-1024x768.jpg\" class=\"attachment-large size-large wp-image-1370\" alt=\"\" srcset=\"https:\/\/dev.wp.ejdern.org\/wp-content\/uploads\/2021\/05\/2018-06-02-12.27.33-1-1024x768.jpg 1024w, https:\/\/dev.wp.ejdern.org\/wp-content\/uploads\/2021\/05\/2018-06-02-12.27.33-1-300x225.jpg 300w, https:\/\/dev.wp.ejdern.org\/wp-content\/uploads\/2021\/05\/2018-06-02-12.27.33-1-768x576.jpg 768w, https:\/\/dev.wp.ejdern.org\/wp-content\/uploads\/2021\/05\/2018-06-02-12.27.33-1-1536x1152.jpg 1536w, https:\/\/dev.wp.ejdern.org\/wp-content\/uploads\/2021\/05\/2018-06-02-12.27.33-1-2048x1536.jpg 2048w, https:\/\/dev.wp.ejdern.org\/wp-content\/uploads\/2021\/05\/2018-06-02-12.27.33-1-16x12.jpg 16w\" sizes=\"(max-width: 800px) 100vw, 800px\" \/>\t\t\t\t\t\t\t\t\t\t\t\t\t<\/div>\n\t\t\t\t<\/div>\n\t\t\t\t<div class=\"elementor-element elementor-element-e5b6505 elementor-widget elementor-widget-image\" data-id=\"e5b6505\" data-element_type=\"widget\" data-widget_type=\"image.default\">\n\t\t\t\t<div class=\"elementor-widget-container\">\n\t\t\t\t\t\t\t\t\t\t\t\t\t<img decoding=\"async\" width=\"800\" height=\"600\" src=\"https:\/\/dev.wp.ejdern.org\/wp-content\/uploads\/2021\/05\/2018-06-02-12.10.06-2-1024x768.jpg\" class=\"attachment-large size-large wp-image-1375\" alt=\"\" srcset=\"https:\/\/dev.wp.ejdern.org\/wp-content\/uploads\/2021\/05\/2018-06-02-12.10.06-2-1024x768.jpg 1024w, https:\/\/dev.wp.ejdern.org\/wp-content\/uploads\/2021\/05\/2018-06-02-12.10.06-2-300x225.jpg 300w, https:\/\/dev.wp.ejdern.org\/wp-content\/uploads\/2021\/05\/2018-06-02-12.10.06-2-768x576.jpg 768w, https:\/\/dev.wp.ejdern.org\/wp-content\/uploads\/2021\/05\/2018-06-02-12.10.06-2-1536x1152.jpg 1536w, https:\/\/dev.wp.ejdern.org\/wp-content\/uploads\/2021\/05\/2018-06-02-12.10.06-2-16x12.jpg 16w, https:\/\/dev.wp.ejdern.org\/wp-content\/uploads\/2021\/05\/2018-06-02-12.10.06-2.jpg 1568w\" sizes=\"(max-width: 800px) 100vw, 800px\" \/>\t\t\t\t\t\t\t\t\t\t\t\t\t<\/div>\n\t\t\t\t<\/div>\n\t\t\t\t\t<\/div>\n\t\t<\/div>\n\t\t\t\t\t<\/div>\n\t\t<\/section>\n\t\t\t\t<\/div>","protected":false},"excerpt":{"rendered":"<p>Journ\u00e9e des bateaux \u00e0 vapeur \u00e0 Mariefred Le S\/S Ejdern fait des excursions \u00e0 Mariefred avec des ajouts \u00e0 certains embarcad\u00e8res de bateaux \u00e0 vapeur selon la vieille tradition des bateaux \u00e0 vapeur. \u00c0 Mariefred, vous pouvez monter dans les trains-mus\u00e9es aliment\u00e9s au charbon. Ne manquez pas de visiter le ch\u00e2teau de Gripsholm. Le ch\u00e2teau, vieux de plus de 450 ans, abrite, entre autres, la collection de portraits de l'\u00c9tat. Installations \u00c0 Mariefred, la perle de la [...]<\/p>","protected":false},"author":1,"featured_media":0,"parent":0,"menu_order":0,"comment_status":"closed","ping_status":"closed","template":"elementor_header_footer","meta":{"footnotes":""},"class_list":["post-1099","page","type-page","status-publish","hentry"],"_links":{"self":[{"href":"https:\/\/dev.wp.ejdern.org\/fr_fr\/wp-json\/wp\/v2\/pages\/1099","targetHints":{"allow":["GET"]}}],"collection":[{"href":"https:\/\/dev.wp.ejdern.org\/fr_fr\/wp-json\/wp\/v2\/pages"}],"about":[{"href":"https:\/\/dev.wp.ejdern.org\/fr_fr\/wp-json\/wp\/v2\/types\/page"}],"author":[{"embeddable":true,"href":"https:\/\/dev.wp.ejdern.org\/fr_fr\/wp-json\/wp\/v2\/users\/1"}],"replies":[{"embeddable":true,"href":"https:\/\/dev.wp.ejdern.org\/fr_fr\/wp-json\/wp\/v2\/comments?post=1099"}],"version-history":[{"count":64,"href":"https:\/\/dev.wp.ejdern.org\/fr_fr\/wp-json\/wp\/v2\/pages\/1099\/revisions"}],"predecessor-version":[{"id":2746,"href":"https:\/\/dev.wp.ejdern.org\/fr_fr\/wp-json\/wp\/v2\/pages\/1099\/revisions\/2746"}],"wp:attachment":[{"href":"https:\/\/dev.wp.ejdern.org\/fr_fr\/wp-json\/wp\/v2\/media?parent=1099"}],"curies":[{"name":"wp","href":"https:\/\/api.w.org\/{rel}","templated":true}]}}