{"id":105,"date":"2021-02-07T08:35:32","date_gmt":"2021-02-07T07:35:32","guid":{"rendered":"https:\/\/dev.wp.ejdern.org\/?page_id=105"},"modified":"2022-06-25T17:18:02","modified_gmt":"2022-06-25T16:18:02","slug":"home","status":"publish","type":"page","link":"https:\/\/dev.wp.ejdern.org\/fr_fr\/","title":{"rendered":"Accueil"},"content":{"rendered":"<div data-elementor-type=\"wp-page\" data-elementor-id=\"105\" class=\"elementor elementor-105\" data-elementor-post-type=\"page\">\n\t\t\t\t\t\t<section class=\"elementor-section elementor-top-section elementor-element elementor-element-9e7f257 elementor-section-boxed elementor-section-height-default elementor-section-height-default\" data-id=\"9e7f257\" data-element_type=\"section\">\n\t\t\t\t\t\t<div class=\"elementor-container elementor-column-gap-default\">\n\t\t\t\t\t<div class=\"elementor-column elementor-col-100 elementor-top-column elementor-element elementor-element-fdb5e4c\" data-id=\"fdb5e4c\" data-element_type=\"column\">\n\t\t\t<div class=\"elementor-widget-wrap elementor-element-populated\">\n\t\t\t\t\t\t<div class=\"elementor-element elementor-element-496e771 elementor-widget elementor-widget-text-editor\" data-id=\"496e771\" data-element_type=\"widget\" data-widget_type=\"text-editor.default\">\n\t\t\t\t<div class=\"elementor-widget-container\">\n\t\t\t\t\t\t\t<p style=\"text-align: center;\">Traductions r\u00e9alis\u00e9es par TranslatePress et DeepL Pro<br \/>Veuillez noter que <a href=\"https:\/\/techcommunity.microsoft.com\/t5\/microsoft-365-blog\/microsoft-365-apps-say-farewell-to-internet-explorer-11-and\/ba-p\/1591666\">MS Internet Explorer<\/a> ne prend pas en charge ces pages<\/p>\t\t\t\t\t\t<\/div>\n\t\t\t\t<\/div>\n\t\t\t\t<div class=\"elementor-element elementor-element-4c52dc5 elementor-arrows-position-inside elementor-pagination-position-outside elementor-widget elementor-widget-image-carousel\" data-id=\"4c52dc5\" data-element_type=\"widget\" data-settings=\"{&quot;_animation&quot;:&quot;none&quot;,&quot;navigation&quot;:&quot;both&quot;,&quot;autoplay&quot;:&quot;yes&quot;,&quot;pause_on_hover&quot;:&quot;yes&quot;,&quot;pause_on_interaction&quot;:&quot;yes&quot;,&quot;autoplay_speed&quot;:5000,&quot;infinite&quot;:&quot;yes&quot;,&quot;speed&quot;:500}\" data-widget_type=\"image-carousel.default\">\n\t\t\t\t<div class=\"elementor-widget-container\">\n\t\t\t\t\t<div class=\"elementor-image-carousel-wrapper swiper\" dir=\"ltr\">\n\t\t\t<div class=\"elementor-image-carousel swiper-wrapper\" aria-live=\"off\">\n\t\t\t\t\t\t\t\t<div class=\"swiper-slide\" role=\"group\" aria-roledescription=\"slide\" aria-label=\"1 sur 4\"><figure class=\"swiper-slide-inner\"><img decoding=\"async\" class=\"swiper-slide-image\" src=\"https:\/\/dev.wp.ejdern.org\/wp-content\/uploads\/2021\/02\/Lightroom-3339-scaled-e1612688112174.jpg\" alt=\"Lightroom-3339\" \/><\/figure><\/div><div class=\"swiper-slide\" role=\"group\" aria-roledescription=\"slide\" aria-label=\"2 sur 4\"><figure class=\"swiper-slide-inner\"><img decoding=\"async\" class=\"swiper-slide-image\" src=\"https:\/\/dev.wp.ejdern.org\/wp-content\/uploads\/2021\/05\/Slandon-2560x1440-1.jpg\" alt=\"Sland\u00f6n 2560x1440\" \/><\/figure><\/div><div class=\"swiper-slide\" role=\"group\" aria-roledescription=\"slide\" aria-label=\"3 sur 4\"><figure class=\"swiper-slide-inner\"><img decoding=\"async\" class=\"swiper-slide-image\" src=\"https:\/\/dev.wp.ejdern.org\/wp-content\/uploads\/2021\/04\/Birka2.jpg\" alt=\"Birka2\" \/><\/figure><\/div><div class=\"swiper-slide\" role=\"group\" aria-roledescription=\"slide\" aria-label=\"4 sur 4\"><figure class=\"swiper-slide-inner\"><img decoding=\"async\" class=\"swiper-slide-image\" src=\"https:\/\/dev.wp.ejdern.org\/wp-content\/uploads\/2021\/05\/2560x1440.jpg\" alt=\"2560x1440\" \/><\/figure><\/div>\t\t\t<\/div>\n\t\t\t\t\t\t\t\t\t\t\t\t<div class=\"elementor-swiper-button elementor-swiper-button-prev\" role=\"button\" tabindex=\"0\">\n\t\t\t\t\t\t<i aria-hidden=\"true\" class=\"eicon-chevron-left\"><\/i>\t\t\t\t\t<\/div>\n\t\t\t\t\t<div class=\"elementor-swiper-button elementor-swiper-button-next\" role=\"button\" tabindex=\"0\">\n\t\t\t\t\t\t<i aria-hidden=\"true\" class=\"eicon-chevron-right\"><\/i>\t\t\t\t\t<\/div>\n\t\t\t\t\n\t\t\t\t\t\t\t\t\t<div class=\"swiper-pagination\"><\/div>\n\t\t\t\t\t\t\t\t\t<\/div>\n\t\t\t\t<\/div>\n\t\t\t\t<\/div>\n\t\t\t\t\t<\/div>\n\t\t<\/div>\n\t\t\t\t\t<\/div>\n\t\t<\/section>\n\t\t\t\t<section class=\"elementor-section elementor-top-section elementor-element elementor-element-f795fe4 elementor-section-boxed elementor-section-height-default elementor-section-height-default\" data-id=\"f795fe4\" data-element_type=\"section\">\n\t\t\t\t\t\t<div class=\"elementor-container elementor-column-gap-default\">\n\t\t\t\t\t<div class=\"elementor-column elementor-col-50 elementor-top-column elementor-element elementor-element-362b7e4\" data-id=\"362b7e4\" data-element_type=\"column\">\n\t\t\t<div class=\"elementor-widget-wrap elementor-element-populated\">\n\t\t\t\t\t\t<div class=\"elementor-element elementor-element-06378bd elementor-widget elementor-widget-text-editor\" data-id=\"06378bd\" data-element_type=\"widget\" data-widget_type=\"text-editor.default\">\n\t\t\t\t<div class=\"elementor-widget-container\">\n\t\t\t\t\t\t\t<p>S \/ S Ejdern a \u00e9t\u00e9 construit en 1880 dans l&#039;atelier de m\u00e9canique de G\u00f6teborg pour aller dans le trafic c\u00f4tier dans l&#039;archipel de G\u00f6teborg et a \u00e9t\u00e9 lanc\u00e9 le 14 mai de la m\u00eame ann\u00e9e. Entre les ann\u00e9es 1898 et 1906, Ejdern a trafiqu\u00e9 les eaux autour du lac Roxen pour finalement se retrouver \u00e0 S\u00f6dert\u00e4lje.<\/p><p>Et aujourd&#039;hui, elle est le plus ancien navire \u00e0 vapeur au charbon \u00e0 h\u00e9lice du monde avec la machine d&#039;origine toujours en fonctionnement. <a href=\"https:\/\/dev.wp.ejdern.org\/fr_fr\/om\/\">En savoir plus sur le navire et l&#039;association<\/a>.<\/p>\t\t\t\t\t\t<\/div>\n\t\t\t\t<\/div>\n\t\t\t\t<div class=\"elementor-element elementor-element-6680bd9 elementor-widget elementor-widget-heading\" data-id=\"6680bd9\" data-element_type=\"widget\" data-widget_type=\"heading.default\">\n\t\t\t\t<div class=\"elementor-widget-container\">\n\t\t\t<h2 class=\"elementor-heading-title elementor-size-default\">L&#039;association des mus\u00e9es \u00c5ngfartyget Ejdern<\/h2>\t\t<\/div>\n\t\t\t\t<\/div>\n\t\t\t\t<div class=\"elementor-element elementor-element-0ad4c33 elementor-widget elementor-widget-text-editor\" data-id=\"0ad4c33\" data-element_type=\"widget\" data-widget_type=\"text-editor.default\">\n\t\t\t\t<div class=\"elementor-widget-container\">\n\t\t\t\t\t\t\t<p>L&#039;association mus\u00e9ale \u00c5ngfartyget Ejdern veillera \u00e0 ce que S \/ S Ejdern - gr\u00e2ce \u00e0 des efforts volontaires au sein de l&#039;association - soit pr\u00e9serv\u00e9e en tant que monument historique vivant de la communication \u00e0 S\u00f6dert\u00e4lje. <a href=\"https:\/\/dev.wp.ejdern.org\/fr_fr\/om\/\">En savoir plus sur le navire et l&#039;association<\/a>.<\/p>\t\t\t\t\t\t<\/div>\n\t\t\t\t<\/div>\n\t\t\t\t<div class=\"elementor-element elementor-element-98e608a elementor-widget elementor-widget-heading\" data-id=\"98e608a\" data-element_type=\"widget\" data-widget_type=\"heading.default\">\n\t\t\t\t<div class=\"elementor-widget-container\">\n\t\t\t<h2 class=\"elementor-heading-title elementor-size-default\">S&#039;inscrire<\/h2>\t\t<\/div>\n\t\t\t\t<\/div>\n\t\t\t\t<div class=\"elementor-element elementor-element-4582bf8 elementor-widget elementor-widget-text-editor\" data-id=\"4582bf8\" data-element_type=\"widget\" data-widget_type=\"text-editor.default\">\n\t\t\t\t<div class=\"elementor-widget-container\">\n\t\t\t\t\t\t\t<p>Vous devenez membre en d\u00e9posant les frais d&#039;adh\u00e9sion \u00e0 Bankgiro 826-8302 ou Swisha au 123033 79 64.<br \/>L&#039;adh\u00e9sion co\u00fbte 200 SEK par an pour une personne ou 300 SEK par an pour une famille (enfants de moins de 18 ans vivant \u00e0 la maison).<br \/>Envoyer avec adresse postale et \/ ou adresse e-mail.<br \/>En tant que membre, vous soutenez la pr\u00e9servation de l&#039;Eider et recevez quatre fiches d&#039;information par an ainsi que la possibilit\u00e9 de participer au voyage annuel d&#039;adh\u00e9sion pour un prix avantageux.<\/p>\t\t\t\t\t\t<\/div>\n\t\t\t\t<\/div>\n\t\t\t\t<div class=\"elementor-element elementor-element-512881f elementor-widget elementor-widget-heading\" data-id=\"512881f\" data-element_type=\"widget\" data-widget_type=\"heading.default\">\n\t\t\t\t<div class=\"elementor-widget-container\">\n\t\t\t<h2 class=\"elementor-heading-title elementor-size-default\">Travailler \u00e0 bord<\/h2>\t\t<\/div>\n\t\t\t\t<\/div>\n\t\t\t\t<div class=\"elementor-element elementor-element-a648c73 elementor-widget elementor-widget-text-editor\" data-id=\"a648c73\" data-element_type=\"widget\" data-widget_type=\"text-editor.default\">\n\t\t\t\t<div class=\"elementor-widget-container\">\n\t\t\t\t\t\t\t<p>Tu as 16 ans ou plus et tu veux essayer la vie de marin. Ensuite, vous \u00eates le bienvenu sur le bateau pour enregistrer votre int\u00e9r\u00eat. Ou inscrivez-vous par e-mail \u00e0 <a href=\"mailto:kansliet@ejdern.org\">chancellerie<\/a>.<\/p>\t\t\t\t\t\t<\/div>\n\t\t\t\t<\/div>\n\t\t\t\t\t<\/div>\n\t\t<\/div>\n\t\t\t\t<div class=\"elementor-column elementor-col-50 elementor-top-column elementor-element elementor-element-805b1e8\" data-id=\"805b1e8\" data-element_type=\"column\">\n\t\t\t<div class=\"elementor-widget-wrap elementor-element-populated\">\n\t\t\t\t\t\t<div class=\"elementor-element elementor-element-6b2a1db elementor-widget elementor-widget-heading\" data-id=\"6b2a1db\" data-element_type=\"widget\" data-widget_type=\"heading.default\">\n\t\t\t\t<div class=\"elementor-widget-container\">\n\t\t\t<h2 class=\"elementor-heading-title elementor-size-default\">Bienvenue \u00e0 S \/ S Ejdern<\/h2>\t\t<\/div>\n\t\t\t\t<\/div>\n\t\t\t\t<div class=\"elementor-element elementor-element-923dff4 elementor-widget elementor-widget-text-editor\" data-id=\"923dff4\" data-element_type=\"widget\" data-widget_type=\"text-editor.default\">\n\t\t\t\t<div class=\"elementor-widget-container\">\n\t\t\t\t\t\t\t<ul><li>Circuits entre Stallarholmen et le ch\u00e2teau de M\u00e4ls\u00e5ker.<\/li><li>Festival de la chanson au ch\u00e2teau de M\u00e4ls\u00e5ker.<\/li><li>Festival viking \u00e0 Stallarholmen avec des excursions depuis Str\u00e4ngn\u00e4s.<\/li><li>Guilde des sangliers sur Birka avec des excursions depuis M\u00e4larhamnen (S\u00f6dert\u00e4lje) et Stallarholmen.<\/li><li>Journ\u00e9e du bateau \u00e0 vapeur et du bateau de l'archipel.<\/li><li>Birka et Adels\u00f6, bien s\u00fbr.<\/li><li>Taxinge castle.<\/li><li>Mariefred.<\/li><\/ul><div>\u00a0<\/div><div>Nous le compl\u00e9terons au fur et \u00e0 mesure que nous trouverons de nouveaux objectifs.<\/div>\t\t\t\t\t\t<\/div>\n\t\t\t\t<\/div>\n\t\t\t\t\t<\/div>\n\t\t<\/div>\n\t\t\t\t\t<\/div>\n\t\t<\/section>\n\t\t\t\t<section class=\"elementor-section elementor-top-section elementor-element elementor-element-c66159e elementor-section-boxed elementor-section-height-default elementor-section-height-default\" data-id=\"c66159e\" data-element_type=\"section\">\n\t\t\t\t\t\t<div class=\"elementor-container elementor-column-gap-default\">\n\t\t\t\t\t<div class=\"elementor-column elementor-col-100 elementor-top-column elementor-element elementor-element-f259ad7\" data-id=\"f259ad7\" data-element_type=\"column\">\n\t\t\t<div class=\"elementor-widget-wrap\">\n\t\t\t\t\t\t\t<\/div>\n\t\t<\/div>\n\t\t\t\t\t<\/div>\n\t\t<\/section>\n\t\t\t\t<section class=\"elementor-section elementor-top-section elementor-element elementor-element-ccb1e5a elementor-section-boxed elementor-section-height-default elementor-section-height-default\" data-id=\"ccb1e5a\" data-element_type=\"section\">\n\t\t\t\t\t\t<div class=\"elementor-container elementor-column-gap-default\">\n\t\t\t\t\t<div class=\"elementor-column elementor-col-100 elementor-top-column elementor-element elementor-element-0e91b52\" data-id=\"0e91b52\" data-element_type=\"column\">\n\t\t\t<div class=\"elementor-widget-wrap\">\n\t\t\t\t\t\t\t<\/div>\n\t\t<\/div>\n\t\t\t\t\t<\/div>\n\t\t<\/section>\n\t\t\t\t<\/div>","protected":false},"excerpt":{"rendered":"<p>Traductions r\u00e9alis\u00e9es par TranslatePress et DeepL ProVeuillez noter que MS Internet Explorer ne prend pas en charge ces pages Pr\u00e9c\u00e9dent Suivant Le S\/S Ejdern a \u00e9t\u00e9 construit en 1880 \u00e0 l'atelier m\u00e9canique de G\u00f6teborg pour le service c\u00f4tier dans l'archipel de G\u00f6teborg et a \u00e9t\u00e9 lanc\u00e9 le 14 mai de la m\u00eame ann\u00e9e. Entre 1898 et 1906, l'Ejdern a op\u00e9r\u00e9 dans les eaux autour du lac Roxen pour [...].<\/p>","protected":false},"author":2,"featured_media":0,"parent":0,"menu_order":0,"comment_status":"closed","ping_status":"closed","template":"elementor_header_footer","meta":{"footnotes":""},"class_list":["post-105","page","type-page","status-publish","hentry"],"_links":{"self":[{"href":"https:\/\/dev.wp.ejdern.org\/fr_fr\/wp-json\/wp\/v2\/pages\/105","targetHints":{"allow":["GET"]}}],"collection":[{"href":"https:\/\/dev.wp.ejdern.org\/fr_fr\/wp-json\/wp\/v2\/pages"}],"about":[{"href":"https:\/\/dev.wp.ejdern.org\/fr_fr\/wp-json\/wp\/v2\/types\/page"}],"author":[{"embeddable":true,"href":"https:\/\/dev.wp.ejdern.org\/fr_fr\/wp-json\/wp\/v2\/users\/2"}],"replies":[{"embeddable":true,"href":"https:\/\/dev.wp.ejdern.org\/fr_fr\/wp-json\/wp\/v2\/comments?post=105"}],"version-history":[{"count":541,"href":"https:\/\/dev.wp.ejdern.org\/fr_fr\/wp-json\/wp\/v2\/pages\/105\/revisions"}],"predecessor-version":[{"id":2954,"href":"https:\/\/dev.wp.ejdern.org\/fr_fr\/wp-json\/wp\/v2\/pages\/105\/revisions\/2954"}],"wp:attachment":[{"href":"https:\/\/dev.wp.ejdern.org\/fr_fr\/wp-json\/wp\/v2\/media?parent=105"}],"curies":[{"name":"wp","href":"https:\/\/api.w.org\/{rel}","templated":true}]}}