{"id":828,"date":"2021-04-15T11:34:37","date_gmt":"2021-04-15T10:34:37","guid":{"rendered":"https:\/\/dev.wp.ejdern.org\/?page_id=828"},"modified":"2022-03-28T22:31:10","modified_gmt":"2022-03-28T21:31:10","slug":"mbd","status":"publish","type":"page","link":"https:\/\/dev.wp.ejdern.org\/fi\/mbd\/","title":{"rendered":"Museibanans p\u00e4iv\u00e4"},"content":{"rendered":"<div data-elementor-type=\"wp-page\" data-elementor-id=\"828\" class=\"elementor elementor-828\" data-elementor-post-type=\"page\">\n\t\t\t\t\t\t<section class=\"elementor-section elementor-top-section elementor-element elementor-element-64088388 elementor-section-boxed elementor-section-height-default elementor-section-height-default\" data-id=\"64088388\" data-element_type=\"section\">\n\t\t\t\t\t\t<div class=\"elementor-container elementor-column-gap-default\">\n\t\t\t\t\t<div class=\"elementor-column elementor-col-100 elementor-top-column elementor-element elementor-element-316c3c3a\" data-id=\"316c3c3a\" data-element_type=\"column\">\n\t\t\t<div class=\"elementor-widget-wrap elementor-element-populated\">\n\t\t\t\t\t\t<div class=\"elementor-element elementor-element-59edee2d elementor-widget elementor-widget-heading\" data-id=\"59edee2d\" data-element_type=\"widget\" data-widget_type=\"heading.default\">\n\t\t\t\t<div class=\"elementor-widget-container\">\n\t\t\t<h2 class=\"elementor-heading-title elementor-size-default\">Museibanans p\u00e4iv\u00e4 2022<\/h2>\t\t<\/div>\n\t\t\t\t<\/div>\n\t\t\t\t<div class=\"elementor-element elementor-element-29c36115 elementor-widget elementor-widget-text-editor\" data-id=\"29c36115\" data-element_type=\"widget\" data-widget_type=\"text-editor.default\">\n\t\t\t\t<div class=\"elementor-widget-container\">\n\t\t\t\t\t\t\t<p>24\/9 menemme Mariefrediin. Siell\u00e4 \u00d6stra S\u00f6dermanlands J\u00e4rnv\u00e4g j\u00e4rjest\u00e4\u00e4 museorautatiep\u00e4iv\u00e4n. Ota h\u00f6yryjuna Mariefredist\u00e4 Taxingeen ja sitten Ejdern Taxingesta takaisin Mariefrediin. Voit menn\u00e4 my\u00f6s toiseen suuntaan.<\/p>\t\t\t\t\t\t<\/div>\n\t\t\t\t<\/div>\n\t\t\t\t<div class=\"elementor-element elementor-element-bf0ffc8 elementor-widget elementor-widget-image\" data-id=\"bf0ffc8\" data-element_type=\"widget\" data-widget_type=\"image.default\">\n\t\t\t\t<div class=\"elementor-widget-container\">\n\t\t\t\t\t\t\t\t\t\t\t\t\t<img fetchpriority=\"high\" decoding=\"async\" width=\"2560\" height=\"1920\" src=\"https:\/\/dev.wp.ejdern.org\/wp-content\/uploads\/2021\/09\/4-RJRaPQ-scaled.jpeg\" class=\"attachment-full size-full wp-image-2370\" alt=\"\" srcset=\"https:\/\/dev.wp.ejdern.org\/wp-content\/uploads\/2021\/09\/4-RJRaPQ-scaled.jpeg 2560w, https:\/\/dev.wp.ejdern.org\/wp-content\/uploads\/2021\/09\/4-RJRaPQ-300x225.jpeg 300w, https:\/\/dev.wp.ejdern.org\/wp-content\/uploads\/2021\/09\/4-RJRaPQ-1024x768.jpeg 1024w, https:\/\/dev.wp.ejdern.org\/wp-content\/uploads\/2021\/09\/4-RJRaPQ-768x576.jpeg 768w, https:\/\/dev.wp.ejdern.org\/wp-content\/uploads\/2021\/09\/4-RJRaPQ-1536x1152.jpeg 1536w, https:\/\/dev.wp.ejdern.org\/wp-content\/uploads\/2021\/09\/4-RJRaPQ-2048x1536.jpeg 2048w, https:\/\/dev.wp.ejdern.org\/wp-content\/uploads\/2021\/09\/4-RJRaPQ-16x12.jpeg 16w\" sizes=\"(max-width: 2560px) 100vw, 2560px\" \/>\t\t\t\t\t\t\t\t\t\t\t\t\t<\/div>\n\t\t\t\t<\/div>\n\t\t\t\t<div class=\"elementor-element elementor-element-1d24c55e elementor-widget elementor-widget-heading\" data-id=\"1d24c55e\" data-element_type=\"widget\" data-widget_type=\"heading.default\">\n\t\t\t\t<div class=\"elementor-widget-container\">\n\t\t\t<h2 class=\"elementor-heading-title elementor-size-default\">Alustava aikataulu<\/h2>\t\t<\/div>\n\t\t\t\t<\/div>\n\t\t\t\t<div class=\"elementor-element elementor-element-fc6fbd8 elementor-widget elementor-widget-text-editor\" data-id=\"fc6fbd8\" data-element_type=\"widget\" data-widget_type=\"text-editor.default\">\n\t\t\t\t<div class=\"elementor-widget-container\">\n\t\t\t\t\t\t\t<p>L\u00e4ht\u00f6 Borgm\u00e4staruddenista 08:00. Ank Mariefred c:a 11:00.<\/p><p>Avg Mariefred 11.15. Ank Taxinge c:a 11.45.<br \/>Avg Taxinge 12.00. Ank Mariefred c:a 12.30.<br \/>Avg Mariefred 14.05. Ank Taxingex c:a 14.35.<br \/>Keskim\u00e4\u00e4r\u00e4inen vero 15.00. Ank Mariefred c:a 15.30.<\/p><p>Liput voi ostaa aluksella.<\/p>\t\t\t\t\t\t<\/div>\n\t\t\t\t<\/div>\n\t\t\t\t\t<\/div>\n\t\t<\/div>\n\t\t\t\t\t<\/div>\n\t\t<\/section>\n\t\t\t\t<\/div>","protected":false},"excerpt":{"rendered":"<p>Museibanans p\u00e4iv\u00e4 2022 24\/9 menemme Mariefrediin. Siell\u00e4 \u00d6stra S\u00f6dermanlands J\u00e4rnv\u00e4g j\u00e4rjest\u00e4\u00e4 Museibanans-p\u00e4iv\u00e4n. Ota h\u00f6yryjuna Mariefredist\u00e4 Taxingeen ja sitten Ejdern Taxingesta takaisin Mariefrediin. Voit toimia my\u00f6s toisinp\u00e4in. Alustava aikataulu L\u00e4ht\u00f6 Borgm\u00e4starudden 08:00. Saapuminen Mariefrediin noin klo 11:00. L\u00e4ht\u00f6 Mariefredist\u00e4 klo 11:15. Saapuminen Taxinge c:a 11.45.L\u00e4ht\u00f6 Taxinge 12.00. [...]<\/p>","protected":false},"author":1,"featured_media":0,"parent":0,"menu_order":0,"comment_status":"closed","ping_status":"closed","template":"elementor_header_footer","meta":{"footnotes":""},"class_list":["post-828","page","type-page","status-publish","hentry"],"_links":{"self":[{"href":"https:\/\/dev.wp.ejdern.org\/fi\/wp-json\/wp\/v2\/pages\/828","targetHints":{"allow":["GET"]}}],"collection":[{"href":"https:\/\/dev.wp.ejdern.org\/fi\/wp-json\/wp\/v2\/pages"}],"about":[{"href":"https:\/\/dev.wp.ejdern.org\/fi\/wp-json\/wp\/v2\/types\/page"}],"author":[{"embeddable":true,"href":"https:\/\/dev.wp.ejdern.org\/fi\/wp-json\/wp\/v2\/users\/1"}],"replies":[{"embeddable":true,"href":"https:\/\/dev.wp.ejdern.org\/fi\/wp-json\/wp\/v2\/comments?post=828"}],"version-history":[{"count":198,"href":"https:\/\/dev.wp.ejdern.org\/fi\/wp-json\/wp\/v2\/pages\/828\/revisions"}],"predecessor-version":[{"id":2580,"href":"https:\/\/dev.wp.ejdern.org\/fi\/wp-json\/wp\/v2\/pages\/828\/revisions\/2580"}],"wp:attachment":[{"href":"https:\/\/dev.wp.ejdern.org\/fi\/wp-json\/wp\/v2\/media?parent=828"}],"curies":[{"name":"wp","href":"https:\/\/api.w.org\/{rel}","templated":true}]}}