{"id":2738,"date":"2022-04-06T11:58:49","date_gmt":"2022-04-06T10:58:49","guid":{"rendered":"https:\/\/dev.wp.ejdern.org\/?page_id=2738"},"modified":"2022-05-22T11:57:50","modified_gmt":"2022-05-22T10:57:50","slug":"taxinge-slott","status":"publish","type":"page","link":"https:\/\/dev.wp.ejdern.org\/fi\/taxinge-slott\/","title":{"rendered":"Taxingen linna"},"content":{"rendered":"<div data-elementor-type=\"wp-page\" data-elementor-id=\"2738\" class=\"elementor elementor-2738\" data-elementor-post-type=\"page\">\n\t\t\t\t\t\t<section class=\"elementor-section elementor-top-section elementor-element elementor-element-3c30efc elementor-section-boxed elementor-section-height-default elementor-section-height-default\" data-id=\"3c30efc\" data-element_type=\"section\">\n\t\t\t\t\t\t<div class=\"elementor-container elementor-column-gap-default\">\n\t\t\t\t\t<div class=\"elementor-column elementor-col-50 elementor-top-column elementor-element elementor-element-72b4a19\" data-id=\"72b4a19\" data-element_type=\"column\">\n\t\t\t<div class=\"elementor-widget-wrap elementor-element-populated\">\n\t\t\t\t\t\t<div class=\"elementor-element elementor-element-bb38b42 elementor-widget elementor-widget-heading\" data-id=\"bb38b42\" data-element_type=\"widget\" data-widget_type=\"heading.default\">\n\t\t\t\t<div class=\"elementor-widget-container\">\n\t\t\t<h2 class=\"elementor-heading-title elementor-size-default\">Taxingen linna<\/h2>\t\t<\/div>\n\t\t\t\t<\/div>\n\t\t\t\t<div class=\"elementor-element elementor-element-5148a05 elementor-widget elementor-widget-text-editor\" data-id=\"5148a05\" data-element_type=\"widget\" data-widget_type=\"text-editor.default\">\n\t\t\t\t<div class=\"elementor-widget-container\">\n\t\t\t\t\t\t\t<p>Sit\u00e4 kutsutaan my\u00f6s kakkulinnaksi. <a href=\"https:\/\/www.taxingeslott.se\/\">Klikkaa t\u00e4st\u00e4<\/a> lukemaan kaiken linnasta ja siit\u00e4, mit\u00e4 siell\u00e4 voi tehd\u00e4.<\/p>\t\t\t\t\t\t<\/div>\n\t\t\t\t<\/div>\n\t\t\t\t<div class=\"elementor-element elementor-element-7256ad6 elementor-widget elementor-widget-heading\" data-id=\"7256ad6\" data-element_type=\"widget\" data-widget_type=\"heading.default\">\n\t\t\t\t<div class=\"elementor-widget-container\">\n\t\t\t<h2 class=\"elementor-heading-title elementor-size-default\">Aikataulu<\/h2>\t\t<\/div>\n\t\t\t\t<\/div>\n\t\t\t\t<section class=\"elementor-section elementor-inner-section elementor-element elementor-element-fa252e1 elementor-section-boxed elementor-section-height-default elementor-section-height-default\" data-id=\"fa252e1\" data-element_type=\"section\">\n\t\t\t\t\t\t<div class=\"elementor-container elementor-column-gap-default\">\n\t\t\t\t\t<div class=\"elementor-column elementor-col-50 elementor-inner-column elementor-element elementor-element-79e2d33\" data-id=\"79e2d33\" data-element_type=\"column\">\n\t\t\t<div class=\"elementor-widget-wrap elementor-element-populated\">\n\t\t\t\t\t\t<div class=\"elementor-element elementor-element-3361656 elementor-widget elementor-widget-text-editor\" data-id=\"3361656\" data-element_type=\"widget\" data-widget_type=\"text-editor.default\">\n\t\t\t\t<div class=\"elementor-widget-container\">\n\t\t\t\t\t\t\t<p>M\u00e4larhamnen<br \/>Taxingen linna<br \/><span style=\"color: #00b0fb;\"><strong>Aika Taxingeissa<br \/><\/strong><\/span>Taxingen linna<span style=\"color: #00b0fb;\"><strong><br \/><\/strong><\/span>M\u00e4larhamnen<span style=\"color: #00b0fb;\"><strong><br \/><\/strong><\/span><\/p>\t\t\t\t\t\t<\/div>\n\t\t\t\t<\/div>\n\t\t\t\t\t<\/div>\n\t\t<\/div>\n\t\t\t\t<div class=\"elementor-column elementor-col-50 elementor-inner-column elementor-element elementor-element-9afaefa\" data-id=\"9afaefa\" data-element_type=\"column\">\n\t\t\t<div class=\"elementor-widget-wrap elementor-element-populated\">\n\t\t\t\t\t\t<div class=\"elementor-element elementor-element-98d12c6 elementor-widget elementor-widget-text-editor\" data-id=\"98d12c6\" data-element_type=\"widget\" data-widget_type=\"text-editor.default\">\n\t\t\t\t<div class=\"elementor-widget-container\">\n\t\t\t\t\t\t\t<p>08:45<br \/>11:15<br \/><span style=\"color: #00b0fb;\"><strong>2 tuntia 45 min<br \/><\/strong><\/span>14:00<br \/>16:30<\/p>\t\t\t\t\t\t<\/div>\n\t\t\t\t<\/div>\n\t\t\t\t\t<\/div>\n\t\t<\/div>\n\t\t\t\t\t<\/div>\n\t\t<\/section>\n\t\t\t\t\t<\/div>\n\t\t<\/div>\n\t\t\t\t<div class=\"elementor-column elementor-col-50 elementor-top-column elementor-element elementor-element-eb5d394\" data-id=\"eb5d394\" data-element_type=\"column\">\n\t\t\t<div class=\"elementor-widget-wrap elementor-element-populated\">\n\t\t\t\t\t\t<div class=\"elementor-element elementor-element-d5ee48b elementor-widget elementor-widget-image\" data-id=\"d5ee48b\" data-element_type=\"widget\" data-widget_type=\"image.default\">\n\t\t\t\t<div class=\"elementor-widget-container\">\n\t\t\t\t\t\t\t\t\t\t\t\t\t<img fetchpriority=\"high\" decoding=\"async\" width=\"276\" height=\"183\" src=\"https:\/\/dev.wp.ejdern.org\/wp-content\/uploads\/2022\/04\/Taxinge1.jpg\" class=\"attachment-1536x1536 size-1536x1536 wp-image-2748\" alt=\"\" srcset=\"https:\/\/dev.wp.ejdern.org\/wp-content\/uploads\/2022\/04\/Taxinge1.jpg 276w, https:\/\/dev.wp.ejdern.org\/wp-content\/uploads\/2022\/04\/Taxinge1-18x12.jpg 18w\" sizes=\"(max-width: 276px) 100vw, 276px\" \/>\t\t\t\t\t\t\t\t\t\t\t\t\t<\/div>\n\t\t\t\t<\/div>\n\t\t\t\t<div class=\"elementor-element elementor-element-f26d0dc elementor-widget elementor-widget-image\" data-id=\"f26d0dc\" data-element_type=\"widget\" data-widget_type=\"image.default\">\n\t\t\t\t<div class=\"elementor-widget-container\">\n\t\t\t\t\t\t\t\t\t\t\t\t\t<img decoding=\"async\" width=\"275\" height=\"183\" src=\"https:\/\/dev.wp.ejdern.org\/wp-content\/uploads\/2022\/04\/Taxinge2.jpg\" class=\"attachment-1536x1536 size-1536x1536 wp-image-2749\" alt=\"\" srcset=\"https:\/\/dev.wp.ejdern.org\/wp-content\/uploads\/2022\/04\/Taxinge2.jpg 275w, https:\/\/dev.wp.ejdern.org\/wp-content\/uploads\/2022\/04\/Taxinge2-18x12.jpg 18w\" sizes=\"(max-width: 275px) 100vw, 275px\" \/>\t\t\t\t\t\t\t\t\t\t\t\t\t<\/div>\n\t\t\t\t<\/div>\n\t\t\t\t\t<\/div>\n\t\t<\/div>\n\t\t\t\t\t<\/div>\n\t\t<\/section>\n\t\t\t\t<\/div>","protected":false},"excerpt":{"rendered":"<p>Taxinge slott \u00c4ven kallat kakslottet. Klicka h\u00e4r f\u00f6r att l\u00e4sa allt om slottet och vad du kan g\u00f6ra d\u00e4r. Tidtabell M\u00e4larhamnenTaxinge slottTid i TaxingeTaxinge slottM\u00e4larhamnen 08:4511:152 tim 45 min14:0016:30<\/p>","protected":false},"author":2,"featured_media":0,"parent":0,"menu_order":0,"comment_status":"closed","ping_status":"closed","template":"elementor_header_footer","meta":{"footnotes":""},"class_list":["post-2738","page","type-page","status-publish","hentry"],"_links":{"self":[{"href":"https:\/\/dev.wp.ejdern.org\/fi\/wp-json\/wp\/v2\/pages\/2738","targetHints":{"allow":["GET"]}}],"collection":[{"href":"https:\/\/dev.wp.ejdern.org\/fi\/wp-json\/wp\/v2\/pages"}],"about":[{"href":"https:\/\/dev.wp.ejdern.org\/fi\/wp-json\/wp\/v2\/types\/page"}],"author":[{"embeddable":true,"href":"https:\/\/dev.wp.ejdern.org\/fi\/wp-json\/wp\/v2\/users\/2"}],"replies":[{"embeddable":true,"href":"https:\/\/dev.wp.ejdern.org\/fi\/wp-json\/wp\/v2\/comments?post=2738"}],"version-history":[{"count":23,"href":"https:\/\/dev.wp.ejdern.org\/fi\/wp-json\/wp\/v2\/pages\/2738\/revisions"}],"predecessor-version":[{"id":2865,"href":"https:\/\/dev.wp.ejdern.org\/fi\/wp-json\/wp\/v2\/pages\/2738\/revisions\/2865"}],"wp:attachment":[{"href":"https:\/\/dev.wp.ejdern.org\/fi\/wp-json\/wp\/v2\/media?parent=2738"}],"curies":[{"name":"wp","href":"https:\/\/api.w.org\/{rel}","templated":true}]}}