{"id":105,"date":"2021-02-07T08:35:32","date_gmt":"2021-02-07T07:35:32","guid":{"rendered":"https:\/\/dev.wp.ejdern.org\/?page_id=105"},"modified":"2022-06-25T17:18:02","modified_gmt":"2022-06-25T16:18:02","slug":"home","status":"publish","type":"page","link":"https:\/\/dev.wp.ejdern.org\/fi\/","title":{"rendered":"Etusivu"},"content":{"rendered":"<div data-elementor-type=\"wp-page\" data-elementor-id=\"105\" class=\"elementor elementor-105\" data-elementor-post-type=\"page\">\n\t\t\t\t\t\t<section class=\"elementor-section elementor-top-section elementor-element elementor-element-9e7f257 elementor-section-boxed elementor-section-height-default elementor-section-height-default\" data-id=\"9e7f257\" data-element_type=\"section\">\n\t\t\t\t\t\t<div class=\"elementor-container elementor-column-gap-default\">\n\t\t\t\t\t<div class=\"elementor-column elementor-col-100 elementor-top-column elementor-element elementor-element-fdb5e4c\" data-id=\"fdb5e4c\" data-element_type=\"column\">\n\t\t\t<div class=\"elementor-widget-wrap elementor-element-populated\">\n\t\t\t\t\t\t<div class=\"elementor-element elementor-element-496e771 elementor-widget elementor-widget-text-editor\" data-id=\"496e771\" data-element_type=\"widget\" data-widget_type=\"text-editor.default\">\n\t\t\t\t<div class=\"elementor-widget-container\">\n\t\t\t\t\t\t\t<p style=\"text-align: center;\">TranslatePress ja DeepL Pro k\u00e4ytt\u00e4v\u00e4t k\u00e4\u00e4nn\u00f6ksi\u00e4.<br \/>Huomaa, ett\u00e4 <a href=\"https:\/\/techcommunity.microsoft.com\/t5\/microsoft-365-blog\/microsoft-365-apps-say-farewell-to-internet-explorer-11-and\/ba-p\/1591666\">MS Internet Explorer<\/a> ei tue n\u00e4it\u00e4 sivuja<\/p>\t\t\t\t\t\t<\/div>\n\t\t\t\t<\/div>\n\t\t\t\t<div class=\"elementor-element elementor-element-4c52dc5 elementor-arrows-position-inside elementor-pagination-position-outside elementor-widget elementor-widget-image-carousel\" data-id=\"4c52dc5\" data-element_type=\"widget\" data-settings=\"{&quot;_animation&quot;:&quot;none&quot;,&quot;navigation&quot;:&quot;both&quot;,&quot;autoplay&quot;:&quot;yes&quot;,&quot;pause_on_hover&quot;:&quot;yes&quot;,&quot;pause_on_interaction&quot;:&quot;yes&quot;,&quot;autoplay_speed&quot;:5000,&quot;infinite&quot;:&quot;yes&quot;,&quot;speed&quot;:500}\" data-widget_type=\"image-carousel.default\">\n\t\t\t\t<div class=\"elementor-widget-container\">\n\t\t\t\t\t<div class=\"elementor-image-carousel-wrapper swiper\" dir=\"ltr\">\n\t\t\t<div class=\"elementor-image-carousel swiper-wrapper\" aria-live=\"off\">\n\t\t\t\t\t\t\t\t<div class=\"swiper-slide\" role=\"group\" aria-roledescription=\"slide\" aria-label=\"1 of 4\"><figure class=\"swiper-slide-inner\"><img decoding=\"async\" class=\"swiper-slide-image\" src=\"https:\/\/dev.wp.ejdern.org\/wp-content\/uploads\/2021\/02\/Lightroom-3339-scaled-e1612688112174.jpg\" alt=\"Lightroom-3339\" \/><\/figure><\/div><div class=\"swiper-slide\" role=\"group\" aria-roledescription=\"slide\" aria-label=\"2 of 4\"><figure class=\"swiper-slide-inner\"><img decoding=\"async\" class=\"swiper-slide-image\" src=\"https:\/\/dev.wp.ejdern.org\/wp-content\/uploads\/2021\/05\/Slandon-2560x1440-1.jpg\" alt=\"Sland\u00f6n 2560x1440\" \/><\/figure><\/div><div class=\"swiper-slide\" role=\"group\" aria-roledescription=\"slide\" aria-label=\"3 of 4\"><figure class=\"swiper-slide-inner\"><img decoding=\"async\" class=\"swiper-slide-image\" src=\"https:\/\/dev.wp.ejdern.org\/wp-content\/uploads\/2021\/04\/Birka2.jpg\" alt=\"Birka2\" \/><\/figure><\/div><div class=\"swiper-slide\" role=\"group\" aria-roledescription=\"slide\" aria-label=\"4 of 4\"><figure class=\"swiper-slide-inner\"><img decoding=\"async\" class=\"swiper-slide-image\" src=\"https:\/\/dev.wp.ejdern.org\/wp-content\/uploads\/2021\/05\/2560x1440.jpg\" alt=\"2560x1440\" \/><\/figure><\/div>\t\t\t<\/div>\n\t\t\t\t\t\t\t\t\t\t\t\t<div class=\"elementor-swiper-button elementor-swiper-button-prev\" role=\"button\" tabindex=\"0\">\n\t\t\t\t\t\t<i aria-hidden=\"true\" class=\"eicon-chevron-left\"><\/i>\t\t\t\t\t<\/div>\n\t\t\t\t\t<div class=\"elementor-swiper-button elementor-swiper-button-next\" role=\"button\" tabindex=\"0\">\n\t\t\t\t\t\t<i aria-hidden=\"true\" class=\"eicon-chevron-right\"><\/i>\t\t\t\t\t<\/div>\n\t\t\t\t\n\t\t\t\t\t\t\t\t\t<div class=\"swiper-pagination\"><\/div>\n\t\t\t\t\t\t\t\t\t<\/div>\n\t\t\t\t<\/div>\n\t\t\t\t<\/div>\n\t\t\t\t\t<\/div>\n\t\t<\/div>\n\t\t\t\t\t<\/div>\n\t\t<\/section>\n\t\t\t\t<section class=\"elementor-section elementor-top-section elementor-element elementor-element-f795fe4 elementor-section-boxed elementor-section-height-default elementor-section-height-default\" data-id=\"f795fe4\" data-element_type=\"section\">\n\t\t\t\t\t\t<div class=\"elementor-container elementor-column-gap-default\">\n\t\t\t\t\t<div class=\"elementor-column elementor-col-50 elementor-top-column elementor-element elementor-element-362b7e4\" data-id=\"362b7e4\" data-element_type=\"column\">\n\t\t\t<div class=\"elementor-widget-wrap elementor-element-populated\">\n\t\t\t\t\t\t<div class=\"elementor-element elementor-element-06378bd elementor-widget elementor-widget-text-editor\" data-id=\"06378bd\" data-element_type=\"widget\" data-widget_type=\"text-editor.default\">\n\t\t\t\t<div class=\"elementor-widget-container\">\n\t\t\t\t\t\t\t<p>S\/S Ejdern rakennettiin vuonna 1880 G\u00f6teborgin konepajalla G\u00f6teborgin saariston rannikkoliikennett\u00e4 varten, ja se laskettiin vesille 14. toukokuuta samana vuonna. Vuosina 1898-1906 Ejdern purjehti Roxenj\u00e4rven vesill\u00e4 ja p\u00e4\u00e4tyi lopulta S\u00f6dert\u00e4ljeen.<\/p><p>Nyky\u00e4\u00e4n se on maailman vanhin potkurivetoinen hiilih\u00f6yrylaiva, jonka alkuper\u00e4inen moottori on yh\u00e4 toiminnassa. <a href=\"https:\/\/dev.wp.ejdern.org\/fi\/om\/\">Lis\u00e4tietoja aluksesta ja yhdistyksest\u00e4<\/a>.<\/p>\t\t\t\t\t\t<\/div>\n\t\t\t\t<\/div>\n\t\t\t\t<div class=\"elementor-element elementor-element-6680bd9 elementor-widget elementor-widget-heading\" data-id=\"6680bd9\" data-element_type=\"widget\" data-widget_type=\"heading.default\">\n\t\t\t\t<div class=\"elementor-widget-container\">\n\t\t\t<h2 class=\"elementor-heading-title elementor-size-default\">Ejdernin h\u00f6yrylaivamuseoyhdistys<\/h2>\t\t<\/div>\n\t\t\t\t<\/div>\n\t\t\t\t<div class=\"elementor-element elementor-element-0ad4c33 elementor-widget elementor-widget-text-editor\" data-id=\"0ad4c33\" data-element_type=\"widget\" data-widget_type=\"text-editor.default\">\n\t\t\t\t<div class=\"elementor-widget-container\">\n\t\t\t\t\t\t\t<p>H\u00f6yrylaiva Ejdernin museoyhdistys pyrkii varmistamaan, ett\u00e4 S\/S Ejdern s\u00e4ilyy - yhdistyksen vapaaehtoisty\u00f6n avulla - el\u00e4v\u00e4n\u00e4 muistomerkkin\u00e4 S\u00f6dert\u00e4ljen viestinn\u00e4n historiasta. <a href=\"https:\/\/dev.wp.ejdern.org\/fi\/om\/\">Lis\u00e4tietoja aluksesta ja yhdistyksest\u00e4<\/a>.<\/p>\t\t\t\t\t\t<\/div>\n\t\t\t\t<\/div>\n\t\t\t\t<div class=\"elementor-element elementor-element-98e608a elementor-widget elementor-widget-heading\" data-id=\"98e608a\" data-element_type=\"widget\" data-widget_type=\"heading.default\">\n\t\t\t\t<div class=\"elementor-widget-container\">\n\t\t\t<h2 class=\"elementor-heading-title elementor-size-default\">Liity j\u00e4seneksi<\/h2>\t\t<\/div>\n\t\t\t\t<\/div>\n\t\t\t\t<div class=\"elementor-element elementor-element-4582bf8 elementor-widget elementor-widget-text-editor\" data-id=\"4582bf8\" data-element_type=\"widget\" data-widget_type=\"text-editor.default\">\n\t\t\t\t<div class=\"elementor-widget-container\">\n\t\t\t\t\t\t\t<p>Voit liitty\u00e4 j\u00e4seneksi maksamalla j\u00e4senmaksun Bankgirolle 826-8302 tai Swishalle 123 033 79 64.<br \/>J\u00e4senyys maksaa 200 kruunua vuodessa yhdelt\u00e4 henkil\u00f6lt\u00e4 tai 300 kruunua vuodessa perheelt\u00e4 (kotona asuvat alle 18-vuotiaat lapset).<br \/>L\u00e4het\u00e4 postiosoite ja\/tai s\u00e4hk\u00f6postiosoite.<br \/>J\u00e4senen\u00e4 tuet Ejderin s\u00e4ilytt\u00e4mist\u00e4 ja saat nelj\u00e4 tiedotetta vuodessa sek\u00e4 mahdollisuuden osallistua vuosittain j\u00e4rjestett\u00e4v\u00e4lle j\u00e4senmatkalle pient\u00e4 maksua vastaan.<\/p>\t\t\t\t\t\t<\/div>\n\t\t\t\t<\/div>\n\t\t\t\t<div class=\"elementor-element elementor-element-512881f elementor-widget elementor-widget-heading\" data-id=\"512881f\" data-element_type=\"widget\" data-widget_type=\"heading.default\">\n\t\t\t\t<div class=\"elementor-widget-container\">\n\t\t\t<h2 class=\"elementor-heading-title elementor-size-default\">Ty\u00f6skentely aluksella<\/h2>\t\t<\/div>\n\t\t\t\t<\/div>\n\t\t\t\t<div class=\"elementor-element elementor-element-a648c73 elementor-widget elementor-widget-text-editor\" data-id=\"a648c73\" data-element_type=\"widget\" data-widget_type=\"text-editor.default\">\n\t\t\t\t<div class=\"elementor-widget-container\">\n\t\t\t\t\t\t\t<p>Jos olet v\u00e4hint\u00e4\u00e4n 16-vuotias ja haluat kokeilla merenkulkua. Sitten olet tervetullut veneeseen ilmoittautumaan kiinnostuksestasi. Tai ilmoittaudu s\u00e4hk\u00f6postitse osoitteeseen <a href=\"mailto:kansliet@ejdern.org\">kanslia<\/a>.<\/p>\t\t\t\t\t\t<\/div>\n\t\t\t\t<\/div>\n\t\t\t\t\t<\/div>\n\t\t<\/div>\n\t\t\t\t<div class=\"elementor-column elementor-col-50 elementor-top-column elementor-element elementor-element-805b1e8\" data-id=\"805b1e8\" data-element_type=\"column\">\n\t\t\t<div class=\"elementor-widget-wrap elementor-element-populated\">\n\t\t\t\t\t\t<div class=\"elementor-element elementor-element-6b2a1db elementor-widget elementor-widget-heading\" data-id=\"6b2a1db\" data-element_type=\"widget\" data-widget_type=\"heading.default\">\n\t\t\t\t<div class=\"elementor-widget-container\">\n\t\t\t<h2 class=\"elementor-heading-title elementor-size-default\">Tervetuloa S\/S Ejderniin<\/h2>\t\t<\/div>\n\t\t\t\t<\/div>\n\t\t\t\t<div class=\"elementor-element elementor-element-923dff4 elementor-widget elementor-widget-text-editor\" data-id=\"923dff4\" data-element_type=\"widget\" data-widget_type=\"text-editor.default\">\n\t\t\t\t<div class=\"elementor-widget-container\">\n\t\t\t\t\t\t\t<ul><li>Kierrokset Stallarholmenin ja M\u00e4ls\u00e5kerin linnan v\u00e4lill\u00e4.<\/li><li>Laulujuhla M\u00e4ls\u00e5kerin linnassa.<\/li><li>Viikinkifestivaali Stallarholmenissa ja retki\u00e4 Str\u00e4ngn\u00e4sist\u00e4.<\/li><li>Villisikakilta Birkalla M\u00e4larhamnenista (S\u00f6dert\u00e4lje) ja Stallarholmenista l\u00e4htevill\u00e4 retkill\u00e4.<\/li><li>H\u00f6yrylaiva- ja saaristoveneilyp\u00e4iv\u00e4.<\/li><li>Birka ja Adels\u00f6 tietenkin.<\/li><li>Taxinge-linna.<\/li><li>Mariefred.<\/li><\/ul><div>\u00a0<\/div><div>T\u00e4ydenn\u00e4mme sit\u00e4 sit\u00e4 mukaa, kun keksimme uusia tavoitteita.<\/div>\t\t\t\t\t\t<\/div>\n\t\t\t\t<\/div>\n\t\t\t\t\t<\/div>\n\t\t<\/div>\n\t\t\t\t\t<\/div>\n\t\t<\/section>\n\t\t\t\t<section class=\"elementor-section elementor-top-section elementor-element elementor-element-c66159e elementor-section-boxed elementor-section-height-default elementor-section-height-default\" data-id=\"c66159e\" data-element_type=\"section\">\n\t\t\t\t\t\t<div class=\"elementor-container elementor-column-gap-default\">\n\t\t\t\t\t<div class=\"elementor-column elementor-col-100 elementor-top-column elementor-element elementor-element-f259ad7\" data-id=\"f259ad7\" data-element_type=\"column\">\n\t\t\t<div class=\"elementor-widget-wrap\">\n\t\t\t\t\t\t\t<\/div>\n\t\t<\/div>\n\t\t\t\t\t<\/div>\n\t\t<\/section>\n\t\t\t\t<section class=\"elementor-section elementor-top-section elementor-element elementor-element-ccb1e5a elementor-section-boxed elementor-section-height-default elementor-section-height-default\" data-id=\"ccb1e5a\" data-element_type=\"section\">\n\t\t\t\t\t\t<div class=\"elementor-container elementor-column-gap-default\">\n\t\t\t\t\t<div class=\"elementor-column elementor-col-100 elementor-top-column elementor-element elementor-element-0e91b52\" data-id=\"0e91b52\" data-element_type=\"column\">\n\t\t\t<div class=\"elementor-widget-wrap\">\n\t\t\t\t\t\t\t<\/div>\n\t\t<\/div>\n\t\t\t\t\t<\/div>\n\t\t<\/section>\n\t\t\t\t<\/div>","protected":false},"excerpt":{"rendered":"<p>Translations powered by TranslatePress and DeepL ProHuomaa, ett\u00e4 MS Internet Explorer ei tue n\u00e4it\u00e4 sivuja Edellinen Seuraava S\/S Ejdern rakennettiin vuonna 1880 G\u00f6teborgin konepajalla G\u00f6teborgin saariston rannikkoliikenteeseen ja laskettiin vesille 14. toukokuuta samana vuonna. Vuosina 1898-1906 Ejdern liikenn\u00f6i Roxen-j\u00e4rven ymp\u00e4rill\u00e4 olevilla vesill\u00e4 [...].<\/p>","protected":false},"author":2,"featured_media":0,"parent":0,"menu_order":0,"comment_status":"closed","ping_status":"closed","template":"elementor_header_footer","meta":{"footnotes":""},"class_list":["post-105","page","type-page","status-publish","hentry"],"_links":{"self":[{"href":"https:\/\/dev.wp.ejdern.org\/fi\/wp-json\/wp\/v2\/pages\/105","targetHints":{"allow":["GET"]}}],"collection":[{"href":"https:\/\/dev.wp.ejdern.org\/fi\/wp-json\/wp\/v2\/pages"}],"about":[{"href":"https:\/\/dev.wp.ejdern.org\/fi\/wp-json\/wp\/v2\/types\/page"}],"author":[{"embeddable":true,"href":"https:\/\/dev.wp.ejdern.org\/fi\/wp-json\/wp\/v2\/users\/2"}],"replies":[{"embeddable":true,"href":"https:\/\/dev.wp.ejdern.org\/fi\/wp-json\/wp\/v2\/comments?post=105"}],"version-history":[{"count":541,"href":"https:\/\/dev.wp.ejdern.org\/fi\/wp-json\/wp\/v2\/pages\/105\/revisions"}],"predecessor-version":[{"id":2954,"href":"https:\/\/dev.wp.ejdern.org\/fi\/wp-json\/wp\/v2\/pages\/105\/revisions\/2954"}],"wp:attachment":[{"href":"https:\/\/dev.wp.ejdern.org\/fi\/wp-json\/wp\/v2\/media?parent=105"}],"curies":[{"name":"wp","href":"https:\/\/api.w.org\/{rel}","templated":true}]}}