{"id":105,"date":"2021-02-07T08:35:32","date_gmt":"2021-02-07T07:35:32","guid":{"rendered":"https:\/\/dev.wp.ejdern.org\/?page_id=105"},"modified":"2022-06-25T17:18:02","modified_gmt":"2022-06-25T16:18:02","slug":"home","status":"publish","type":"page","link":"https:\/\/dev.wp.ejdern.org\/en\/","title":{"rendered":"Home"},"content":{"rendered":"<div data-elementor-type=\"wp-page\" data-elementor-id=\"105\" class=\"elementor elementor-105\" data-elementor-post-type=\"page\">\n\t\t\t\t\t\t<section class=\"elementor-section elementor-top-section elementor-element elementor-element-9e7f257 elementor-section-boxed elementor-section-height-default elementor-section-height-default\" data-id=\"9e7f257\" data-element_type=\"section\">\n\t\t\t\t\t\t<div class=\"elementor-container elementor-column-gap-default\">\n\t\t\t\t\t<div class=\"elementor-column elementor-col-100 elementor-top-column elementor-element elementor-element-fdb5e4c\" data-id=\"fdb5e4c\" data-element_type=\"column\">\n\t\t\t<div class=\"elementor-widget-wrap elementor-element-populated\">\n\t\t\t\t\t\t<div class=\"elementor-element elementor-element-496e771 elementor-widget elementor-widget-text-editor\" data-id=\"496e771\" data-element_type=\"widget\" data-widget_type=\"text-editor.default\">\n\t\t\t\t<div class=\"elementor-widget-container\">\n\t\t\t\t\t\t\t<p style=\"text-align: center;\">Translations powered by TranslatePress and DeepL Pro<br \/>Please note that <a href=\"https:\/\/techcommunity.microsoft.com\/t5\/microsoft-365-blog\/microsoft-365-apps-say-farewell-to-internet-explorer-11-and\/ba-p\/1591666\">MS Internet Explorer<\/a> does not support these pages<\/p>\t\t\t\t\t\t<\/div>\n\t\t\t\t<\/div>\n\t\t\t\t<div class=\"elementor-element elementor-element-4c52dc5 elementor-arrows-position-inside elementor-pagination-position-outside elementor-widget elementor-widget-image-carousel\" data-id=\"4c52dc5\" data-element_type=\"widget\" data-settings=\"{&quot;_animation&quot;:&quot;none&quot;,&quot;navigation&quot;:&quot;both&quot;,&quot;autoplay&quot;:&quot;yes&quot;,&quot;pause_on_hover&quot;:&quot;yes&quot;,&quot;pause_on_interaction&quot;:&quot;yes&quot;,&quot;autoplay_speed&quot;:5000,&quot;infinite&quot;:&quot;yes&quot;,&quot;speed&quot;:500}\" data-widget_type=\"image-carousel.default\">\n\t\t\t\t<div class=\"elementor-widget-container\">\n\t\t\t\t\t<div class=\"elementor-image-carousel-wrapper swiper\" dir=\"ltr\">\n\t\t\t<div class=\"elementor-image-carousel swiper-wrapper\" aria-live=\"off\">\n\t\t\t\t\t\t\t\t<div class=\"swiper-slide\" role=\"group\" aria-roledescription=\"slide\" aria-label=\"1 of 4\"><figure class=\"swiper-slide-inner\"><img decoding=\"async\" class=\"swiper-slide-image\" src=\"https:\/\/dev.wp.ejdern.org\/wp-content\/uploads\/2021\/02\/Lightroom-3339-scaled-e1612688112174.jpg\" alt=\"Lightroom-3339\" \/><\/figure><\/div><div class=\"swiper-slide\" role=\"group\" aria-roledescription=\"slide\" aria-label=\"2 of 4\"><figure class=\"swiper-slide-inner\"><img decoding=\"async\" class=\"swiper-slide-image\" src=\"https:\/\/dev.wp.ejdern.org\/wp-content\/uploads\/2021\/05\/Slandon-2560x1440-1.jpg\" alt=\"Sland\u00f6n 2560x1440\" \/><\/figure><\/div><div class=\"swiper-slide\" role=\"group\" aria-roledescription=\"slide\" aria-label=\"3 of 4\"><figure class=\"swiper-slide-inner\"><img decoding=\"async\" class=\"swiper-slide-image\" src=\"https:\/\/dev.wp.ejdern.org\/wp-content\/uploads\/2021\/04\/Birka2.jpg\" alt=\"Birka2\" \/><\/figure><\/div><div class=\"swiper-slide\" role=\"group\" aria-roledescription=\"slide\" aria-label=\"4 of 4\"><figure class=\"swiper-slide-inner\"><img decoding=\"async\" class=\"swiper-slide-image\" src=\"https:\/\/dev.wp.ejdern.org\/wp-content\/uploads\/2021\/05\/2560x1440.jpg\" alt=\"2560x1440\" \/><\/figure><\/div>\t\t\t<\/div>\n\t\t\t\t\t\t\t\t\t\t\t\t<div class=\"elementor-swiper-button elementor-swiper-button-prev\" role=\"button\" tabindex=\"0\">\n\t\t\t\t\t\t<i aria-hidden=\"true\" class=\"eicon-chevron-left\"><\/i>\t\t\t\t\t<\/div>\n\t\t\t\t\t<div class=\"elementor-swiper-button elementor-swiper-button-next\" role=\"button\" tabindex=\"0\">\n\t\t\t\t\t\t<i aria-hidden=\"true\" class=\"eicon-chevron-right\"><\/i>\t\t\t\t\t<\/div>\n\t\t\t\t\n\t\t\t\t\t\t\t\t\t<div class=\"swiper-pagination\"><\/div>\n\t\t\t\t\t\t\t\t\t<\/div>\n\t\t\t\t<\/div>\n\t\t\t\t<\/div>\n\t\t\t\t\t<\/div>\n\t\t<\/div>\n\t\t\t\t\t<\/div>\n\t\t<\/section>\n\t\t\t\t<section class=\"elementor-section elementor-top-section elementor-element elementor-element-f795fe4 elementor-section-boxed elementor-section-height-default elementor-section-height-default\" data-id=\"f795fe4\" data-element_type=\"section\">\n\t\t\t\t\t\t<div class=\"elementor-container elementor-column-gap-default\">\n\t\t\t\t\t<div class=\"elementor-column elementor-col-50 elementor-top-column elementor-element elementor-element-362b7e4\" data-id=\"362b7e4\" data-element_type=\"column\">\n\t\t\t<div class=\"elementor-widget-wrap elementor-element-populated\">\n\t\t\t\t\t\t<div class=\"elementor-element elementor-element-06378bd elementor-widget elementor-widget-text-editor\" data-id=\"06378bd\" data-element_type=\"widget\" data-widget_type=\"text-editor.default\">\n\t\t\t\t<div class=\"elementor-widget-container\">\n\t\t\t\t\t\t\t<p>S \/ S Ejdern was built in 1880 at Gothenburg&#039;s mechanical workshop to go in coastal traffic in the Gothenburg archipelago and was launched on 14 May the same year. Between the years 1898 and 1906, Ejdern trafficked the waters around Lake Roxen to eventually end up in S\u00f6dert\u00e4lje.<\/p><p>And today she is the World&#039;s Oldest Propeller Powered Coal Fired Steamship with Original Machine still in operation .. <a href=\"https:\/\/dev.wp.ejdern.org\/en\/om\/\">More about the ship and the association<\/a>.<\/p>\t\t\t\t\t\t<\/div>\n\t\t\t\t<\/div>\n\t\t\t\t<div class=\"elementor-element elementor-element-6680bd9 elementor-widget elementor-widget-heading\" data-id=\"6680bd9\" data-element_type=\"widget\" data-widget_type=\"heading.default\">\n\t\t\t\t<div class=\"elementor-widget-container\">\n\t\t\t<h2 class=\"elementor-heading-title elementor-size-default\">The museum association \u00c5ngfartyget Ejdern<\/h2>\t\t<\/div>\n\t\t\t\t<\/div>\n\t\t\t\t<div class=\"elementor-element elementor-element-0ad4c33 elementor-widget elementor-widget-text-editor\" data-id=\"0ad4c33\" data-element_type=\"widget\" data-widget_type=\"text-editor.default\">\n\t\t\t\t<div class=\"elementor-widget-container\">\n\t\t\t\t\t\t\t<p>The museum association \u00c5ngfartyget Ejdern shall work to ensure that S \/ S Ejdern - through voluntary efforts within the association - is preserved as a living communication historical monument in S\u00f6dert\u00e4lje. <a href=\"https:\/\/dev.wp.ejdern.org\/en\/om\/\">More about the ship and the association<\/a>.<\/p>\t\t\t\t\t\t<\/div>\n\t\t\t\t<\/div>\n\t\t\t\t<div class=\"elementor-element elementor-element-98e608a elementor-widget elementor-widget-heading\" data-id=\"98e608a\" data-element_type=\"widget\" data-widget_type=\"heading.default\">\n\t\t\t\t<div class=\"elementor-widget-container\">\n\t\t\t<h2 class=\"elementor-heading-title elementor-size-default\">Sign up<\/h2>\t\t<\/div>\n\t\t\t\t<\/div>\n\t\t\t\t<div class=\"elementor-element elementor-element-4582bf8 elementor-widget elementor-widget-text-editor\" data-id=\"4582bf8\" data-element_type=\"widget\" data-widget_type=\"text-editor.default\">\n\t\t\t\t<div class=\"elementor-widget-container\">\n\t\t\t\t\t\t\t<p>You become a member by depositing the membership fee at Bankgiro 826-8302 or Swisha to 123 033 79 64.<br \/>Membership costs SEK 200 per year for one person or SEK 300 per year for a family (children under 18 living at home).<br \/>Enclose postal address and \/ or e-mail address.<br \/>As a member, you support the preservation of the Eider and receive four information sheets per year as well as the opportunity to go on the annual membership trip at a discounted price.<\/p>\t\t\t\t\t\t<\/div>\n\t\t\t\t<\/div>\n\t\t\t\t<div class=\"elementor-element elementor-element-512881f elementor-widget elementor-widget-heading\" data-id=\"512881f\" data-element_type=\"widget\" data-widget_type=\"heading.default\">\n\t\t\t\t<div class=\"elementor-widget-container\">\n\t\t\t<h2 class=\"elementor-heading-title elementor-size-default\">Work on board<\/h2>\t\t<\/div>\n\t\t\t\t<\/div>\n\t\t\t\t<div class=\"elementor-element elementor-element-a648c73 elementor-widget elementor-widget-text-editor\" data-id=\"a648c73\" data-element_type=\"widget\" data-widget_type=\"text-editor.default\">\n\t\t\t\t<div class=\"elementor-widget-container\">\n\t\t\t\t\t\t\t<p>Are you 16 years or older and want to try sailor life. Then you are most welcome to the boat to register your interest. Or sign up via email to <a href=\"mailto:kansliet@ejdern.org\">chancellery<\/a>.<\/p>\t\t\t\t\t\t<\/div>\n\t\t\t\t<\/div>\n\t\t\t\t\t<\/div>\n\t\t<\/div>\n\t\t\t\t<div class=\"elementor-column elementor-col-50 elementor-top-column elementor-element elementor-element-805b1e8\" data-id=\"805b1e8\" data-element_type=\"column\">\n\t\t\t<div class=\"elementor-widget-wrap elementor-element-populated\">\n\t\t\t\t\t\t<div class=\"elementor-element elementor-element-6b2a1db elementor-widget elementor-widget-heading\" data-id=\"6b2a1db\" data-element_type=\"widget\" data-widget_type=\"heading.default\">\n\t\t\t\t<div class=\"elementor-widget-container\">\n\t\t\t<h2 class=\"elementor-heading-title elementor-size-default\">Welcome to S \/ S Ejdern<\/h2>\t\t<\/div>\n\t\t\t\t<\/div>\n\t\t\t\t<div class=\"elementor-element elementor-element-923dff4 elementor-widget elementor-widget-text-editor\" data-id=\"923dff4\" data-element_type=\"widget\" data-widget_type=\"text-editor.default\">\n\t\t\t\t<div class=\"elementor-widget-container\">\n\t\t\t\t\t\t\t<ul><li>Tours between Stallarholmen and M\u00e4ls\u00e5ker Castle.<\/li><li>Song festival at M\u00e4ls\u00e5ker Castle.<\/li><li>Viking festival in Stallarholmen with tours from Str\u00e4ngn\u00e4s.<\/li><li>Wild boar guild on Birka with tours from M\u00e4larhamnen (S\u00f6dert\u00e4lje) and Stallarholmen.<\/li><li>Steamboat and Archipelago Boat Day.<\/li><li>Birka and Adels\u00f6 of course.<\/li><li>Taxinge castle.<\/li><li>Mariefred.<\/li><\/ul><div>\u00a0<\/div><div>We'll add to it as we come up with new targets.<\/div>\t\t\t\t\t\t<\/div>\n\t\t\t\t<\/div>\n\t\t\t\t\t<\/div>\n\t\t<\/div>\n\t\t\t\t\t<\/div>\n\t\t<\/section>\n\t\t\t\t<section class=\"elementor-section elementor-top-section elementor-element elementor-element-c66159e elementor-section-boxed elementor-section-height-default elementor-section-height-default\" data-id=\"c66159e\" data-element_type=\"section\">\n\t\t\t\t\t\t<div class=\"elementor-container elementor-column-gap-default\">\n\t\t\t\t\t<div class=\"elementor-column elementor-col-100 elementor-top-column elementor-element elementor-element-f259ad7\" data-id=\"f259ad7\" data-element_type=\"column\">\n\t\t\t<div class=\"elementor-widget-wrap\">\n\t\t\t\t\t\t\t<\/div>\n\t\t<\/div>\n\t\t\t\t\t<\/div>\n\t\t<\/section>\n\t\t\t\t<section class=\"elementor-section elementor-top-section elementor-element elementor-element-ccb1e5a elementor-section-boxed elementor-section-height-default elementor-section-height-default\" data-id=\"ccb1e5a\" data-element_type=\"section\">\n\t\t\t\t\t\t<div class=\"elementor-container elementor-column-gap-default\">\n\t\t\t\t\t<div class=\"elementor-column elementor-col-100 elementor-top-column elementor-element elementor-element-0e91b52\" data-id=\"0e91b52\" data-element_type=\"column\">\n\t\t\t<div class=\"elementor-widget-wrap\">\n\t\t\t\t\t\t\t<\/div>\n\t\t<\/div>\n\t\t\t\t\t<\/div>\n\t\t<\/section>\n\t\t\t\t<\/div>","protected":false},"excerpt":{"rendered":"<p>Translations powered by TranslatePress and DeepL ProPlease note that MS Internet Explorer does not support these pages Previous Next S\/S Ejdern was built in 1880 at Gothenburg's mechanical workshop for coastal service in the Gothenburg archipelago and launched on 14 May the same year. Between 1898 and 1906 the Ejdern operated in the waters around Lake Roxen to [...]<\/p>","protected":false},"author":2,"featured_media":0,"parent":0,"menu_order":0,"comment_status":"closed","ping_status":"closed","template":"elementor_header_footer","meta":{"footnotes":""},"class_list":["post-105","page","type-page","status-publish","hentry"],"_links":{"self":[{"href":"https:\/\/dev.wp.ejdern.org\/en\/wp-json\/wp\/v2\/pages\/105","targetHints":{"allow":["GET"]}}],"collection":[{"href":"https:\/\/dev.wp.ejdern.org\/en\/wp-json\/wp\/v2\/pages"}],"about":[{"href":"https:\/\/dev.wp.ejdern.org\/en\/wp-json\/wp\/v2\/types\/page"}],"author":[{"embeddable":true,"href":"https:\/\/dev.wp.ejdern.org\/en\/wp-json\/wp\/v2\/users\/2"}],"replies":[{"embeddable":true,"href":"https:\/\/dev.wp.ejdern.org\/en\/wp-json\/wp\/v2\/comments?post=105"}],"version-history":[{"count":541,"href":"https:\/\/dev.wp.ejdern.org\/en\/wp-json\/wp\/v2\/pages\/105\/revisions"}],"predecessor-version":[{"id":2954,"href":"https:\/\/dev.wp.ejdern.org\/en\/wp-json\/wp\/v2\/pages\/105\/revisions\/2954"}],"wp:attachment":[{"href":"https:\/\/dev.wp.ejdern.org\/en\/wp-json\/wp\/v2\/media?parent=105"}],"curies":[{"name":"wp","href":"https:\/\/api.w.org\/{rel}","templated":true}]}}