{"id":734,"date":"2021-04-15T09:11:09","date_gmt":"2021-04-15T08:11:09","guid":{"rendered":"https:\/\/dev.wp.ejdern.org\/?page_id=734"},"modified":"2022-05-22T18:13:03","modified_gmt":"2022-05-22T17:13:03","slug":"riddarholmen","status":"publish","type":"page","link":"https:\/\/dev.wp.ejdern.org\/de\/riddarholmen\/","title":{"rendered":"Riddarholmen"},"content":{"rendered":"<div data-elementor-type=\"wp-post\" data-elementor-id=\"734\" class=\"elementor elementor-734\" data-elementor-post-type=\"page\">\n\t\t\t\t\t\t<section class=\"elementor-section elementor-top-section elementor-element elementor-element-f1df229 elementor-section-boxed elementor-section-height-default elementor-section-height-default\" data-id=\"f1df229\" data-element_type=\"section\">\n\t\t\t\t\t\t<div class=\"elementor-container elementor-column-gap-default\">\n\t\t\t\t\t<div class=\"elementor-column elementor-col-50 elementor-top-column elementor-element elementor-element-08f2e87\" data-id=\"08f2e87\" data-element_type=\"column\">\n\t\t\t<div class=\"elementor-widget-wrap elementor-element-populated\">\n\t\t\t\t\t\t<div class=\"elementor-element elementor-element-f5709ce elementor-widget elementor-widget-heading\" data-id=\"f5709ce\" data-element_type=\"widget\" data-widget_type=\"heading.default\">\n\t\t\t\t<div class=\"elementor-widget-container\">\n\t\t\t<h2 class=\"elementor-heading-title elementor-size-default\">Riddarholmen<\/h2>\t\t<\/div>\n\t\t\t\t<\/div>\n\t\t\t\t<div class=\"elementor-element elementor-element-df0e9f4 elementor-widget elementor-widget-text-editor\" data-id=\"df0e9f4\" data-element_type=\"widget\" data-widget_type=\"text-editor.default\">\n\t\t\t\t<div class=\"elementor-widget-container\">\n\t\t\t\t\t\t\t<p>Riddarholmen<\/p>\t\t\t\t\t\t<\/div>\n\t\t\t\t<\/div>\n\t\t\t\t<div class=\"elementor-element elementor-element-173709f elementor-widget elementor-widget-heading\" data-id=\"173709f\" data-element_type=\"widget\" data-widget_type=\"heading.default\">\n\t\t\t\t<div class=\"elementor-widget-container\">\n\t\t\t<h2 class=\"elementor-heading-title elementor-size-default\">Fahrplan Archipel Bootstag<\/h2>\t\t<\/div>\n\t\t\t\t<\/div>\n\t\t\t\t<section class=\"elementor-section elementor-inner-section elementor-element elementor-element-8ff38f6 elementor-section-boxed elementor-section-height-default elementor-section-height-default\" data-id=\"8ff38f6\" data-element_type=\"section\">\n\t\t\t\t\t\t<div class=\"elementor-container elementor-column-gap-default\">\n\t\t\t\t\t<div class=\"elementor-column elementor-col-50 elementor-inner-column elementor-element elementor-element-b10fd1b\" data-id=\"b10fd1b\" data-element_type=\"column\">\n\t\t\t<div class=\"elementor-widget-wrap elementor-element-populated\">\n\t\t\t\t\t\t<div class=\"elementor-element elementor-element-62c83eb elementor-widget elementor-widget-text-editor\" data-id=\"62c83eb\" data-element_type=\"widget\" data-widget_type=\"text-editor.default\">\n\t\t\t\t<div class=\"elementor-widget-container\">\n\t\t\t\t\t\t\t<p>Borgm\u00e4starudden<br \/>M\u00e4larhamnen<br \/>Sturehov<br \/>Riddarholmen<br \/><strong><span style=\"color: #00b0fb;\">Aufenthalt auf Riddarholmen<\/span><\/strong><br \/><span style=\"color: #000000;\">Riddarholmen<br \/>Statue Gustav III.<br \/><\/span><strong><span style=\"color: #00b0fb;\">Halt an der Schiffsbr\u00fccke<\/span><\/strong><br \/>Statue Gustav III.<br \/>Vaxholm<br \/><strong><span style=\"color: #00b0fb;\">Zeit zum Bummeln in Vaxholm<br \/><\/span><\/strong>Vaxholm<br \/>Br\u00fccke des Schiffes<\/p>\t\t\t\t\t\t<\/div>\n\t\t\t\t<\/div>\n\t\t\t\t\t<\/div>\n\t\t<\/div>\n\t\t\t\t<div class=\"elementor-column elementor-col-50 elementor-inner-column elementor-element elementor-element-7a599b5\" data-id=\"7a599b5\" data-element_type=\"column\">\n\t\t\t<div class=\"elementor-widget-wrap elementor-element-populated\">\n\t\t\t\t\t\t<div class=\"elementor-element elementor-element-9e1f170 elementor-widget elementor-widget-text-editor\" data-id=\"9e1f170\" data-element_type=\"widget\" data-widget_type=\"text-editor.default\">\n\t\t\t\t<div class=\"elementor-widget-container\">\n\t\t\t\t\t\t\t<p>09:45<br \/>10:05<br \/>11:25<br \/>12:45<br \/><strong><span style=\"color: #00b0fb;\">3 Stunden 15 min<\/span><\/strong><br \/>16:00<br \/>17:30<br \/><strong><span style=\"color: #00b0fb;\">30 min<\/span><\/strong><br \/>18:00<br \/>20:00<br \/><strong><span style=\"color: #00b0fb;\">2 Stunden 30 Minuten<\/span><\/strong><br \/>21:30<br \/>23:30<\/p>\t\t\t\t\t\t<\/div>\n\t\t\t\t<\/div>\n\t\t\t\t\t<\/div>\n\t\t<\/div>\n\t\t\t\t\t<\/div>\n\t\t<\/section>\n\t\t\t\t<div class=\"elementor-element elementor-element-0eeb72c elementor-widget elementor-widget-heading\" data-id=\"0eeb72c\" data-element_type=\"widget\" data-widget_type=\"heading.default\">\n\t\t\t\t<div class=\"elementor-widget-container\">\n\t\t\t<h2 class=\"elementor-heading-title elementor-size-default\"><br>Fahrplan Stockholm Dampf<\/h2>\t\t<\/div>\n\t\t\t\t<\/div>\n\t\t\t\t<section class=\"elementor-section elementor-inner-section elementor-element elementor-element-5701850 elementor-section-boxed elementor-section-height-default elementor-section-height-default\" data-id=\"5701850\" data-element_type=\"section\">\n\t\t\t\t\t\t<div class=\"elementor-container elementor-column-gap-default\">\n\t\t\t\t\t<div class=\"elementor-column elementor-col-50 elementor-inner-column elementor-element elementor-element-94ccf85\" data-id=\"94ccf85\" data-element_type=\"column\">\n\t\t\t<div class=\"elementor-widget-wrap elementor-element-populated\">\n\t\t\t\t\t\t<div class=\"elementor-element elementor-element-c5a1ee0 elementor-widget elementor-widget-text-editor\" data-id=\"c5a1ee0\" data-element_type=\"widget\" data-widget_type=\"text-editor.default\">\n\t\t\t\t<div class=\"elementor-widget-container\">\n\t\t\t\t\t\t\t<p>Borgm\u00e4starudden<br \/>M\u00e4larhamnen<br \/>Sturehov<br \/>Riddarholmen<span style=\"color: #00b0fb;\"><strong><br \/><\/strong><\/span><\/p>\t\t\t\t\t\t<\/div>\n\t\t\t\t<\/div>\n\t\t\t\t\t<\/div>\n\t\t<\/div>\n\t\t\t\t<div class=\"elementor-column elementor-col-50 elementor-inner-column elementor-element elementor-element-a3e489e\" data-id=\"a3e489e\" data-element_type=\"column\">\n\t\t\t<div class=\"elementor-widget-wrap elementor-element-populated\">\n\t\t\t\t\t\t<div class=\"elementor-element elementor-element-2efaf89 elementor-widget elementor-widget-text-editor\" data-id=\"2efaf89\" data-element_type=\"widget\" data-widget_type=\"text-editor.default\">\n\t\t\t\t<div class=\"elementor-widget-container\">\n\t\t\t\t\t\t\t<p>08:00<br \/>08:20<br \/>09:40<br \/>11:00<\/p>\t\t\t\t\t\t<\/div>\n\t\t\t\t<\/div>\n\t\t\t\t\t<\/div>\n\t\t<\/div>\n\t\t\t\t\t<\/div>\n\t\t<\/section>\n\t\t\t\t<div class=\"elementor-element elementor-element-f443464 elementor-widget elementor-widget-heading\" data-id=\"f443464\" data-element_type=\"widget\" data-widget_type=\"heading.default\">\n\t\t\t\t<div class=\"elementor-widget-container\">\n\t\t\t<h2 class=\"elementor-heading-title elementor-size-default\"><br>Fahrplan \u00fcber Drottningholm<\/h2>\t\t<\/div>\n\t\t\t\t<\/div>\n\t\t\t\t<section class=\"elementor-section elementor-inner-section elementor-element elementor-element-97a7948 elementor-section-boxed elementor-section-height-default elementor-section-height-default\" data-id=\"97a7948\" data-element_type=\"section\">\n\t\t\t\t\t\t<div class=\"elementor-container elementor-column-gap-default\">\n\t\t\t\t\t<div class=\"elementor-column elementor-col-50 elementor-inner-column elementor-element elementor-element-1160ec2\" data-id=\"1160ec2\" data-element_type=\"column\">\n\t\t\t<div class=\"elementor-widget-wrap elementor-element-populated\">\n\t\t\t\t\t\t<div class=\"elementor-element elementor-element-d6e7b2a elementor-widget elementor-widget-text-editor\" data-id=\"d6e7b2a\" data-element_type=\"widget\" data-widget_type=\"text-editor.default\">\n\t\t\t\t<div class=\"elementor-widget-container\">\n\t\t\t\t\t\t\t<p>Borgm\u00e4starudden<br \/>M\u00e4larhamnen<br \/>Sturehov<br \/>Drottningholm<br \/>Riddarholmen<br \/><span style=\"color: #00b0fb;\"><strong>Zeit in Stockholm<br \/><\/strong><\/span>Riddarholmen<br \/>Drottningholm<br \/>Sturehov<br \/>M\u00e4larhamnen<br \/>Borgm\u00e4starudden<span style=\"color: #00b0fb;\"><strong><br \/><\/strong><\/span><\/p>\t\t\t\t\t\t<\/div>\n\t\t\t\t<\/div>\n\t\t\t\t\t<\/div>\n\t\t<\/div>\n\t\t\t\t<div class=\"elementor-column elementor-col-50 elementor-inner-column elementor-element elementor-element-a5666cc\" data-id=\"a5666cc\" data-element_type=\"column\">\n\t\t\t<div class=\"elementor-widget-wrap elementor-element-populated\">\n\t\t\t\t\t\t<div class=\"elementor-element elementor-element-979d91c elementor-widget elementor-widget-text-editor\" data-id=\"979d91c\" data-element_type=\"widget\" data-widget_type=\"text-editor.default\">\n\t\t\t\t<div class=\"elementor-widget-container\">\n\t\t\t\t\t\t\t<p>08:45<br \/>09:05<br \/>10:25<br \/>11:25<br \/>12:35<br \/><span style=\"color: #00b0fb;\"><strong>2 Stunden 25 min<br \/><\/strong><\/span>15:00<br \/>16:10<br \/>17:10<br \/>18:40<br \/>19:00<\/p>\t\t\t\t\t\t<\/div>\n\t\t\t\t<\/div>\n\t\t\t\t\t<\/div>\n\t\t<\/div>\n\t\t\t\t\t<\/div>\n\t\t<\/section>\n\t\t\t\t\t<\/div>\n\t\t<\/div>\n\t\t\t\t<div class=\"elementor-column elementor-col-50 elementor-top-column elementor-element elementor-element-88afdae\" data-id=\"88afdae\" data-element_type=\"column\">\n\t\t\t<div class=\"elementor-widget-wrap elementor-element-populated\">\n\t\t\t\t\t\t<div class=\"elementor-element elementor-element-249b8f9 elementor-widget elementor-widget-image\" data-id=\"249b8f9\" data-element_type=\"widget\" data-widget_type=\"image.default\">\n\t\t\t\t<div class=\"elementor-widget-container\">\n\t\t\t\t\t\t\t\t\t\t\t\t\t<img fetchpriority=\"high\" decoding=\"async\" width=\"713\" height=\"1024\" src=\"https:\/\/dev.wp.ejdern.org\/wp-content\/uploads\/2021\/05\/Riddarholmen-scaled-e1620212679517-713x1024.jpg\" class=\"attachment-large size-large wp-image-1479\" alt=\"\" srcset=\"https:\/\/dev.wp.ejdern.org\/wp-content\/uploads\/2021\/05\/Riddarholmen-scaled-e1620212679517-713x1024.jpg 713w, https:\/\/dev.wp.ejdern.org\/wp-content\/uploads\/2021\/05\/Riddarholmen-scaled-e1620212679517-209x300.jpg 209w, https:\/\/dev.wp.ejdern.org\/wp-content\/uploads\/2021\/05\/Riddarholmen-scaled-e1620212679517-768x1102.jpg 768w, https:\/\/dev.wp.ejdern.org\/wp-content\/uploads\/2021\/05\/Riddarholmen-scaled-e1620212679517-1070x1536.jpg 1070w, https:\/\/dev.wp.ejdern.org\/wp-content\/uploads\/2021\/05\/Riddarholmen-scaled-e1620212679517-1427x2048.jpg 1427w, https:\/\/dev.wp.ejdern.org\/wp-content\/uploads\/2021\/05\/Riddarholmen-scaled-e1620212679517-8x12.jpg 8w, https:\/\/dev.wp.ejdern.org\/wp-content\/uploads\/2021\/05\/Riddarholmen-scaled-e1620212679517.jpg 1440w\" sizes=\"(max-width: 713px) 100vw, 713px\" \/>\t\t\t\t\t\t\t\t\t\t\t\t\t<\/div>\n\t\t\t\t<\/div>\n\t\t\t\t\t<\/div>\n\t\t<\/div>\n\t\t\t\t\t<\/div>\n\t\t<\/section>\n\t\t\t\t<\/div>","protected":false},"excerpt":{"rendered":"<p>Riddarholmen Riddarholmen Tidtabell sk\u00e4rg\u00e5rdsb\u00e5ten dag Borgm\u00e4staruddenM\u00e4larhamnenSturehovRiddarholmenUppeh\u00e5ll p\u00e5 RiddarholmenRiddarholmenGustav III statyUppeh\u00e5ll vid SkeppsbronGustav III statyVaxholmTid att flanera i VaxholmVaxholmSkeppsbron 09:4510:0511:2512:453 tim 15 min16:0017:3030 min18:0020:002 tim 30 min21:3023:30 Tidtabell Stockholm steam Borgm\u00e4staruddenM\u00e4larhamnenSturehovRiddarholmen 08:0008:2009:4011:00 Tidtabell via Drottningholm Borgm\u00e4staruddenM\u00e4larhamnenSturehovDrottningholmRiddarholmenTid i StockholmRiddarholmenDrottningholmSturehovM\u00e4larhamnenBorgm\u00e4starudden 08:4509:0510:2511:2512:352 tim 25 min15:0016:1017:1018:4019:00<\/p>","protected":false},"author":1,"featured_media":0,"parent":0,"menu_order":0,"comment_status":"closed","ping_status":"closed","template":"elementor_header_footer","meta":{"footnotes":""},"class_list":["post-734","page","type-page","status-publish","hentry"],"_links":{"self":[{"href":"https:\/\/dev.wp.ejdern.org\/de\/wp-json\/wp\/v2\/pages\/734","targetHints":{"allow":["GET"]}}],"collection":[{"href":"https:\/\/dev.wp.ejdern.org\/de\/wp-json\/wp\/v2\/pages"}],"about":[{"href":"https:\/\/dev.wp.ejdern.org\/de\/wp-json\/wp\/v2\/types\/page"}],"author":[{"embeddable":true,"href":"https:\/\/dev.wp.ejdern.org\/de\/wp-json\/wp\/v2\/users\/1"}],"replies":[{"embeddable":true,"href":"https:\/\/dev.wp.ejdern.org\/de\/wp-json\/wp\/v2\/comments?post=734"}],"version-history":[{"count":109,"href":"https:\/\/dev.wp.ejdern.org\/de\/wp-json\/wp\/v2\/pages\/734\/revisions"}],"predecessor-version":[{"id":2868,"href":"https:\/\/dev.wp.ejdern.org\/de\/wp-json\/wp\/v2\/pages\/734\/revisions\/2868"}],"wp:attachment":[{"href":"https:\/\/dev.wp.ejdern.org\/de\/wp-json\/wp\/v2\/media?parent=734"}],"curies":[{"name":"wp","href":"https:\/\/api.w.org\/{rel}","templated":true}]}}