{"id":446,"date":"2021-02-21T09:18:25","date_gmt":"2021-02-21T08:18:25","guid":{"rendered":"https:\/\/dev.wp.ejdern.org\/?page_id=446"},"modified":"2022-03-28T19:55:46","modified_gmt":"2022-03-28T18:55:46","slug":"adelso","status":"publish","type":"page","link":"https:\/\/dev.wp.ejdern.org\/de\/adelso\/","title":{"rendered":"Adels\u00f6"},"content":{"rendered":"<div data-elementor-type=\"wp-page\" data-elementor-id=\"446\" class=\"elementor elementor-446\" data-elementor-post-type=\"page\">\n\t\t\t\t\t\t<section class=\"elementor-section elementor-top-section elementor-element elementor-element-b2c0d43 elementor-section-boxed elementor-section-height-default elementor-section-height-default\" data-id=\"b2c0d43\" data-element_type=\"section\">\n\t\t\t\t\t\t<div class=\"elementor-container elementor-column-gap-default\">\n\t\t\t\t\t<div class=\"elementor-column elementor-col-100 elementor-top-column elementor-element elementor-element-8142261\" data-id=\"8142261\" data-element_type=\"column\">\n\t\t\t<div class=\"elementor-widget-wrap elementor-element-populated\">\n\t\t\t\t\t\t<div class=\"elementor-element elementor-element-63d79aa elementor-widget elementor-widget-heading\" data-id=\"63d79aa\" data-element_type=\"widget\" data-widget_type=\"heading.default\">\n\t\t\t\t<div class=\"elementor-widget-container\">\n\t\t\t<h2 class=\"elementor-heading-title elementor-size-default\">Adels\u00f6<\/h2>\t\t<\/div>\n\t\t\t\t<\/div>\n\t\t\t\t\t<\/div>\n\t\t<\/div>\n\t\t\t\t\t<\/div>\n\t\t<\/section>\n\t\t\t\t<section class=\"elementor-section elementor-top-section elementor-element elementor-element-5392ef2 elementor-section-boxed elementor-section-height-default elementor-section-height-default\" data-id=\"5392ef2\" data-element_type=\"section\">\n\t\t\t\t\t\t<div class=\"elementor-container elementor-column-gap-default\">\n\t\t\t\t\t<div class=\"elementor-column elementor-col-50 elementor-top-column elementor-element elementor-element-c3f2a21\" data-id=\"c3f2a21\" data-element_type=\"column\">\n\t\t\t<div class=\"elementor-widget-wrap elementor-element-populated\">\n\t\t\t\t\t\t<div class=\"elementor-element elementor-element-312e4d9 elementor-widget elementor-widget-text-editor\" data-id=\"312e4d9\" data-element_type=\"widget\" data-widget_type=\"text-editor.default\">\n\t\t\t\t<div class=\"elementor-widget-container\">\n\t\t\t\t\t\t\t<p>Auf einigen unserer Bir-Touren geht es weiter nach Adels\u00f6, das gro\u00dfe sch\u00f6ne Naturgebiete mit alten Denkm\u00e4lern und einer sch\u00f6nen Kirche aus dem 12. Hier befindet sich auch Hovg\u00e5rden. Ein k\u00f6niglicher Bauernhof, der \u00fcber 600 Jahre lang, w\u00e4hrend der gesamten Wikingerzeit und bis ins Mittelalter, hier stand.<\/p>\t\t\t\t\t\t<\/div>\n\t\t\t\t<\/div>\n\t\t\t\t<div class=\"elementor-element elementor-element-4af413c elementor-widget elementor-widget-heading\" data-id=\"4af413c\" data-element_type=\"widget\" data-widget_type=\"heading.default\">\n\t\t\t\t<div class=\"elementor-widget-container\">\n\t\t\t<h2 class=\"elementor-heading-title elementor-size-default\">Einrichtungen <\/h2>\t\t<\/div>\n\t\t\t\t<\/div>\n\t\t\t\t<div class=\"elementor-element elementor-element-852eaff elementor-widget elementor-widget-text-editor\" data-id=\"852eaff\" data-element_type=\"widget\" data-widget_type=\"text-editor.default\">\n\t\t\t\t<div class=\"elementor-widget-container\">\n\t\t\t\t\t\t\t<p>Es gibt ein Caf\u00e9 in fu\u00dfl\u00e4ufiger Entfernung zum Kai. Sie k\u00f6nnen mehr lesen unter <a href=\"http:\/\/www.adelso.nu\/\" target=\"_blank\" rel=\"noopener\">Adels\u00f6 - Oase im M\u00e4larsee<\/a>.<\/p>\t\t\t\t\t\t<\/div>\n\t\t\t\t<\/div>\n\t\t\t\t<div class=\"elementor-element elementor-element-f8a7e55 elementor-widget elementor-widget-heading\" data-id=\"f8a7e55\" data-element_type=\"widget\" data-widget_type=\"heading.default\">\n\t\t\t\t<div class=\"elementor-widget-container\">\n\t\t\t<h2 class=\"elementor-heading-title elementor-size-default\">Zeitplan<\/h2>\t\t<\/div>\n\t\t\t\t<\/div>\n\t\t\t\t<section class=\"elementor-section elementor-inner-section elementor-element elementor-element-9371a38 elementor-section-boxed elementor-section-height-default elementor-section-height-default\" data-id=\"9371a38\" data-element_type=\"section\">\n\t\t\t\t\t\t<div class=\"elementor-container elementor-column-gap-default\">\n\t\t\t\t\t<div class=\"elementor-column elementor-col-50 elementor-inner-column elementor-element elementor-element-5c4502e\" data-id=\"5c4502e\" data-element_type=\"column\">\n\t\t\t<div class=\"elementor-widget-wrap elementor-element-populated\">\n\t\t\t\t\t\t<div class=\"elementor-element elementor-element-4beb9b0 elementor-widget elementor-widget-text-editor\" data-id=\"4beb9b0\" data-element_type=\"widget\" data-widget_type=\"text-editor.default\">\n\t\t\t\t<div class=\"elementor-widget-container\">\n\t\t\t\t\t\t\t<p>Borgm\u00e4starudden<br \/>M\u00e4larhamnen<br \/>Sandviken<br \/>Birka<br \/>Adels\u00f6<br \/><span style=\"color: #00b0fb;\"><strong>Zeit auf Adels\u00f6 zu verbringen<br \/><\/strong><\/span>Adels\u00f6<br \/>Birka<br \/>Sandviken<br \/>M\u00e4larhamnen<br \/>Borgm\u00e4starudden<span style=\"color: #00b0fb;\"><strong><br \/><\/strong><\/span><\/p>\t\t\t\t\t\t<\/div>\n\t\t\t\t<\/div>\n\t\t\t\t\t<\/div>\n\t\t<\/div>\n\t\t\t\t<div class=\"elementor-column elementor-col-50 elementor-inner-column elementor-element elementor-element-99b3151\" data-id=\"99b3151\" data-element_type=\"column\">\n\t\t\t<div class=\"elementor-widget-wrap elementor-element-populated\">\n\t\t\t\t\t\t<div class=\"elementor-element elementor-element-9586188 elementor-widget elementor-widget-text-editor\" data-id=\"9586188\" data-element_type=\"widget\" data-widget_type=\"text-editor.default\">\n\t\t\t\t<div class=\"elementor-widget-container\">\n\t\t\t\t\t\t\t<p>09:45<br \/>10:05<br \/>10:50<br \/>11:30<br \/>11:50<br \/><span style=\"color: #00b0fb;\"><strong>2 Stunden 50 Minuten<br \/><\/strong><\/span>14:40<br \/>15:00<br \/>15:40<br \/>16:25<br \/>16:45<\/p>\t\t\t\t\t\t<\/div>\n\t\t\t\t<\/div>\n\t\t\t\t\t<\/div>\n\t\t<\/div>\n\t\t\t\t\t<\/div>\n\t\t<\/section>\n\t\t\t\t\t<\/div>\n\t\t<\/div>\n\t\t\t\t<div class=\"elementor-column elementor-col-50 elementor-top-column elementor-element elementor-element-07684b2\" data-id=\"07684b2\" data-element_type=\"column\">\n\t\t\t<div class=\"elementor-widget-wrap elementor-element-populated\">\n\t\t\t\t\t\t<div class=\"elementor-element elementor-element-f0d405b elementor-widget elementor-widget-image\" data-id=\"f0d405b\" data-element_type=\"widget\" data-widget_type=\"image.default\">\n\t\t\t\t<div class=\"elementor-widget-container\">\n\t\t\t\t\t\t\t\t\t\t\t\t\t<img fetchpriority=\"high\" decoding=\"async\" width=\"800\" height=\"450\" src=\"https:\/\/dev.wp.ejdern.org\/wp-content\/uploads\/2021\/05\/20200905_130826-1024x576.jpg\" class=\"attachment-large size-large wp-image-1396\" alt=\"\" srcset=\"https:\/\/dev.wp.ejdern.org\/wp-content\/uploads\/2021\/05\/20200905_130826-1024x576.jpg 1024w, https:\/\/dev.wp.ejdern.org\/wp-content\/uploads\/2021\/05\/20200905_130826-300x169.jpg 300w, https:\/\/dev.wp.ejdern.org\/wp-content\/uploads\/2021\/05\/20200905_130826-768x432.jpg 768w, https:\/\/dev.wp.ejdern.org\/wp-content\/uploads\/2021\/05\/20200905_130826-1536x864.jpg 1536w, https:\/\/dev.wp.ejdern.org\/wp-content\/uploads\/2021\/05\/20200905_130826-2048x1152.jpg 2048w, https:\/\/dev.wp.ejdern.org\/wp-content\/uploads\/2021\/05\/20200905_130826-16x9.jpg 16w\" sizes=\"(max-width: 800px) 100vw, 800px\" \/>\t\t\t\t\t\t\t\t\t\t\t\t\t<\/div>\n\t\t\t\t<\/div>\n\t\t\t\t\t<\/div>\n\t\t<\/div>\n\t\t\t\t\t<\/div>\n\t\t<\/section>\n\t\t\t\t<\/div>","protected":false},"excerpt":{"rendered":"<p>Adels\u00f6 Auf einigen unserer Bir-Touren fahren wir weiter nach Adels\u00f6, das \u00fcber gro\u00dfe, wundersch\u00f6ne Naturgebiete mit alten Denkm\u00e4lern und einer sch\u00f6nen Kirche aus dem 12. Hier befindet sich auch der Hovg\u00e5rden. Ein k\u00f6niglicher Hof, der \u00fcber 600 Jahre lang, von der Wikingerzeit bis ins Mittelalter, hier stand. Einrichtungen Es gibt ein Caf\u00e9 in Gehweite des Kais. Sie k\u00f6nnen mehr lesen [...]<\/p>","protected":false},"author":2,"featured_media":0,"parent":0,"menu_order":0,"comment_status":"closed","ping_status":"closed","template":"elementor_header_footer","meta":{"footnotes":""},"class_list":["post-446","page","type-page","status-publish","hentry"],"_links":{"self":[{"href":"https:\/\/dev.wp.ejdern.org\/de\/wp-json\/wp\/v2\/pages\/446","targetHints":{"allow":["GET"]}}],"collection":[{"href":"https:\/\/dev.wp.ejdern.org\/de\/wp-json\/wp\/v2\/pages"}],"about":[{"href":"https:\/\/dev.wp.ejdern.org\/de\/wp-json\/wp\/v2\/types\/page"}],"author":[{"embeddable":true,"href":"https:\/\/dev.wp.ejdern.org\/de\/wp-json\/wp\/v2\/users\/2"}],"replies":[{"embeddable":true,"href":"https:\/\/dev.wp.ejdern.org\/de\/wp-json\/wp\/v2\/comments?post=446"}],"version-history":[{"count":50,"href":"https:\/\/dev.wp.ejdern.org\/de\/wp-json\/wp\/v2\/pages\/446\/revisions"}],"predecessor-version":[{"id":2550,"href":"https:\/\/dev.wp.ejdern.org\/de\/wp-json\/wp\/v2\/pages\/446\/revisions\/2550"}],"wp:attachment":[{"href":"https:\/\/dev.wp.ejdern.org\/de\/wp-json\/wp\/v2\/media?parent=446"}],"curies":[{"name":"wp","href":"https:\/\/api.w.org\/{rel}","templated":true}]}}