{"id":1572,"date":"2021-05-14T13:11:08","date_gmt":"2021-05-14T12:11:08","guid":{"rendered":"https:\/\/dev.wp.ejdern.org\/?page_id=1572"},"modified":"2021-08-09T11:37:50","modified_gmt":"2021-08-09T10:37:50","slug":"charter","status":"publish","type":"page","link":"https:\/\/dev.wp.ejdern.org\/de\/charter\/","title":{"rendered":"Charter"},"content":{"rendered":"<div data-elementor-type=\"wp-page\" data-elementor-id=\"1572\" class=\"elementor elementor-1572\" data-elementor-post-type=\"page\">\n\t\t\t\t\t\t<section class=\"elementor-section elementor-top-section elementor-element elementor-element-1912c01a elementor-section-boxed elementor-section-height-default elementor-section-height-default\" data-id=\"1912c01a\" data-element_type=\"section\">\n\t\t\t\t\t\t<div class=\"elementor-container elementor-column-gap-default\">\n\t\t\t\t\t<div class=\"elementor-column elementor-col-50 elementor-top-column elementor-element elementor-element-eadaa7d\" data-id=\"eadaa7d\" data-element_type=\"column\">\n\t\t\t<div class=\"elementor-widget-wrap elementor-element-populated\">\n\t\t\t\t\t\t<div class=\"elementor-element elementor-element-63994dff elementor-widget elementor-widget-heading\" data-id=\"63994dff\" data-element_type=\"widget\" data-widget_type=\"heading.default\">\n\t\t\t\t<div class=\"elementor-widget-container\">\n\t\t\t<h2 class=\"elementor-heading-title elementor-size-default\">Chartra Ejdern<\/h2>\t\t<\/div>\n\t\t\t\t<\/div>\n\t\t\t\t<div class=\"elementor-element elementor-element-7b664841 elementor-widget elementor-widget-text-editor\" data-id=\"7b664841\" data-element_type=\"widget\" data-widget_type=\"text-editor.default\">\n\t\t\t\t<div class=\"elementor-widget-container\">\n\t\t\t\t\t\t\t<p>Sie k\u00f6nnen die Ejdern f\u00fcr ein paar Stunden oder einen ganzen Tag chartern. Auf dem Achterdeck k\u00f6nnen wir 24 G\u00e4ste unterbringen. Wenn Sie eine Mingle-Party veranstalten wollen, sind etwa 40 G\u00e4ste eine gute Zahl, obwohl wir 85 G\u00e4ste aufnehmen k\u00f6nnen. Wir k\u00f6nnen Catering arrangieren und Sie bringen Ihre eigenen st\u00e4rkeren Getr\u00e4nke mit. Sie k\u00f6nnen eines unserer Ziele w\u00e4hlen oder wir k\u00f6nnen etwas f\u00fcr Sie ma\u00dfschneidern.<\/p>\t\t\t\t\t\t<\/div>\n\t\t\t\t<\/div>\n\t\t\t\t<div class=\"elementor-element elementor-element-5ee1bc99 elementor-widget elementor-widget-heading\" data-id=\"5ee1bc99\" data-element_type=\"widget\" data-widget_type=\"heading.default\">\n\t\t\t\t<div class=\"elementor-widget-container\">\n\t\t\t<h2 class=\"elementor-heading-title elementor-size-default\">Preise<\/h2>\t\t<\/div>\n\t\t\t\t<\/div>\n\t\t\t\t<div class=\"elementor-element elementor-element-4bbbe5b elementor-widget elementor-widget-text-editor\" data-id=\"4bbbe5b\" data-element_type=\"widget\" data-widget_type=\"text-editor.default\">\n\t\t\t\t<div class=\"elementor-widget-container\">\n\t\t\t\t\t\t\t<p>Bis zu vier Stunden 15 000 SEK. Zum Beispiel bei einem Gesch\u00e4ftsessen im Schloss Kaggeholm (Helg\u00f6).<\/p><p>Zwischen vier und acht Stunden 25 000 SEK. Dann kann ein Ausflug nach Birka, Taxinge, Mariefred, Schloss Engsholm, Schloss M\u00e4ls\u00e5ker oder Oaxen ein sch\u00f6ner Ausflug sein.<\/p><p>Bis zu vierzehn Stunden 32 000 SEK. Wenn Sie sich einen ganzen Tag lang um Ihre G\u00e4ste k\u00fcmmern wollen, k\u00f6nnen wir Ihnen Stallarholmen, Str\u00e4ngn\u00e4s oder Stockholm empfehlen.<\/p>\t\t\t\t\t\t<\/div>\n\t\t\t\t<\/div>\n\t\t\t\t<div class=\"elementor-element elementor-element-c3837f0 elementor-widget elementor-widget-heading\" data-id=\"c3837f0\" data-element_type=\"widget\" data-widget_type=\"heading.default\">\n\t\t\t\t<div class=\"elementor-widget-container\">\n\t\t\t<h2 class=\"elementor-heading-title elementor-size-default\">Verpflegung<\/h2>\t\t<\/div>\n\t\t\t\t<\/div>\n\t\t\t\t<div class=\"elementor-element elementor-element-bd0a690 elementor-widget elementor-widget-text-editor\" data-id=\"bd0a690\" data-element_type=\"widget\" data-widget_type=\"text-editor.default\">\n\t\t\t\t<div class=\"elementor-widget-container\">\n\t\t\t\t\t\t\t<p>Kontaktieren Sie das B\u00fcro \u00fcber <a href=\"mailto:kansliet@ejdern.org\">Mail<\/a> oder rufen Sie 08 550 110 20 an und wir k\u00fcmmern uns darum.<\/p>\t\t\t\t\t\t<\/div>\n\t\t\t\t<\/div>\n\t\t\t\t<div class=\"elementor-element elementor-element-c265463 elementor-widget elementor-widget-image\" data-id=\"c265463\" data-element_type=\"widget\" data-widget_type=\"image.default\">\n\t\t\t\t<div class=\"elementor-widget-container\">\n\t\t\t\t\t\t\t\t\t\t\t\t\t<img fetchpriority=\"high\" decoding=\"async\" width=\"266\" height=\"190\" src=\"https:\/\/dev.wp.ejdern.org\/wp-content\/uploads\/2021\/05\/blombukett.jpg\" class=\"attachment-large size-large wp-image-1596\" alt=\"\" srcset=\"https:\/\/dev.wp.ejdern.org\/wp-content\/uploads\/2021\/05\/blombukett.jpg 266w, https:\/\/dev.wp.ejdern.org\/wp-content\/uploads\/2021\/05\/blombukett-16x12.jpg 16w\" sizes=\"(max-width: 266px) 100vw, 266px\" \/>\t\t\t\t\t\t\t\t\t\t\t\t\t<\/div>\n\t\t\t\t<\/div>\n\t\t\t\t\t<\/div>\n\t\t<\/div>\n\t\t\t\t<div class=\"elementor-column elementor-col-50 elementor-top-column elementor-element elementor-element-63339ff\" data-id=\"63339ff\" data-element_type=\"column\">\n\t\t\t<div class=\"elementor-widget-wrap elementor-element-populated\">\n\t\t\t\t\t\t<div class=\"elementor-element elementor-element-cef3af7 elementor-widget elementor-widget-image\" data-id=\"cef3af7\" data-element_type=\"widget\" data-widget_type=\"image.default\">\n\t\t\t\t<div class=\"elementor-widget-container\">\n\t\t\t\t\t\t\t\t\t\t\t\t\t<img decoding=\"async\" width=\"576\" height=\"1024\" src=\"https:\/\/dev.wp.ejdern.org\/wp-content\/uploads\/2021\/05\/Charter-576x1024.jpg\" class=\"attachment-large size-large wp-image-1595\" alt=\"\" srcset=\"https:\/\/dev.wp.ejdern.org\/wp-content\/uploads\/2021\/05\/Charter-576x1024.jpg 576w, https:\/\/dev.wp.ejdern.org\/wp-content\/uploads\/2021\/05\/Charter-169x300.jpg 169w, https:\/\/dev.wp.ejdern.org\/wp-content\/uploads\/2021\/05\/Charter-768x1365.jpg 768w, https:\/\/dev.wp.ejdern.org\/wp-content\/uploads\/2021\/05\/Charter-864x1536.jpg 864w, https:\/\/dev.wp.ejdern.org\/wp-content\/uploads\/2021\/05\/Charter-1152x2048.jpg 1152w, https:\/\/dev.wp.ejdern.org\/wp-content\/uploads\/2021\/05\/Charter-7x12.jpg 7w, https:\/\/dev.wp.ejdern.org\/wp-content\/uploads\/2021\/05\/Charter-scaled.jpg 1440w\" sizes=\"(max-width: 576px) 100vw, 576px\" \/>\t\t\t\t\t\t\t\t\t\t\t\t\t<\/div>\n\t\t\t\t<\/div>\n\t\t\t\t\t<\/div>\n\t\t<\/div>\n\t\t\t\t\t<\/div>\n\t\t<\/section>\n\t\t\t\t<\/div>","protected":false},"excerpt":{"rendered":"<p>Chartern Sie die Eider Sie k\u00f6nnen die Eider f\u00fcr einige Stunden oder einen ganzen Tag chartern. Auf dem Achterdeck k\u00f6nnen wir 24 G\u00e4ste mit Sitzpl\u00e4tzen versorgen. Wenn Sie eine muntere Party veranstalten m\u00f6chten, sind etwa 40 G\u00e4ste eine gute Zahl, obwohl wir 85 G\u00e4ste aufnehmen k\u00f6nnen. Wir k\u00f6nnen ein Catering organisieren und Sie bringen Ihre eigenen st\u00e4rkeren Getr\u00e4nke mit. [...]<\/p>","protected":false},"author":2,"featured_media":0,"parent":0,"menu_order":0,"comment_status":"closed","ping_status":"closed","template":"","meta":{"footnotes":""},"class_list":["post-1572","page","type-page","status-publish","hentry"],"_links":{"self":[{"href":"https:\/\/dev.wp.ejdern.org\/de\/wp-json\/wp\/v2\/pages\/1572","targetHints":{"allow":["GET"]}}],"collection":[{"href":"https:\/\/dev.wp.ejdern.org\/de\/wp-json\/wp\/v2\/pages"}],"about":[{"href":"https:\/\/dev.wp.ejdern.org\/de\/wp-json\/wp\/v2\/types\/page"}],"author":[{"embeddable":true,"href":"https:\/\/dev.wp.ejdern.org\/de\/wp-json\/wp\/v2\/users\/2"}],"replies":[{"embeddable":true,"href":"https:\/\/dev.wp.ejdern.org\/de\/wp-json\/wp\/v2\/comments?post=1572"}],"version-history":[{"count":28,"href":"https:\/\/dev.wp.ejdern.org\/de\/wp-json\/wp\/v2\/pages\/1572\/revisions"}],"predecessor-version":[{"id":2323,"href":"https:\/\/dev.wp.ejdern.org\/de\/wp-json\/wp\/v2\/pages\/1572\/revisions\/2323"}],"wp:attachment":[{"href":"https:\/\/dev.wp.ejdern.org\/de\/wp-json\/wp\/v2\/media?parent=1572"}],"curies":[{"name":"wp","href":"https:\/\/api.w.org\/{rel}","templated":true}]}}