{"id":1449,"date":"2021-05-05T11:07:08","date_gmt":"2021-05-05T10:07:08","guid":{"rendered":"https:\/\/dev.wp.ejdern.org\/?page_id=1449"},"modified":"2022-05-16T06:50:20","modified_gmt":"2022-05-16T05:50:20","slug":"farstanas","status":"publish","type":"page","link":"https:\/\/dev.wp.ejdern.org\/de\/farstanas\/","title":{"rendered":"Farstan\u00e4s"},"content":{"rendered":"<div data-elementor-type=\"wp-page\" data-elementor-id=\"1449\" class=\"elementor elementor-1449\" data-elementor-post-type=\"page\">\n\t\t\t\t\t\t<section class=\"elementor-section elementor-top-section elementor-element elementor-element-542c0115 elementor-section-boxed elementor-section-height-default elementor-section-height-default\" data-id=\"542c0115\" data-element_type=\"section\">\n\t\t\t\t\t\t<div class=\"elementor-container elementor-column-gap-default\">\n\t\t\t\t\t<div class=\"elementor-column elementor-col-50 elementor-top-column elementor-element elementor-element-1a0c6453\" data-id=\"1a0c6453\" data-element_type=\"column\">\n\t\t\t<div class=\"elementor-widget-wrap elementor-element-populated\">\n\t\t\t\t\t\t<div class=\"elementor-element elementor-element-6f520a43 elementor-widget elementor-widget-heading\" data-id=\"6f520a43\" data-element_type=\"widget\" data-widget_type=\"heading.default\">\n\t\t\t\t<div class=\"elementor-widget-container\">\n\t\t\t<h2 class=\"elementor-heading-title elementor-size-default\">Farstan\u00e4s<\/h2>\t\t<\/div>\n\t\t\t\t<\/div>\n\t\t\t\t<div class=\"elementor-element elementor-element-77f177c7 elementor-widget elementor-widget-text-editor\" data-id=\"77f177c7\" data-element_type=\"widget\" data-widget_type=\"text-editor.default\">\n\t\t\t\t<div class=\"elementor-widget-container\">\n\t\t\t\t\t\t\t<p>Farstan\u00e4s ist der Ort, an dem unsere Badeausfl\u00fcge stattfinden. <a href=\"https:\/\/secure.tickster.com\/mnv230cm7bhnk6c\">Hier k\u00f6nnen Sie<\/a> Sie buchen ein Ticket.<\/p>\t\t\t\t\t\t<\/div>\n\t\t\t\t<\/div>\n\t\t\t\t<div class=\"elementor-element elementor-element-c993ffb elementor-widget elementor-widget-heading\" data-id=\"c993ffb\" data-element_type=\"widget\" data-widget_type=\"heading.default\">\n\t\t\t\t<div class=\"elementor-widget-container\">\n\t\t\t<h2 class=\"elementor-heading-title elementor-size-default\">Einrichtungen<\/h2>\t\t<\/div>\n\t\t\t\t<\/div>\n\t\t\t\t<div class=\"elementor-element elementor-element-8fda50f elementor-widget elementor-widget-text-editor\" data-id=\"8fda50f\" data-element_type=\"widget\" data-widget_type=\"text-editor.default\">\n\t\t\t\t<div class=\"elementor-widget-container\">\n\t\t\t\t\t\t\t<p>Nat\u00fcrlich, ein richtiger Strand, Toiletten, Kiosk und Cafeteria.<\/p>\t\t\t\t\t\t<\/div>\n\t\t\t\t<\/div>\n\t\t\t\t<div class=\"elementor-element elementor-element-2d40d7bc elementor-widget elementor-widget-heading\" data-id=\"2d40d7bc\" data-element_type=\"widget\" data-widget_type=\"heading.default\">\n\t\t\t\t<div class=\"elementor-widget-container\">\n\t\t\t<h2 class=\"elementor-heading-title elementor-size-default\">Zeitplan<\/h2>\t\t<\/div>\n\t\t\t\t<\/div>\n\t\t\t\t<section class=\"elementor-section elementor-inner-section elementor-element elementor-element-48f6f3c elementor-section-boxed elementor-section-height-default elementor-section-height-default\" data-id=\"48f6f3c\" data-element_type=\"section\">\n\t\t\t\t\t\t<div class=\"elementor-container elementor-column-gap-default\">\n\t\t\t\t\t<div class=\"elementor-column elementor-col-50 elementor-inner-column elementor-element elementor-element-43f1b72\" data-id=\"43f1b72\" data-element_type=\"column\">\n\t\t\t<div class=\"elementor-widget-wrap elementor-element-populated\">\n\t\t\t\t\t\t<div class=\"elementor-element elementor-element-e736cbd elementor-widget elementor-widget-text-editor\" data-id=\"e736cbd\" data-element_type=\"widget\" data-widget_type=\"text-editor.default\">\n\t\t\t\t<div class=\"elementor-widget-container\">\n\t\t\t\t\t\t\t<p>Borgm\u00e4starudden<br \/>Farstn\u00e4s<br \/><span style=\"color: #00b0fb;\"><strong>Zeit f\u00fcr Sonne und Baden<br \/><\/strong><\/span>Farstn\u00e4s<br \/>Borgm\u00e4starudden<span style=\"color: #00b0fb;\"><strong><br \/><\/strong><\/span><\/p>\t\t\t\t\t\t<\/div>\n\t\t\t\t<\/div>\n\t\t\t\t\t<\/div>\n\t\t<\/div>\n\t\t\t\t<div class=\"elementor-column elementor-col-50 elementor-inner-column elementor-element elementor-element-ffd95eb\" data-id=\"ffd95eb\" data-element_type=\"column\">\n\t\t\t<div class=\"elementor-widget-wrap elementor-element-populated\">\n\t\t\t\t\t\t<div class=\"elementor-element elementor-element-f12041d elementor-widget elementor-widget-text-editor\" data-id=\"f12041d\" data-element_type=\"widget\" data-widget_type=\"text-editor.default\">\n\t\t\t\t<div class=\"elementor-widget-container\">\n\t\t\t\t\t\t\t<p>10:00<br \/>11:00<br \/><span style=\"color: #00b0fb;\"><strong>4 Stunden<br \/><\/strong><\/span>15:00<br \/>16:00<\/p>\t\t\t\t\t\t<\/div>\n\t\t\t\t<\/div>\n\t\t\t\t\t<\/div>\n\t\t<\/div>\n\t\t\t\t\t<\/div>\n\t\t<\/section>\n\t\t\t\t\t<\/div>\n\t\t<\/div>\n\t\t\t\t<div class=\"elementor-column elementor-col-50 elementor-top-column elementor-element elementor-element-230b964c\" data-id=\"230b964c\" data-element_type=\"column\">\n\t\t\t<div class=\"elementor-widget-wrap elementor-element-populated\">\n\t\t\t\t\t\t<div class=\"elementor-element elementor-element-b46455e elementor-widget elementor-widget-video\" data-id=\"b46455e\" data-element_type=\"widget\" data-settings=\"{&quot;video_type&quot;:&quot;hosted&quot;,&quot;autoplay&quot;:&quot;yes&quot;,&quot;mute&quot;:&quot;yes&quot;,&quot;loop&quot;:&quot;yes&quot;,&quot;controls&quot;:&quot;yes&quot;}\" data-widget_type=\"video.default\">\n\t\t\t\t<div class=\"elementor-widget-container\">\n\t\t\t\t\t<div class=\"e-hosted-video elementor-wrapper elementor-open-inline\">\n\t\t\t\t\t<video class=\"elementor-video\" src=\"https:\/\/dev.wp.ejdern.org\/wp-content\/uploads\/2021\/05\/Farstanas.mp4\" autoplay=\"\" loop=\"\" controls=\"\" muted=\"muted\" controlslist=\"nodownload\"><\/video>\n\t\t\t\t<\/div>\n\t\t\t\t<\/div>\n\t\t\t\t<\/div>\n\t\t\t\t\t<\/div>\n\t\t<\/div>\n\t\t\t\t\t<\/div>\n\t\t<\/section>\n\t\t\t\t<\/div>","protected":false},"excerpt":{"rendered":"<p>Farstan\u00e4s Farstan\u00e4s ist das Ziel unserer Badeausfl\u00fcge. Hier k\u00f6nnen Sie ein Ticket buchen. Einrichtungen Nat\u00fcrlich gibt es einen richtigen Strand, Toiletten, einen Kiosk und eine Cafeteria. Fahrplan Borgm\u00e4staruddenFarstn\u00e4sSonnen- und BadezeitFarstn\u00e4sBorgm\u00e4starudden 10:0011:004 Stunden15:0016:00 https:\/\/dev.wp.ejdern.org\/wp-content\/uploads\/2021\/05\/Farstanas.mp4<\/p>","protected":false},"author":1,"featured_media":0,"parent":0,"menu_order":0,"comment_status":"closed","ping_status":"closed","template":"","meta":{"footnotes":""},"class_list":["post-1449","page","type-page","status-publish","hentry"],"_links":{"self":[{"href":"https:\/\/dev.wp.ejdern.org\/de\/wp-json\/wp\/v2\/pages\/1449","targetHints":{"allow":["GET"]}}],"collection":[{"href":"https:\/\/dev.wp.ejdern.org\/de\/wp-json\/wp\/v2\/pages"}],"about":[{"href":"https:\/\/dev.wp.ejdern.org\/de\/wp-json\/wp\/v2\/types\/page"}],"author":[{"embeddable":true,"href":"https:\/\/dev.wp.ejdern.org\/de\/wp-json\/wp\/v2\/users\/1"}],"replies":[{"embeddable":true,"href":"https:\/\/dev.wp.ejdern.org\/de\/wp-json\/wp\/v2\/comments?post=1449"}],"version-history":[{"count":22,"href":"https:\/\/dev.wp.ejdern.org\/de\/wp-json\/wp\/v2\/pages\/1449\/revisions"}],"predecessor-version":[{"id":2862,"href":"https:\/\/dev.wp.ejdern.org\/de\/wp-json\/wp\/v2\/pages\/1449\/revisions\/2862"}],"wp:attachment":[{"href":"https:\/\/dev.wp.ejdern.org\/de\/wp-json\/wp\/v2\/media?parent=1449"}],"curies":[{"name":"wp","href":"https:\/\/api.w.org\/{rel}","templated":true}]}}