{"id":105,"date":"2021-02-07T08:35:32","date_gmt":"2021-02-07T07:35:32","guid":{"rendered":"https:\/\/dev.wp.ejdern.org\/?page_id=105"},"modified":"2022-06-25T17:18:02","modified_gmt":"2022-06-25T16:18:02","slug":"home","status":"publish","type":"page","link":"https:\/\/dev.wp.ejdern.org\/de\/","title":{"rendered":"Startseite"},"content":{"rendered":"<div data-elementor-type=\"wp-page\" data-elementor-id=\"105\" class=\"elementor elementor-105\" data-elementor-post-type=\"page\">\n\t\t\t\t\t\t<section class=\"elementor-section elementor-top-section elementor-element elementor-element-9e7f257 elementor-section-boxed elementor-section-height-default elementor-section-height-default\" data-id=\"9e7f257\" data-element_type=\"section\">\n\t\t\t\t\t\t<div class=\"elementor-container elementor-column-gap-default\">\n\t\t\t\t\t<div class=\"elementor-column elementor-col-100 elementor-top-column elementor-element elementor-element-fdb5e4c\" data-id=\"fdb5e4c\" data-element_type=\"column\">\n\t\t\t<div class=\"elementor-widget-wrap elementor-element-populated\">\n\t\t\t\t\t\t<div class=\"elementor-element elementor-element-496e771 elementor-widget elementor-widget-text-editor\" data-id=\"496e771\" data-element_type=\"widget\" data-widget_type=\"text-editor.default\">\n\t\t\t\t<div class=\"elementor-widget-container\">\n\t\t\t\t\t\t\t<p style=\"text-align: center;\">\u00dcbersetzungen powered by TranslatePress und DeepL Pro<br \/>Bitte beachte, dass <a href=\"https:\/\/techcommunity.microsoft.com\/t5\/microsoft-365-blog\/microsoft-365-apps-say-farewell-to-internet-explorer-11-and\/ba-p\/1591666\">MS Internet Explorer<\/a> unterst\u00fctzt diese Seiten nicht<\/p>\t\t\t\t\t\t<\/div>\n\t\t\t\t<\/div>\n\t\t\t\t<div class=\"elementor-element elementor-element-4c52dc5 elementor-arrows-position-inside elementor-pagination-position-outside elementor-widget elementor-widget-image-carousel\" data-id=\"4c52dc5\" data-element_type=\"widget\" data-settings=\"{&quot;_animation&quot;:&quot;none&quot;,&quot;navigation&quot;:&quot;both&quot;,&quot;autoplay&quot;:&quot;yes&quot;,&quot;pause_on_hover&quot;:&quot;yes&quot;,&quot;pause_on_interaction&quot;:&quot;yes&quot;,&quot;autoplay_speed&quot;:5000,&quot;infinite&quot;:&quot;yes&quot;,&quot;speed&quot;:500}\" data-widget_type=\"image-carousel.default\">\n\t\t\t\t<div class=\"elementor-widget-container\">\n\t\t\t\t\t<div class=\"elementor-image-carousel-wrapper swiper\" dir=\"ltr\">\n\t\t\t<div class=\"elementor-image-carousel swiper-wrapper\" aria-live=\"off\">\n\t\t\t\t\t\t\t\t<div class=\"swiper-slide\" role=\"group\" aria-roledescription=\"slide\" aria-label=\"1 von 4\"><figure class=\"swiper-slide-inner\"><img decoding=\"async\" class=\"swiper-slide-image\" src=\"https:\/\/dev.wp.ejdern.org\/wp-content\/uploads\/2021\/02\/Lightroom-3339-scaled-e1612688112174.jpg\" alt=\"Lightroom-3339\" \/><\/figure><\/div><div class=\"swiper-slide\" role=\"group\" aria-roledescription=\"slide\" aria-label=\"2 von 4\"><figure class=\"swiper-slide-inner\"><img decoding=\"async\" class=\"swiper-slide-image\" src=\"https:\/\/dev.wp.ejdern.org\/wp-content\/uploads\/2021\/05\/Slandon-2560x1440-1.jpg\" alt=\"Sland\u00f6n 2560x1440\" \/><\/figure><\/div><div class=\"swiper-slide\" role=\"group\" aria-roledescription=\"slide\" aria-label=\"3 von 4\"><figure class=\"swiper-slide-inner\"><img decoding=\"async\" class=\"swiper-slide-image\" src=\"https:\/\/dev.wp.ejdern.org\/wp-content\/uploads\/2021\/04\/Birka2.jpg\" alt=\"Birka2\" \/><\/figure><\/div><div class=\"swiper-slide\" role=\"group\" aria-roledescription=\"slide\" aria-label=\"4 von 4\"><figure class=\"swiper-slide-inner\"><img decoding=\"async\" class=\"swiper-slide-image\" src=\"https:\/\/dev.wp.ejdern.org\/wp-content\/uploads\/2021\/05\/2560x1440.jpg\" alt=\"2560x1440\" \/><\/figure><\/div>\t\t\t<\/div>\n\t\t\t\t\t\t\t\t\t\t\t\t<div class=\"elementor-swiper-button elementor-swiper-button-prev\" role=\"button\" tabindex=\"0\">\n\t\t\t\t\t\t<i aria-hidden=\"true\" class=\"eicon-chevron-left\"><\/i>\t\t\t\t\t<\/div>\n\t\t\t\t\t<div class=\"elementor-swiper-button elementor-swiper-button-next\" role=\"button\" tabindex=\"0\">\n\t\t\t\t\t\t<i aria-hidden=\"true\" class=\"eicon-chevron-right\"><\/i>\t\t\t\t\t<\/div>\n\t\t\t\t\n\t\t\t\t\t\t\t\t\t<div class=\"swiper-pagination\"><\/div>\n\t\t\t\t\t\t\t\t\t<\/div>\n\t\t\t\t<\/div>\n\t\t\t\t<\/div>\n\t\t\t\t\t<\/div>\n\t\t<\/div>\n\t\t\t\t\t<\/div>\n\t\t<\/section>\n\t\t\t\t<section class=\"elementor-section elementor-top-section elementor-element elementor-element-f795fe4 elementor-section-boxed elementor-section-height-default elementor-section-height-default\" data-id=\"f795fe4\" data-element_type=\"section\">\n\t\t\t\t\t\t<div class=\"elementor-container elementor-column-gap-default\">\n\t\t\t\t\t<div class=\"elementor-column elementor-col-50 elementor-top-column elementor-element elementor-element-362b7e4\" data-id=\"362b7e4\" data-element_type=\"column\">\n\t\t\t<div class=\"elementor-widget-wrap elementor-element-populated\">\n\t\t\t\t\t\t<div class=\"elementor-element elementor-element-06378bd elementor-widget elementor-widget-text-editor\" data-id=\"06378bd\" data-element_type=\"widget\" data-widget_type=\"text-editor.default\">\n\t\t\t\t<div class=\"elementor-widget-container\">\n\t\t\t\t\t\t\t<p>Die S \/ S Ejdern wurde 1880 in G\u00f6teborgs mechanischer Werkstatt f\u00fcr den K\u00fcstenverkehr im G\u00f6teborger Archipel gebaut und am 14. Mai desselben Jahres gestartet. Zwischen den Jahren 1898 und 1906 handelte Ejdern mit den Gew\u00e4ssern um den Roxensee, um schlie\u00dflich in S\u00f6dert\u00e4lje zu landen.<\/p><p>Und heute ist sie das \u00c4lteste Propeller-Kohle-Dampfschiff der Welt, dessen Originalmaschine noch in Betrieb ist. <a href=\"https:\/\/dev.wp.ejdern.org\/de\/om\/\">Mehr \u00fcber das Schiff und den Verein<\/a>.<\/p>\t\t\t\t\t\t<\/div>\n\t\t\t\t<\/div>\n\t\t\t\t<div class=\"elementor-element elementor-element-6680bd9 elementor-widget elementor-widget-heading\" data-id=\"6680bd9\" data-element_type=\"widget\" data-widget_type=\"heading.default\">\n\t\t\t\t<div class=\"elementor-widget-container\">\n\t\t\t<h2 class=\"elementor-heading-title elementor-size-default\">Der Museumsverein \u00c5ngfartyget Ejdern<\/h2>\t\t<\/div>\n\t\t\t\t<\/div>\n\t\t\t\t<div class=\"elementor-element elementor-element-0ad4c33 elementor-widget elementor-widget-text-editor\" data-id=\"0ad4c33\" data-element_type=\"widget\" data-widget_type=\"text-editor.default\">\n\t\t\t\t<div class=\"elementor-widget-container\">\n\t\t\t\t\t\t\t<p>Der Museumsverband \u00c5ngfartyget Ejdern soll daf\u00fcr sorgen, dass S \/ S Ejdern - durch freiwillige Bem\u00fchungen innerhalb des Vereins - als lebendiges historisches Kommunikationsdenkmal in S\u00f6dert\u00e4lje erhalten bleibt. <a href=\"https:\/\/dev.wp.ejdern.org\/de\/om\/\">Mehr \u00fcber das Schiff und den Verein<\/a>.<\/p>\t\t\t\t\t\t<\/div>\n\t\t\t\t<\/div>\n\t\t\t\t<div class=\"elementor-element elementor-element-98e608a elementor-widget elementor-widget-heading\" data-id=\"98e608a\" data-element_type=\"widget\" data-widget_type=\"heading.default\">\n\t\t\t\t<div class=\"elementor-widget-container\">\n\t\t\t<h2 class=\"elementor-heading-title elementor-size-default\">Anmelden<\/h2>\t\t<\/div>\n\t\t\t\t<\/div>\n\t\t\t\t<div class=\"elementor-element elementor-element-4582bf8 elementor-widget elementor-widget-text-editor\" data-id=\"4582bf8\" data-element_type=\"widget\" data-widget_type=\"text-editor.default\">\n\t\t\t\t<div class=\"elementor-widget-container\">\n\t\t\t\t\t\t\t<p>Sie werden Mitglied, indem Sie den Mitgliedsbeitrag bei Bankgiro 826-8302 oder Swisha unter 123 033 79 64 hinterlegen.<br \/>Die Mitgliedschaft kostet 200 SEK pro Jahr f\u00fcr eine Person oder 300 SEK pro Jahr f\u00fcr eine Familie (Kinder unter 18 Jahren, die zu Hause leben).<br \/>Senden Sie mit Postanschrift und \/ oder E-Mail-Adresse.<br \/>Als Mitglied unterst\u00fctzen Sie die Erhaltung der Eider und erhalten vier Informationsbl\u00e4tter pro Jahr sowie die M\u00f6glichkeit, f\u00fcr ein g\u00fcnstiges Geld die j\u00e4hrliche Mitgliederreise zu unternehmen.<\/p>\t\t\t\t\t\t<\/div>\n\t\t\t\t<\/div>\n\t\t\t\t<div class=\"elementor-element elementor-element-512881f elementor-widget elementor-widget-heading\" data-id=\"512881f\" data-element_type=\"widget\" data-widget_type=\"heading.default\">\n\t\t\t\t<div class=\"elementor-widget-container\">\n\t\t\t<h2 class=\"elementor-heading-title elementor-size-default\">Arbeiten Sie an Bord<\/h2>\t\t<\/div>\n\t\t\t\t<\/div>\n\t\t\t\t<div class=\"elementor-element elementor-element-a648c73 elementor-widget elementor-widget-text-editor\" data-id=\"a648c73\" data-element_type=\"widget\" data-widget_type=\"text-editor.default\">\n\t\t\t\t<div class=\"elementor-widget-container\">\n\t\t\t\t\t\t\t<p>Sind Sie 16 Jahre oder \u00e4lter und m\u00f6chten das Leben eines Seemanns ausprobieren? Dann sind Sie herzlich willkommen im Boot, um Ihr Interesse zu registrieren. Oder melden Sie sich per E-Mail an <a href=\"mailto:kansliet@ejdern.org\">Kanzleramt<\/a>.<\/p>\t\t\t\t\t\t<\/div>\n\t\t\t\t<\/div>\n\t\t\t\t\t<\/div>\n\t\t<\/div>\n\t\t\t\t<div class=\"elementor-column elementor-col-50 elementor-top-column elementor-element elementor-element-805b1e8\" data-id=\"805b1e8\" data-element_type=\"column\">\n\t\t\t<div class=\"elementor-widget-wrap elementor-element-populated\">\n\t\t\t\t\t\t<div class=\"elementor-element elementor-element-6b2a1db elementor-widget elementor-widget-heading\" data-id=\"6b2a1db\" data-element_type=\"widget\" data-widget_type=\"heading.default\">\n\t\t\t\t<div class=\"elementor-widget-container\">\n\t\t\t<h2 class=\"elementor-heading-title elementor-size-default\">Willkommen bei S \/ S Ejdern<\/h2>\t\t<\/div>\n\t\t\t\t<\/div>\n\t\t\t\t<div class=\"elementor-element elementor-element-923dff4 elementor-widget elementor-widget-text-editor\" data-id=\"923dff4\" data-element_type=\"widget\" data-widget_type=\"text-editor.default\">\n\t\t\t\t<div class=\"elementor-widget-container\">\n\t\t\t\t\t\t\t<ul><li>Touren zwischen Stallarholmen und Schloss M\u00e4ls\u00e5ker.<\/li><li>Liederfest auf Schloss M\u00e4ls\u00e5ker.<\/li><li>Wikingerfest in Stallarholmen mit Touren ab Str\u00e4ngn\u00e4s.<\/li><li>Wildschweinzunft auf Birka mit Touren von M\u00e4larhamnen (S\u00f6dert\u00e4lje) und Stallarholmen.<\/li><li>Tag des Dampfschiffs und der Sch\u00e4renboote.<\/li><li>Birka und Adels\u00f6 nat\u00fcrlich.<\/li><li>Schloss Taxinge.<\/li><li>Mariefred.<\/li><\/ul><div>\u00a0<\/div><div>Wir werden sie erg\u00e4nzen, sobald wir neue Ziele gefunden haben.<\/div>\t\t\t\t\t\t<\/div>\n\t\t\t\t<\/div>\n\t\t\t\t\t<\/div>\n\t\t<\/div>\n\t\t\t\t\t<\/div>\n\t\t<\/section>\n\t\t\t\t<section class=\"elementor-section elementor-top-section elementor-element elementor-element-c66159e elementor-section-boxed elementor-section-height-default elementor-section-height-default\" data-id=\"c66159e\" data-element_type=\"section\">\n\t\t\t\t\t\t<div class=\"elementor-container elementor-column-gap-default\">\n\t\t\t\t\t<div class=\"elementor-column elementor-col-100 elementor-top-column elementor-element elementor-element-f259ad7\" data-id=\"f259ad7\" data-element_type=\"column\">\n\t\t\t<div class=\"elementor-widget-wrap\">\n\t\t\t\t\t\t\t<\/div>\n\t\t<\/div>\n\t\t\t\t\t<\/div>\n\t\t<\/section>\n\t\t\t\t<section class=\"elementor-section elementor-top-section elementor-element elementor-element-ccb1e5a elementor-section-boxed elementor-section-height-default elementor-section-height-default\" data-id=\"ccb1e5a\" data-element_type=\"section\">\n\t\t\t\t\t\t<div class=\"elementor-container elementor-column-gap-default\">\n\t\t\t\t\t<div class=\"elementor-column elementor-col-100 elementor-top-column elementor-element elementor-element-0e91b52\" data-id=\"0e91b52\" data-element_type=\"column\">\n\t\t\t<div class=\"elementor-widget-wrap\">\n\t\t\t\t\t\t\t<\/div>\n\t\t<\/div>\n\t\t\t\t\t<\/div>\n\t\t<\/section>\n\t\t\t\t<\/div>","protected":false},"excerpt":{"rendered":"<p>\u00dcbersetzungen powered by TranslatePress und DeepL ProBitte beachten Sie, dass der MS Internet Explorer diese Seiten nicht unterst\u00fctzt Voriges N\u00e4chstes Die S\/S Ejdern wurde 1880 in der mechanischen Werkstatt von G\u00f6teborg f\u00fcr den K\u00fcstendienst in den G\u00f6teborger Sch\u00e4ren gebaut und am 14. Mai desselben Jahres vom Stapel gelassen. Zwischen 1898 und 1906 war die Ejdern in den Gew\u00e4ssern um den Roxen-See unterwegs, um [...]<\/p>","protected":false},"author":2,"featured_media":0,"parent":0,"menu_order":0,"comment_status":"closed","ping_status":"closed","template":"elementor_header_footer","meta":{"footnotes":""},"class_list":["post-105","page","type-page","status-publish","hentry"],"_links":{"self":[{"href":"https:\/\/dev.wp.ejdern.org\/de\/wp-json\/wp\/v2\/pages\/105","targetHints":{"allow":["GET"]}}],"collection":[{"href":"https:\/\/dev.wp.ejdern.org\/de\/wp-json\/wp\/v2\/pages"}],"about":[{"href":"https:\/\/dev.wp.ejdern.org\/de\/wp-json\/wp\/v2\/types\/page"}],"author":[{"embeddable":true,"href":"https:\/\/dev.wp.ejdern.org\/de\/wp-json\/wp\/v2\/users\/2"}],"replies":[{"embeddable":true,"href":"https:\/\/dev.wp.ejdern.org\/de\/wp-json\/wp\/v2\/comments?post=105"}],"version-history":[{"count":541,"href":"https:\/\/dev.wp.ejdern.org\/de\/wp-json\/wp\/v2\/pages\/105\/revisions"}],"predecessor-version":[{"id":2954,"href":"https:\/\/dev.wp.ejdern.org\/de\/wp-json\/wp\/v2\/pages\/105\/revisions\/2954"}],"wp:attachment":[{"href":"https:\/\/dev.wp.ejdern.org\/de\/wp-json\/wp\/v2\/media?parent=105"}],"curies":[{"name":"wp","href":"https:\/\/api.w.org\/{rel}","templated":true}]}}